{"id":6162,"date":"2025-06-28T17:42:45","date_gmt":"2025-06-28T15:42:45","guid":{"rendered":"https:\/\/uj.adatbank.ro\/lexikon\/termek\/csernatoni-vajda-istvan-alsocsernatoni\/"},"modified":"2025-06-28T17:42:45","modified_gmt":"2025-06-28T15:42:45","slug":"csernatoni-vajda-istvan-alsocsernatoni","status":"publish","type":"product","link":"https:\/\/uj.adatbank.ro\/lexikon\/termek\/csernatoni-vajda-istvan-alsocsernatoni\/","title":{"rendered":"CSERN\u00c1TONI-VAJDA Istv\u00e1n, als\u00f3csern\u00e1toni"},"content":{"rendered":"<p>? \u2020 ? : primipilus. \u2013 Testv\u00e9re. Bal\u00e1zs. \u2013 Primipiluss\u00e1got B\u00e1sta Gy\u00f6rgyt\u0151l Bal\u00e1zs testv\u00e9r\u00e9vel nyertek (1604. febr. 8.). C\u00edmres nemeslevelet I. R\u00e1k\u00f3czi Gy\u00f6rgyt\u0151l kapott (1631. jan. 16). <br \/><strong>Irod.:<\/strong> Kempelen<\/br><\/p>\n","protected":false},"excerpt":{"rendered":"<p>? \u2020 ? : primipilus. \u2013 Testv\u00e9re. Bal\u00e1zs. \u2013 Primipiluss\u00e1got B\u00e1sta Gy\u00f6rgyt\u0151l Bal\u00e1zs testv\u00e9r\u00e9vel nyertek (1604. febr. 8.). C\u00edmres nemeslevelet I. R\u00e1k\u00f3czi Gy\u00f6rgyt\u0151l kapott (1631. jan. 16). Irod.: Kempelen<\/p>\n","protected":false},"featured_media":0,"comment_status":"open","ping_status":"closed","template":"","meta":[],"product_brand":[],"product_cat":[137],"product_tag":[],"class_list":{"0":"post-6162","1":"product","2":"type-product","3":"status-publish","5":"product_cat-maros-megyei-eletrajzi-lexikon","7":"first","8":"instock","9":"shipping-taxable","10":"product-type-simple"},"_links":{"self":[{"href":"https:\/\/uj.adatbank.ro\/lexikon\/wp-json\/wp\/v2\/product\/6162","targetHints":{"allow":["GET"]}}],"collection":[{"href":"https:\/\/uj.adatbank.ro\/lexikon\/wp-json\/wp\/v2\/product"}],"about":[{"href":"https:\/\/uj.adatbank.ro\/lexikon\/wp-json\/wp\/v2\/types\/product"}],"replies":[{"embeddable":true,"href":"https:\/\/uj.adatbank.ro\/lexikon\/wp-json\/wp\/v2\/comments?post=6162"}],"wp:attachment":[{"href":"https:\/\/uj.adatbank.ro\/lexikon\/wp-json\/wp\/v2\/media?parent=6162"}],"wp:term":[{"taxonomy":"product_brand","embeddable":true,"href":"https:\/\/uj.adatbank.ro\/lexikon\/wp-json\/wp\/v2\/product_brand?post=6162"},{"taxonomy":"product_cat","embeddable":true,"href":"https:\/\/uj.adatbank.ro\/lexikon\/wp-json\/wp\/v2\/product_cat?post=6162"},{"taxonomy":"product_tag","embeddable":true,"href":"https:\/\/uj.adatbank.ro\/lexikon\/wp-json\/wp\/v2\/product_tag?post=6162"}],"curies":[{"name":"wp","href":"https:\/\/api.w.org\/{rel}","templated":true}]}}