{"id":6165,"date":"2025-06-28T17:42:50","date_gmt":"2025-06-28T15:42:50","guid":{"rendered":"https:\/\/uj.adatbank.ro\/lexikon\/termek\/csernatony-albert-alsocsernatoni-2\/"},"modified":"2025-06-28T17:42:50","modified_gmt":"2025-06-28T15:42:50","slug":"csernatony-albert-alsocsernatoni-2","status":"publish","type":"product","link":"https:\/\/uj.adatbank.ro\/lexikon\/termek\/csernatony-albert-alsocsernatoni-2\/","title":{"rendered":"CSERN\u00c1TONY Albert, als\u00f3csern\u00e1toni"},"content":{"rendered":"<p>Nagyernye, 1892., \u2020\u00a0?: dr., j\u00e1r\u00e1sb\u00edr\u00f3s\u00e1gi eln\u00f6k. \u2013 K\u00f6z\u00e9piskol\u00e1it Mv.-en, a jogot Kv.-on v\u00e9gezte; az \u00fcgyv\u00e9di \u00e9s b\u00edr\u00f3i vizsg\u00e1t Bp.-en tette le (1924). P\u00e1ly\u00e1j\u00e1t a bp-i rend\u0151rs\u00e9gn\u00e9l kezdte mint fogalmaz\u00f3, majd igazs\u00e1g\u00fcgyi szolg\u00e1latba l\u00e9pett; a Tekei j\u00e1r\u00e1sb\u00edr\u00f3s\u00e1g eln\u00f6ke (1941). Cikkeket \u00edrt jogi szaklapokba. <br \/><strong>Irod.:<\/strong> Guly\u00e1s<\/br><\/p>\n","protected":false},"excerpt":{"rendered":"<p>Nagyernye, 1892., \u2020\u00a0?: dr., j\u00e1r\u00e1sb\u00edr\u00f3s\u00e1gi eln\u00f6k. \u2013 K\u00f6z\u00e9piskol\u00e1it Mv.-en, a jogot Kv.-on v\u00e9gezte; az \u00fcgyv\u00e9di \u00e9s b\u00edr\u00f3i vizsg\u00e1t Bp.-en tette le (1924). P\u00e1ly\u00e1j\u00e1t a bp-i rend\u0151rs\u00e9gn\u00e9l kezdte mint fogalmaz\u00f3, majd igazs\u00e1g\u00fcgyi szolg\u00e1latba l\u00e9pett; a Tekei j\u00e1r\u00e1sb\u00edr\u00f3s\u00e1g eln\u00f6ke (1941). Cikkeket \u00edrt jogi szaklapokba. Irod.: Guly\u00e1s<\/p>\n","protected":false},"featured_media":0,"comment_status":"open","ping_status":"closed","template":"","meta":[],"product_brand":[],"product_cat":[137],"product_tag":[],"class_list":{"0":"post-6165","1":"product","2":"type-product","3":"status-publish","5":"product_cat-maros-megyei-eletrajzi-lexikon","7":"first","8":"instock","9":"shipping-taxable","10":"product-type-simple"},"_links":{"self":[{"href":"https:\/\/uj.adatbank.ro\/lexikon\/wp-json\/wp\/v2\/product\/6165","targetHints":{"allow":["GET"]}}],"collection":[{"href":"https:\/\/uj.adatbank.ro\/lexikon\/wp-json\/wp\/v2\/product"}],"about":[{"href":"https:\/\/uj.adatbank.ro\/lexikon\/wp-json\/wp\/v2\/types\/product"}],"replies":[{"embeddable":true,"href":"https:\/\/uj.adatbank.ro\/lexikon\/wp-json\/wp\/v2\/comments?post=6165"}],"wp:attachment":[{"href":"https:\/\/uj.adatbank.ro\/lexikon\/wp-json\/wp\/v2\/media?parent=6165"}],"wp:term":[{"taxonomy":"product_brand","embeddable":true,"href":"https:\/\/uj.adatbank.ro\/lexikon\/wp-json\/wp\/v2\/product_brand?post=6165"},{"taxonomy":"product_cat","embeddable":true,"href":"https:\/\/uj.adatbank.ro\/lexikon\/wp-json\/wp\/v2\/product_cat?post=6165"},{"taxonomy":"product_tag","embeddable":true,"href":"https:\/\/uj.adatbank.ro\/lexikon\/wp-json\/wp\/v2\/product_tag?post=6165"}],"curies":[{"name":"wp","href":"https:\/\/api.w.org\/{rel}","templated":true}]}}