{"id":6166,"date":"2025-06-28T17:42:52","date_gmt":"2025-06-28T15:42:52","guid":{"rendered":"https:\/\/uj.adatbank.ro\/lexikon\/termek\/csernatony-arpad\/"},"modified":"2025-06-28T17:42:52","modified_gmt":"2025-06-28T15:42:52","slug":"csernatony-arpad","status":"publish","type":"product","link":"https:\/\/uj.adatbank.ro\/lexikon\/termek\/csernatony-arpad\/","title":{"rendered":"CSERN\u00c1TONY \u00c1rp\u00e1d,"},"content":{"rendered":"<p>Nagyernye, 1896., \u2020\u00a0Nagyernye, 1958.: A marossz\u00e9ki vit\u00e9zek egyike (1941-ben avatt\u00e1k). <br \/><strong>Irod.:<\/strong> Nemes Gyula: Marossz\u00e9ki vit\u00e9zek (1941\u20131944) = Sz\u00e9kely Kal.<\/br><\/p>\n","protected":false},"excerpt":{"rendered":"<p>Nagyernye, 1896., \u2020\u00a0Nagyernye, 1958.: A marossz\u00e9ki vit\u00e9zek egyike (1941-ben avatt\u00e1k). Irod.: Nemes Gyula: Marossz\u00e9ki vit\u00e9zek (1941\u20131944) = Sz\u00e9kely Kal.<\/p>\n","protected":false},"featured_media":0,"comment_status":"open","ping_status":"closed","template":"","meta":[],"product_brand":[],"product_cat":[137],"product_tag":[],"class_list":{"0":"post-6166","1":"product","2":"type-product","3":"status-publish","5":"product_cat-maros-megyei-eletrajzi-lexikon","7":"first","8":"instock","9":"shipping-taxable","10":"product-type-simple"},"_links":{"self":[{"href":"https:\/\/uj.adatbank.ro\/lexikon\/wp-json\/wp\/v2\/product\/6166","targetHints":{"allow":["GET"]}}],"collection":[{"href":"https:\/\/uj.adatbank.ro\/lexikon\/wp-json\/wp\/v2\/product"}],"about":[{"href":"https:\/\/uj.adatbank.ro\/lexikon\/wp-json\/wp\/v2\/types\/product"}],"replies":[{"embeddable":true,"href":"https:\/\/uj.adatbank.ro\/lexikon\/wp-json\/wp\/v2\/comments?post=6166"}],"wp:attachment":[{"href":"https:\/\/uj.adatbank.ro\/lexikon\/wp-json\/wp\/v2\/media?parent=6166"}],"wp:term":[{"taxonomy":"product_brand","embeddable":true,"href":"https:\/\/uj.adatbank.ro\/lexikon\/wp-json\/wp\/v2\/product_brand?post=6166"},{"taxonomy":"product_cat","embeddable":true,"href":"https:\/\/uj.adatbank.ro\/lexikon\/wp-json\/wp\/v2\/product_cat?post=6166"},{"taxonomy":"product_tag","embeddable":true,"href":"https:\/\/uj.adatbank.ro\/lexikon\/wp-json\/wp\/v2\/product_tag?post=6166"}],"curies":[{"name":"wp","href":"https:\/\/api.w.org\/{rel}","templated":true}]}}