{"id":6169,"date":"2025-06-28T17:42:57","date_gmt":"2025-06-28T15:42:57","guid":{"rendered":"https:\/\/uj.adatbank.ro\/lexikon\/termek\/csernovitz-samuel-csernowitz-samu\/"},"modified":"2025-06-28T17:42:57","modified_gmt":"2025-06-28T15:42:57","slug":"csernovitz-samuel-csernowitz-samu","status":"publish","type":"product","link":"https:\/\/uj.adatbank.ro\/lexikon\/termek\/csernovitz-samuel-csernowitz-samu\/","title":{"rendered":"CSERNOVITZ S\u00e1muel, Csernowitz Samu"},"content":{"rendered":"<p>? \u2020\u00a0? : \u00fajs\u00e1g\u00edr\u00f3. \u2013 A V. Z. f\u0151szerk. -helyettese. Az NDF v\u00e1rosi tan\u00e1cs\u00e1nak tagja (1953. okt.). A mv.-i Rangetz J\u00f3zsef Marxista-Leninista Esti Egyetem oktat\u00f3ja (1952\u2013). <br \/><strong>Irod.:<\/strong> Bottoni 2008; Id\u0151t\u00e1r 4.<\/br><\/p>\n","protected":false},"excerpt":{"rendered":"<p>? \u2020\u00a0? : \u00fajs\u00e1g\u00edr\u00f3. \u2013 A V. Z. f\u0151szerk. -helyettese. Az NDF v\u00e1rosi tan\u00e1cs\u00e1nak tagja (1953. okt.). A mv.-i Rangetz J\u00f3zsef Marxista-Leninista Esti Egyetem oktat\u00f3ja (1952\u2013). Irod.: Bottoni 2008; Id\u0151t\u00e1r 4.<\/p>\n","protected":false},"featured_media":0,"comment_status":"open","ping_status":"closed","template":"","meta":[],"product_brand":[],"product_cat":[137],"product_tag":[],"class_list":{"0":"post-6169","1":"product","2":"type-product","3":"status-publish","5":"product_cat-maros-megyei-eletrajzi-lexikon","7":"first","8":"instock","9":"shipping-taxable","10":"product-type-simple"},"_links":{"self":[{"href":"https:\/\/uj.adatbank.ro\/lexikon\/wp-json\/wp\/v2\/product\/6169","targetHints":{"allow":["GET"]}}],"collection":[{"href":"https:\/\/uj.adatbank.ro\/lexikon\/wp-json\/wp\/v2\/product"}],"about":[{"href":"https:\/\/uj.adatbank.ro\/lexikon\/wp-json\/wp\/v2\/types\/product"}],"replies":[{"embeddable":true,"href":"https:\/\/uj.adatbank.ro\/lexikon\/wp-json\/wp\/v2\/comments?post=6169"}],"wp:attachment":[{"href":"https:\/\/uj.adatbank.ro\/lexikon\/wp-json\/wp\/v2\/media?parent=6169"}],"wp:term":[{"taxonomy":"product_brand","embeddable":true,"href":"https:\/\/uj.adatbank.ro\/lexikon\/wp-json\/wp\/v2\/product_brand?post=6169"},{"taxonomy":"product_cat","embeddable":true,"href":"https:\/\/uj.adatbank.ro\/lexikon\/wp-json\/wp\/v2\/product_cat?post=6169"},{"taxonomy":"product_tag","embeddable":true,"href":"https:\/\/uj.adatbank.ro\/lexikon\/wp-json\/wp\/v2\/product_tag?post=6169"}],"curies":[{"name":"wp","href":"https:\/\/api.w.org\/{rel}","templated":true}]}}