{"id":6172,"date":"2025-06-28T17:43:06","date_gmt":"2025-06-28T15:43:06","guid":{"rendered":"https:\/\/uj.adatbank.ro\/lexikon\/termek\/csethe-emil-csete-hudacsek-emil\/"},"modified":"2025-06-28T17:43:06","modified_gmt":"2025-06-28T15:43:06","slug":"csethe-emil-csete-hudacsek-emil","status":"publish","type":"product","link":"https:\/\/uj.adatbank.ro\/lexikon\/termek\/csethe-emil-csete-hudacsek-emil\/","title":{"rendered":"CSETHE Emil, Csete (Hudacsek) Emil"},"content":{"rendered":"<p>1900., \u20201953 : orvos. \u2013 A mv.-i I. Seb\u00e9szeti klinika vezet\u0151je, az elt\u00e1vozott Klimk\u00f3 Dezs\u0151 tan\u00e1r ut\u00f3da a MOGYI seb\u00e9szet tansz\u00e9k\u00e9n (1947. dec. 13. \u2013 1949). M agyar \u00e1llampolg\u00e1r volt, a rom\u00e1n hat\u00f3s\u00e1gok nem hosszabbitott\u00e1k meg m\u0171k\u00f6d\u00e9si enged\u00e9ly\u00e9t, \u00edgy visszat\u00e9rt Magyaorsz\u00e1gba. <br \/><strong>Irod.:<\/strong> Id\u0151t\u00e1r 4.; P\u00e9terffy \u00c1. &#8211; P. P.; Viharban<\/br><\/p>\n","protected":false},"excerpt":{"rendered":"<p>1900., \u20201953 : orvos. \u2013 A mv.-i I. Seb\u00e9szeti klinika vezet\u0151je, az elt\u00e1vozott Klimk\u00f3 Dezs\u0151 tan\u00e1r ut\u00f3da a MOGYI seb\u00e9szet tansz\u00e9k\u00e9n (1947. dec. 13. \u2013 1949). M agyar \u00e1llampolg\u00e1r volt, a rom\u00e1n hat\u00f3s\u00e1gok nem hosszabbitott\u00e1k meg m\u0171k\u00f6d\u00e9si enged\u00e9ly\u00e9t, \u00edgy visszat\u00e9rt Magyaorsz\u00e1gba. Irod.: Id\u0151t\u00e1r 4.; P\u00e9terffy \u00c1. &#8211; P. P.; Viharban<\/p>\n","protected":false},"featured_media":0,"comment_status":"open","ping_status":"closed","template":"","meta":[],"product_brand":[],"product_cat":[137],"product_tag":[],"class_list":{"0":"post-6172","1":"product","2":"type-product","3":"status-publish","5":"product_cat-maros-megyei-eletrajzi-lexikon","7":"first","8":"instock","9":"shipping-taxable","10":"product-type-simple"},"_links":{"self":[{"href":"https:\/\/uj.adatbank.ro\/lexikon\/wp-json\/wp\/v2\/product\/6172","targetHints":{"allow":["GET"]}}],"collection":[{"href":"https:\/\/uj.adatbank.ro\/lexikon\/wp-json\/wp\/v2\/product"}],"about":[{"href":"https:\/\/uj.adatbank.ro\/lexikon\/wp-json\/wp\/v2\/types\/product"}],"replies":[{"embeddable":true,"href":"https:\/\/uj.adatbank.ro\/lexikon\/wp-json\/wp\/v2\/comments?post=6172"}],"wp:attachment":[{"href":"https:\/\/uj.adatbank.ro\/lexikon\/wp-json\/wp\/v2\/media?parent=6172"}],"wp:term":[{"taxonomy":"product_brand","embeddable":true,"href":"https:\/\/uj.adatbank.ro\/lexikon\/wp-json\/wp\/v2\/product_brand?post=6172"},{"taxonomy":"product_cat","embeddable":true,"href":"https:\/\/uj.adatbank.ro\/lexikon\/wp-json\/wp\/v2\/product_cat?post=6172"},{"taxonomy":"product_tag","embeddable":true,"href":"https:\/\/uj.adatbank.ro\/lexikon\/wp-json\/wp\/v2\/product_tag?post=6172"}],"curies":[{"name":"wp","href":"https:\/\/api.w.org\/{rel}","templated":true}]}}