{"id":6174,"date":"2025-06-28T17:43:08","date_gmt":"2025-06-28T15:43:08","guid":{"rendered":"https:\/\/uj.adatbank.ro\/lexikon\/termek\/csetri-mihaly-csetry-mihaly-mezobandi\/"},"modified":"2025-06-28T17:43:08","modified_gmt":"2025-06-28T15:43:08","slug":"csetri-mihaly-csetry-mihaly-mezobandi","status":"publish","type":"product","link":"https:\/\/uj.adatbank.ro\/lexikon\/termek\/csetri-mihaly-csetry-mihaly-mezobandi\/","title":{"rendered":"CSETRI Mih\u00e1ly, Csetry Mih\u00e1ly, mez\u0151b\u00e1ndi"},"content":{"rendered":"<p>Mv., 1888., \u2020\u00a0? : cip\u00e9szmester. \u2013 Iskol\u00e1it Mv.-en v\u00e9gezte, cip\u00e9sznek tanult, Bp.-en szaktanfolyamot v\u00e9gzett. \u00d6n\u00e1ll\u00f3 mester Mv.-en (1910\u2013), m\u0171 \u2013 \u00e9s ortop\u00e9d speci\u00e1lista volt. Az els\u0151 v. h.-ban Mv.-en szolg\u00e1t a 62. gy. ezredben. A Bolyai u. volt cip\u00e9sz\u00fczlete (m\u00e9g 1948-ban is). <br \/><strong>Irod.:<\/strong> Csepreghy 2010; Sz\u00e9kely Napt\u00e1r (hirdet\u00e9sei; 1945); Sz\u00e9kelyf\u00f6ld \u00ed. k<\/br><\/p>\n","protected":false},"excerpt":{"rendered":"<p>Mv., 1888., \u2020\u00a0? : cip\u00e9szmester. \u2013 Iskol\u00e1it Mv.-en v\u00e9gezte, cip\u00e9sznek tanult, Bp.-en szaktanfolyamot v\u00e9gzett. \u00d6n\u00e1ll\u00f3 mester Mv.-en (1910\u2013), m\u0171 \u2013 \u00e9s ortop\u00e9d speci\u00e1lista volt. Az els\u0151 v. h.-ban Mv.-en szolg\u00e1t a 62. gy. ezredben. A Bolyai u. volt cip\u00e9sz\u00fczlete (m\u00e9g 1948-ban is). Irod.: Csepreghy 2010; Sz\u00e9kely Napt\u00e1r (hirdet\u00e9sei; 1945); Sz\u00e9kelyf\u00f6ld \u00ed. k<\/p>\n","protected":false},"featured_media":0,"comment_status":"open","ping_status":"closed","template":"","meta":[],"product_brand":[],"product_cat":[137],"product_tag":[],"class_list":{"0":"post-6174","1":"product","2":"type-product","3":"status-publish","5":"product_cat-maros-megyei-eletrajzi-lexikon","7":"first","8":"instock","9":"shipping-taxable","10":"product-type-simple"},"_links":{"self":[{"href":"https:\/\/uj.adatbank.ro\/lexikon\/wp-json\/wp\/v2\/product\/6174","targetHints":{"allow":["GET"]}}],"collection":[{"href":"https:\/\/uj.adatbank.ro\/lexikon\/wp-json\/wp\/v2\/product"}],"about":[{"href":"https:\/\/uj.adatbank.ro\/lexikon\/wp-json\/wp\/v2\/types\/product"}],"replies":[{"embeddable":true,"href":"https:\/\/uj.adatbank.ro\/lexikon\/wp-json\/wp\/v2\/comments?post=6174"}],"wp:attachment":[{"href":"https:\/\/uj.adatbank.ro\/lexikon\/wp-json\/wp\/v2\/media?parent=6174"}],"wp:term":[{"taxonomy":"product_brand","embeddable":true,"href":"https:\/\/uj.adatbank.ro\/lexikon\/wp-json\/wp\/v2\/product_brand?post=6174"},{"taxonomy":"product_cat","embeddable":true,"href":"https:\/\/uj.adatbank.ro\/lexikon\/wp-json\/wp\/v2\/product_cat?post=6174"},{"taxonomy":"product_tag","embeddable":true,"href":"https:\/\/uj.adatbank.ro\/lexikon\/wp-json\/wp\/v2\/product_tag?post=6174"}],"curies":[{"name":"wp","href":"https:\/\/api.w.org\/{rel}","templated":true}]}}