{"id":6175,"date":"2025-06-28T17:43:10","date_gmt":"2025-06-28T15:43:10","guid":{"rendered":"https:\/\/uj.adatbank.ro\/lexikon\/termek\/csetri-mihaly-mezobandi\/"},"modified":"2025-06-28T17:43:10","modified_gmt":"2025-06-28T15:43:10","slug":"csetri-mihaly-mezobandi","status":"publish","type":"product","link":"https:\/\/uj.adatbank.ro\/lexikon\/termek\/csetri-mihaly-mezobandi\/","title":{"rendered":"CSETRI Mih\u00e1ly, mez\u0151b\u00e1ndi"},"content":{"rendered":"<p>? \u2020\u00a0? : nemes. \u2013 Fiai: Ferenc, Mih\u00e1ly \u00e9s Gy\u00f6rgy, egy\u00fctt Leopold kir\u00e1lyt\u00f3l nyertek nemess\u00e9get (1747); Tord\u00e1ra Gy\u00f6rgy telepedett. <br \/><strong>Irod.:<\/strong> K\u00f6vendi Weress S\u00e1ndor: Torda \u0151scsal\u00e1dai (Kv., 1891); MCK<\/br><\/p>\n","protected":false},"excerpt":{"rendered":"<p>? \u2020\u00a0? : nemes. \u2013 Fiai: Ferenc, Mih\u00e1ly \u00e9s Gy\u00f6rgy, egy\u00fctt Leopold kir\u00e1lyt\u00f3l nyertek nemess\u00e9get (1747); Tord\u00e1ra Gy\u00f6rgy telepedett. Irod.: K\u00f6vendi Weress S\u00e1ndor: Torda \u0151scsal\u00e1dai (Kv., 1891); MCK<\/p>\n","protected":false},"featured_media":0,"comment_status":"open","ping_status":"closed","template":"","meta":[],"product_brand":[],"product_cat":[137],"product_tag":[],"class_list":{"0":"post-6175","1":"product","2":"type-product","3":"status-publish","5":"product_cat-maros-megyei-eletrajzi-lexikon","7":"first","8":"instock","9":"shipping-taxable","10":"product-type-simple"},"_links":{"self":[{"href":"https:\/\/uj.adatbank.ro\/lexikon\/wp-json\/wp\/v2\/product\/6175","targetHints":{"allow":["GET"]}}],"collection":[{"href":"https:\/\/uj.adatbank.ro\/lexikon\/wp-json\/wp\/v2\/product"}],"about":[{"href":"https:\/\/uj.adatbank.ro\/lexikon\/wp-json\/wp\/v2\/types\/product"}],"replies":[{"embeddable":true,"href":"https:\/\/uj.adatbank.ro\/lexikon\/wp-json\/wp\/v2\/comments?post=6175"}],"wp:attachment":[{"href":"https:\/\/uj.adatbank.ro\/lexikon\/wp-json\/wp\/v2\/media?parent=6175"}],"wp:term":[{"taxonomy":"product_brand","embeddable":true,"href":"https:\/\/uj.adatbank.ro\/lexikon\/wp-json\/wp\/v2\/product_brand?post=6175"},{"taxonomy":"product_cat","embeddable":true,"href":"https:\/\/uj.adatbank.ro\/lexikon\/wp-json\/wp\/v2\/product_cat?post=6175"},{"taxonomy":"product_tag","embeddable":true,"href":"https:\/\/uj.adatbank.ro\/lexikon\/wp-json\/wp\/v2\/product_tag?post=6175"}],"curies":[{"name":"wp","href":"https:\/\/api.w.org\/{rel}","templated":true}]}}