{"id":6176,"date":"2025-06-28T17:43:12","date_gmt":"2025-06-28T15:43:12","guid":{"rendered":"https:\/\/uj.adatbank.ro\/lexikon\/termek\/csibi-ferenc\/"},"modified":"2025-06-28T17:43:12","modified_gmt":"2025-06-28T15:43:12","slug":"csibi-ferenc","status":"publish","type":"product","link":"https:\/\/uj.adatbank.ro\/lexikon\/termek\/csibi-ferenc\/","title":{"rendered":"CSIBI Ferenc"},"content":{"rendered":"<p>Mv., 1882., \u2020\u00a0? : k\u0151m\u0171vesmester. \u2013 Iskol\u00e1i elv\u00e9gz\u00e9se ut\u00e1n a k\u0151m\u0171vesipart saj\u00e1t\u00edtotta el \u00e9s \u00f6n\u00e1ll\u00f3 v\u00e1llakoz\u00f3 lett (1912). Sz\u00e1mos munk\u00e1ja volt Mv.-en \u00e9s k\u00f6rny\u00e9k\u00e9n. A m. iparosegyes\u00fclet egyik alap\u00edt\u00f3ja, v\u00e1lasztm\u00e1nyi tagja, az \u00e9p\u00edt\u0151 szakoszt\u00e1ly \u00fcgyvezet\u0151je. <br \/><strong>Irod.:<\/strong> Sz\u00e9kelyf\u00f6ld \u00ed. k<\/br><\/p>\n","protected":false},"excerpt":{"rendered":"<p>Mv., 1882., \u2020\u00a0? : k\u0151m\u0171vesmester. \u2013 Iskol\u00e1i elv\u00e9gz\u00e9se ut\u00e1n a k\u0151m\u0171vesipart saj\u00e1t\u00edtotta el \u00e9s \u00f6n\u00e1ll\u00f3 v\u00e1llakoz\u00f3 lett (1912). Sz\u00e1mos munk\u00e1ja volt Mv.-en \u00e9s k\u00f6rny\u00e9k\u00e9n. A m. iparosegyes\u00fclet egyik alap\u00edt\u00f3ja, v\u00e1lasztm\u00e1nyi tagja, az \u00e9p\u00edt\u0151 szakoszt\u00e1ly \u00fcgyvezet\u0151je. Irod.: Sz\u00e9kelyf\u00f6ld \u00ed. k<\/p>\n","protected":false},"featured_media":0,"comment_status":"open","ping_status":"closed","template":"","meta":[],"product_brand":[],"product_cat":[137],"product_tag":[],"class_list":{"0":"post-6176","1":"product","2":"type-product","3":"status-publish","5":"product_cat-maros-megyei-eletrajzi-lexikon","7":"first","8":"instock","9":"shipping-taxable","10":"product-type-simple"},"_links":{"self":[{"href":"https:\/\/uj.adatbank.ro\/lexikon\/wp-json\/wp\/v2\/product\/6176","targetHints":{"allow":["GET"]}}],"collection":[{"href":"https:\/\/uj.adatbank.ro\/lexikon\/wp-json\/wp\/v2\/product"}],"about":[{"href":"https:\/\/uj.adatbank.ro\/lexikon\/wp-json\/wp\/v2\/types\/product"}],"replies":[{"embeddable":true,"href":"https:\/\/uj.adatbank.ro\/lexikon\/wp-json\/wp\/v2\/comments?post=6176"}],"wp:attachment":[{"href":"https:\/\/uj.adatbank.ro\/lexikon\/wp-json\/wp\/v2\/media?parent=6176"}],"wp:term":[{"taxonomy":"product_brand","embeddable":true,"href":"https:\/\/uj.adatbank.ro\/lexikon\/wp-json\/wp\/v2\/product_brand?post=6176"},{"taxonomy":"product_cat","embeddable":true,"href":"https:\/\/uj.adatbank.ro\/lexikon\/wp-json\/wp\/v2\/product_cat?post=6176"},{"taxonomy":"product_tag","embeddable":true,"href":"https:\/\/uj.adatbank.ro\/lexikon\/wp-json\/wp\/v2\/product_tag?post=6176"}],"curies":[{"name":"wp","href":"https:\/\/api.w.org\/{rel}","templated":true}]}}