{"id":6182,"date":"2025-06-28T17:43:23","date_gmt":"2025-06-28T15:43:23","guid":{"rendered":"https:\/\/uj.adatbank.ro\/lexikon\/termek\/csifo-miklos\/"},"modified":"2025-06-28T17:43:23","modified_gmt":"2025-06-28T15:43:23","slug":"csifo-miklos","status":"publish","type":"product","link":"https:\/\/uj.adatbank.ro\/lexikon\/termek\/csifo-miklos\/","title":{"rendered":"CS\u00cdF\u00d3 Mikl\u00f3s"},"content":{"rendered":"<p>Mv., 1941. j\u00fan. 18. \u2020\u00a0? : v\u00e1llalatigazgat\u00f3. \u2013 Cs. J\u00e1nos \u00e9s Lujza fia. Feles\u00e9ge: Erzs\u00e9bet. \u2013 A mv.-i H\u00fasipari V\u00e1llalat egykori igazgat\u00f3ja. K\u00f6zel k\u00e9t \u00e9vtizedig a mv.-i ASA fotballcsapat vezet\u0151s\u00e9gi tagja. Lelkesen t\u00e1mogatta a csapatot is, de egy\u00e9nenk\u00e9nt a j\u00e1t\u00e9kosokat is (1970\u201380). <br \/><strong>Irod.:<\/strong> Szucher<\/br><\/p>\n","protected":false},"excerpt":{"rendered":"<p>Mv., 1941. j\u00fan. 18. \u2020\u00a0? : v\u00e1llalatigazgat\u00f3. \u2013 Cs. J\u00e1nos \u00e9s Lujza fia. Feles\u00e9ge: Erzs\u00e9bet. \u2013 A mv.-i H\u00fasipari V\u00e1llalat egykori igazgat\u00f3ja. K\u00f6zel k\u00e9t \u00e9vtizedig a mv.-i ASA fotballcsapat vezet\u0151s\u00e9gi tagja. Lelkesen t\u00e1mogatta a csapatot is, de egy\u00e9nenk\u00e9nt a j\u00e1t\u00e9kosokat is (1970\u201380). Irod.: Szucher<\/p>\n","protected":false},"featured_media":0,"comment_status":"open","ping_status":"closed","template":"","meta":[],"product_brand":[],"product_cat":[137],"product_tag":[],"class_list":{"0":"post-6182","1":"product","2":"type-product","3":"status-publish","5":"product_cat-maros-megyei-eletrajzi-lexikon","7":"first","8":"instock","9":"shipping-taxable","10":"product-type-simple"},"_links":{"self":[{"href":"https:\/\/uj.adatbank.ro\/lexikon\/wp-json\/wp\/v2\/product\/6182","targetHints":{"allow":["GET"]}}],"collection":[{"href":"https:\/\/uj.adatbank.ro\/lexikon\/wp-json\/wp\/v2\/product"}],"about":[{"href":"https:\/\/uj.adatbank.ro\/lexikon\/wp-json\/wp\/v2\/types\/product"}],"replies":[{"embeddable":true,"href":"https:\/\/uj.adatbank.ro\/lexikon\/wp-json\/wp\/v2\/comments?post=6182"}],"wp:attachment":[{"href":"https:\/\/uj.adatbank.ro\/lexikon\/wp-json\/wp\/v2\/media?parent=6182"}],"wp:term":[{"taxonomy":"product_brand","embeddable":true,"href":"https:\/\/uj.adatbank.ro\/lexikon\/wp-json\/wp\/v2\/product_brand?post=6182"},{"taxonomy":"product_cat","embeddable":true,"href":"https:\/\/uj.adatbank.ro\/lexikon\/wp-json\/wp\/v2\/product_cat?post=6182"},{"taxonomy":"product_tag","embeddable":true,"href":"https:\/\/uj.adatbank.ro\/lexikon\/wp-json\/wp\/v2\/product_tag?post=6182"}],"curies":[{"name":"wp","href":"https:\/\/api.w.org\/{rel}","templated":true}]}}