{"id":6183,"date":"2025-06-28T17:43:27","date_gmt":"2025-06-28T15:43:27","guid":{"rendered":"https:\/\/uj.adatbank.ro\/lexikon\/termek\/csiha-kalman\/"},"modified":"2025-06-28T17:43:27","modified_gmt":"2025-06-28T15:43:27","slug":"csiha-kalman","status":"publish","type":"product","link":"https:\/\/uj.adatbank.ro\/lexikon\/termek\/csiha-kalman\/","title":{"rendered":"CSIHA K\u00e1lm\u00e1n"},"content":{"rendered":"<p>\u00c9rsemly\u00e9n, 1929. szept. 17., \u2020\u00a0Mv., 2007. nov. 7.: ref. lelk\u00e9sz, p\u00fcsp\u00f6k, \u00edr\u00f3. \u2013 Feles\u00e9ge: Nagy Emese lelk\u00e9sz (esk. 1956). Le\u00e1nyuk: Emese, h\u00e1rfam\u0171v\u00e9sz (1958\u2013), dr. Nagy Attil\u00e1n\u00e9, k\u00e9t fi\u00fak: Attila Botond (1981) \u00e9s K\u00e1lm\u00e1n Zsolt (1984). \u2013 Iskol\u00e1i tanulm\u00e1nyait \u00c9rmih\u00e1lyfalv\u00e1n kezdte (1936\u201339), majd S\u00e1rospatakon (1939), Debrecenben tanult (1940\u201343) \u00e9s \u00c9rmih\u00e1lyfalv\u00e1n fejezte be (1944\u201345). Zilahon folytatta tanulm\u00e1nyait a Wessel\u00e9nyi Koll.-ban, majd Nagyv\u00e1radon folytatta a gimn. -ot, a Szent L\u00e1szl\u00f3 Gimn.-ban \u00e9retts\u00e9gizett (1950). A csal\u00e1dot kitelep\u00edtett\u00e9k, a vagyon\u00e1t\u00f3l megfosztott\u00e1k, k\u00e9nyszerlakhelyre Cs\u00edkszered\u00e1ba helyezt\u00e9k (1949). Lelk\u00e9szi oklevelet szerzett Kv.-on a Protest\u00e1ns Teol\u00f3giai Int\u00e9zet (1954), papp\u00e1 szentelt\u00e9k (1956); teol\u00f3giai doktor\u00e1tust szerzett a gyakorlati teol\u00f3gia k\u00f6r\u00e9b\u0151l (1975). Aradon seg\u00e9dlelk\u00e9sz (1954\u201356), ahol megszervezte az Arad-g\u00e1ji, egyh\u00e1zk\u00f6zs\u00e9get \u00e9s ennek els\u0151 lelkip\u00e1sztora lett (1956\u201357). Az 1956-os m. forradalom egyik rom\u00e1niai \u00e1ldozata. Letart\u00f3ztatt\u00e1k (1957. dec. 14.), mert nem jelentette fel h\u00edveit, koncepci\u00f3s perben 10 \u00e9vi b\u00f6rt\u00f6nre, munkaszolg\u00e1latra \u00edt\u00e9lt\u00e9k. Megj\u00e1rta Kv., Mv., Szamos\u00fajv\u00e1r, Jilava b\u00f6rt\u00f6neit, Periprava, Luciu-Giurgeni, S\u0103lcia, Gr\u0103dina munkal\u00e1gereit, beteg volt hast\u00edfusszal Galacon. Hat \u00e9s f\u00e9l \u00e9v ut\u00e1n szabadult \u00e1ltal\u00e1nos amneszti\u00e1val (1964. j\u00fan. 23.). Seg\u00e9dlelk\u00e9sz, majd \u00f6n\u00e1ll\u00f3 lelkip\u00e1sztori szolg\u00e1lat k\u00f6vetkezett Gog\u00e1nv\u00e1ralj\u00e1n (1964\u201370). Mv.-en lelk\u00e9sz (1970\u201376), r\u00f6vid ideig, a V\u00e1rtemplomi- egyh\u00e1zk\u00f6zs\u00e9gben, majd a Szabadi \u00fati gy\u00fclekezetben, amelynek elszakad\u00e1s\u00e1t a V\u00e1rtemplomi gy\u0171lekezett\u0151l enged\u00e9lyezt\u00e9k (1973. szept. 1. \u2013 1974. m\u00e1j. 1.) \u00e9s v\u00e9g\u00fcl a Gecse \u00fati gy\u00fclekezetben, a Kistemplomban. K\u00f6zben egyh\u00e1zmegyei f\u0151jegyz\u0151 (1976\u201380), a marosi egyh\u00e1zmegye esperese (1980\u201390); belmissi\u00f3i el\u0151ad\u00f3 (1988\u201390); az Erd\u00e9lyi Ref. Egyh\u00e1zker\u00fclet 44. p\u00fcsp\u00f6ke (1990. m\u00e1j. 4. \u20132000), a Ref. Vil\u00e1gsz\u00f6vets\u00e9g (1991\u2013) \u00e9s az Egyh\u00e1zak Vil\u00e1gtan\u00e1csa K\u00f6zponti Bizotts\u00e1g\u00e1nak tagja, a M. Ref. Egyh\u00e1zak Tan\u00e1csad\u00f3 Zsinata lelk\u00e9szi eln\u00f6ke (1995\u2013). P\u00fcsp\u00f6ki tev\u00e9kenys\u00e9g\u00e9t az erd\u00e9lyi magyars\u00e1g \u00fcgy\u00e9\u00e9rt val\u00f3 k\u00fczdelem jellemezte. Kiemelked\u0151 szerepe volt a kommunista diktat\u00fara alatt megnyomor\u00edtott ref. egyh\u00e1z \u00fajj\u00e1szervez\u00e9s\u00e9ben. Sz\u00e1mos templom, gy\u00fclekezeti terem \u00e9p\u00edt\u00e9se, jav\u00edt\u00e1sa, az \u0151si egyh\u00e1zi javak, iskol\u00e1k visszaszerz\u00e9se \u00e9s azok \u00fajboli m\u0171k\u00f6dtet\u00e9se a nev\u00e9hez f\u0171z\u0151dik. Siker\u00fclt ref. gimn.-ot szervezni Kv.-on, Mv.-en, K\u00e9zdiv\u00e1s\u00e1rhelyen, Sepsiszentgy\u00f6rgy\u00f6n, Nagyenyeden \u00e9s Sz\u00e9kelyudvarhelyen. Mv.-en beindult a diak\u00f3niai k\u00e9pz\u00e9s, a Ref. K\u00e1ntor-Tan\u00edt\u00f3k\u00e9pz\u0151 Int\u00e9zet, Kv.-on a Ref. Tan\u00e1rk\u00e9pz\u0151 Fakult\u00e1s \u00e9s a Ref. Pedag\u00f3giai Int\u00e9zet. Az egyetemes zsinat eln\u00f6kek\u00e9nt bej\u00e1rta K\u00f6z\u00e9p- \u00e9s Nyugat-Eur\u00f3pa, Amerika \u00e9s Ausztr\u00e1lia m. ref. gy\u00fclekezeteit. A Reform\u00e1tus Szemle mell\u00e9klet\u00e9nek rovatvezet\u0151je (1974\u201384); Nagy L\u00e1szl\u00f3val megalap\u00edtotta az Igehirdet\u0151t (1990); t\u00f6bb egyh\u00e1zk\u00f6zs\u00e9g l\u00e9trehoz\u00f3ja: Aradg\u00e1j (1956), mv.-i Szabadi \u00fati (1973), Szabads\u00e1g utcai (1983), Cserealji (1988), a Nagyhegysz\u0151l\u0151i (1990). 24 k\u00f6nyvet \u00e9s 57 jelent\u0151s tanulm\u00e1nyt publik\u00e1lt (1990 ut\u00e1n). Cikkei, pr\u00e9dik\u00e1ci\u00f3i, versei: Harangsz\u00f3, Confessio, Rom\u00e1niai Magyar Sz\u00f3, N\u00e9p\u00fajs\u00e1g, Falvak N\u00e9pe, Szabads\u00e1g, \u00dczenet, Reform\u00e1tus Szemle, H\u0171s\u00e9g \u00e9s szolg\u00e1lat, Igehirdet\u0151, Theol. Forum, Sz\u00e1rsz\u00f3i F\u00fczetek, Egyh\u00e1zi Vil\u00e1g-ban jelentek meg. A M. Ref.-ok Vil\u00e1gsz\u00f6vets\u00e9g\u00e9nek eln\u00f6ke \u00e9s az Egyh\u00e1zak Vil\u00e1gtan\u00e1csa KB-nak tagja (1991\u2013). Elnyerte a Debreceni Ref. Teol\u00f3giai Akad. d\u00edszdoktori c\u00edm\u00e9t (1993). A M. Ref. Egyh\u00e1zak Tan\u00e1cskoz\u00f3 Zsinat\u00e1nak eln\u00f6ke (1995\u2013). Post mortem M. \u00d6r\u00f6ks\u00e9g D\u00edjat kapott (2007. dec. 15.). Szobrot \u00e1ll\u00edtottak eml\u00e9k\u00e9nek sz\u00fcl\u0151faluj\u00e1ban, a Bihar megyei \u00c9rsemj\u00e9nben, Hunyadi L\u00e1szl\u00f3 mv.-i szobr\u00e1szm\u0171v\u00e9sz alkot\u00e1s\u00e1t (2009. nov.). Jobb az \u00darban b\u00edzni c. \u00e9let\u00e9r\u0151l sz\u00f3l\u00f3 dokumentumfilmet k\u00e9sz\u00edtette Balla T\u00fcnde, a Pro Semj\u00e9n Egyes\u00fclet eln\u00f6ke, Csorba S\u00e1ndor volt a producere (2014). A K\u00e9zdiv\u00e1s\u00e1rhelyi Ref. Koll. felvette Csiha K\u00e1lm\u00e1n nev\u00e9t (2022. j\u00fal. \u2013 <strong>F. m.:<\/strong> Az igehirdet\u00e9s dialektik\u00e1ja (pr\u00e9dik\u00e1ci\u00f3k; Kv., 1991); \u00dat a pusztas\u00e1gban (Kv., 1991); Az Erd\u00e9lyi Reform\u00e1tus Egyh\u00e1zker\u00fclet \u00e9lete 1944\u20131990 k\u00f6z\u00f6tt = Erd\u00e9lyi egyh\u00e1zak; F\u00e9ny a r\u00e1csokon: B\u00f6rt\u00f6n\u00e9vek vallom\u00e1sa (Bp., 1992; Kv., 1993); Az igehirdet\u00e9s dialektik\u00e1ja (tanulm\u00e1ny; Kv., 1991; 1997); Isten asztal\u00e1r\u00f3l (pr\u00e9dik\u00e1ci\u00f3k; Kv., 1993); Jeruzs\u00e1lem k\u0151falai alatt (pr\u00e9dik\u00e1ci\u00f3k; Kv., 1993); Holtomiglan-holt\u00e1iglan (Kv., 1994); \u00c1brah\u00e1m \u00f6r\u00f6ks\u00e9ge \u2013 H\u00e1r\u00e1nt\u00f3l Hebronig (Bp., 1995); \u00c1brah\u00e1m \u00f6r\u00f6k\u00f6sei (pr\u00e9dik\u00e1ci\u00f3k; Kv., 1995); Kelj fel \u00e9s j\u00e1rj ! (pr\u00e9dik\u00e1ci\u00f3k; Kv., 1995); A reform\u00e1tus egyh\u00e1z, mint az Ige egyh\u00e1za (tanulm\u00e1ny; Bp., 1997); A kir\u00e1lyi sz\u00e9k el\u0151tt (pr\u00e9dik\u00e1ci\u00f3k; Kv., 1998); Isten \u00f6sv\u00e9nyein (Kv., 2000); Gy\u00fclekezet\u00e9p\u00edt\u00e9s (Kv., 2000); J\u00f6jj fel a hegyre (pr\u00e9dik\u00e1ci\u00f3k; Kv., 2000); J\u00e9zus \u00e9rint\u00e9se (pr\u00e9dik\u00e1ci\u00f3k; Kv., 2001); A sz\u00e9ps\u00e9g titka (pr\u00e9dik\u00e1ci\u00f3k; Kv., 2005); V\u00e1llalni kell (pr\u00e9dik\u00e1ci\u00f3k; Kv., 2000); Templomk\u00fcsz\u00f6b (versek; Kv., 2002); T\u00e9li m\u00e9hek ballad\u00e1ja (Kv., 2002); A b\u00f6rt\u00f6nt\u0151l a p\u00fcsp\u00f6ks\u00e9gig (Kv., 2004); A cser\u00e9ped\u00e9ny kincse (pr\u00e9dik\u00e1ci\u00f3k; Kv., 2006); Harangsz\u00f3 az els\u00fclyedt vil\u00e1gb\u00f3l (Kv., 2006); Nemzet \u00e9s evang\u00e9lium (Kv., 2007); Nyilakozat = 1990. m\u00e1rc. 19\u201320. <br \/><strong>Irod.:<\/strong> 1956 Erd\u00e9lyben; \u00c1ldozatok; Bak\u00f3 Zolt\u00e1n: Dr. Cs. K\u00e1lm\u00e1nt v\u00e1lasztott\u00e1k a Kv.-i Ref. Egyh\u00e1zker\u00fclez p\u00fcsp\u00f6k\u00e9v\u00e9 (N\u00fa., 1990. m\u00e1j. 8.); Balint; Bustya Dezs\u0151. Isten dolgait cselekedni: Temet\u00e9si igehirdet\u00e9s D. dr. Cs. K. ny. erd\u00e9lyi ref. p\u00fcsp\u00f6k felett (\u00daj Kezdet, 2007. nov., 11. sz.); Cs\u00e1ky; Cselekv\u0151 hit: Eml\u00e9kk\u00f6nyv Cs. K. p\u00fcsp\u00f6ki szolg\u00e1lat\u00e1nak 10 \u00e9ves \u00e9vfordul\u00f3j\u00e1ra (Kv., 2000), Egy erd\u00e9lyi \u0151r\u00e1ll\u00f3 eml\u00e9k\u00e9re (N\u00e9p\u00fajs\u00e1g, 2007. nov. 9.); Egyed \u00c1. 2013; Elm\u00falt jelen; Jakab B\u00e1lint Mih\u00e1ly: Hitr\u0151l \u00e9s magyars\u00e1gr\u00f3l, m\u00faltr\u00f3l, jelenr\u0151l \u00e9s j\u00f6vend\u0151r\u0151l: besz\u00e9lget\u00e9s Cs. K. -nal (Protest\u00e1ns T\u00e9ka, 7. sz., 2007. nov.); J\u00e1szber\u00e9nyi Emese: P\u00fcsp\u00f6kavat\u00e1s (N\u00fa., 1990. j\u00fal. 3.); Kincses 2016; KKACs; Komor\u00f3czy Gy\u00f6rgy: Cs. K. eml\u00e9k\u00e9re (Polg\u00e1ri \u00c9let, 2007. nov. 16\u201322); Kusz\u00e1lik; Magy kutat\u00f3k;. Nagy \u00d6d\u00f6n; Nagy P\u00e1l: Gond; [Nekrol\u00f3g] (N\u00fa., 2007. nov. 8.); P\u00e1l-Antal 2013; Remeteszeg; Sz\u00e9pr\u00e9ti Lilla: \u201eNe sz\u00f3val szeress\u00fcnk, fiacsk\u00e1im.\u201d (Erd\u00e9lyi Figyel\u0151, 12. sz., 1990); T\u00f3falvi 4., 5.; T\u0151k\u00e9s Istv\u00e1n<\/br><\/p>\n","protected":false},"excerpt":{"rendered":"<p>\u00c9rsemly\u00e9n, 1929. szept. 17., \u2020\u00a0Mv., 2007. nov. 7.: ref. lelk\u00e9sz, p\u00fcsp\u00f6k, \u00edr\u00f3. \u2013 Feles\u00e9ge: Nagy Emese lelk\u00e9sz (esk. 1956). Le\u00e1nyuk: Emese, h\u00e1rfam\u0171v\u00e9sz (1958\u2013), dr. Nagy Attil\u00e1n\u00e9, k\u00e9t fi\u00fak: Attila Botond (1981) \u00e9s K\u00e1lm\u00e1n Zsolt (1984). \u2013 Iskol\u00e1i tanulm\u00e1nyait \u00c9rmih\u00e1lyfalv\u00e1n kezdte (1936\u201339), majd S\u00e1rospatakon (1939), Debrecenben tanult (1940\u201343) \u00e9s \u00c9rmih\u00e1lyfalv\u00e1n fejezte be (1944\u201345). Zilahon folytatta tanulm\u00e1nyait [&hellip;]<\/p>\n","protected":false},"featured_media":0,"comment_status":"open","ping_status":"closed","template":"","meta":[],"product_brand":[],"product_cat":[137],"product_tag":[],"class_list":{"0":"post-6183","1":"product","2":"type-product","3":"status-publish","5":"product_cat-maros-megyei-eletrajzi-lexikon","7":"first","8":"instock","9":"shipping-taxable","10":"product-type-simple"},"_links":{"self":[{"href":"https:\/\/uj.adatbank.ro\/lexikon\/wp-json\/wp\/v2\/product\/6183","targetHints":{"allow":["GET"]}}],"collection":[{"href":"https:\/\/uj.adatbank.ro\/lexikon\/wp-json\/wp\/v2\/product"}],"about":[{"href":"https:\/\/uj.adatbank.ro\/lexikon\/wp-json\/wp\/v2\/types\/product"}],"replies":[{"embeddable":true,"href":"https:\/\/uj.adatbank.ro\/lexikon\/wp-json\/wp\/v2\/comments?post=6183"}],"wp:attachment":[{"href":"https:\/\/uj.adatbank.ro\/lexikon\/wp-json\/wp\/v2\/media?parent=6183"}],"wp:term":[{"taxonomy":"product_brand","embeddable":true,"href":"https:\/\/uj.adatbank.ro\/lexikon\/wp-json\/wp\/v2\/product_brand?post=6183"},{"taxonomy":"product_cat","embeddable":true,"href":"https:\/\/uj.adatbank.ro\/lexikon\/wp-json\/wp\/v2\/product_cat?post=6183"},{"taxonomy":"product_tag","embeddable":true,"href":"https:\/\/uj.adatbank.ro\/lexikon\/wp-json\/wp\/v2\/product_tag?post=6183"}],"curies":[{"name":"wp","href":"https:\/\/api.w.org\/{rel}","templated":true}]}}