{"id":6186,"date":"2025-06-28T17:43:31","date_gmt":"2025-06-28T15:43:31","guid":{"rendered":"https:\/\/uj.adatbank.ro\/lexikon\/termek\/csike-borbely-jozsef-magyarlapadi\/"},"modified":"2025-06-28T17:43:31","modified_gmt":"2025-06-28T15:43:31","slug":"csike-borbely-jozsef-magyarlapadi","status":"publish","type":"product","link":"https:\/\/uj.adatbank.ro\/lexikon\/termek\/csike-borbely-jozsef-magyarlapadi\/","title":{"rendered":"CSIKE BORB\u00c9LY J\u00f3zsef, magyarlap\u00e1di"},"content":{"rendered":"<p>? \u2020\u00a0? : v\u00e1rosi tan\u00e1csos, f\u0151b\u00edr\u00f3, ogy.-i k\u00f6vet. \u2013 Tagja a Mv. v\u00e1rosi tan\u00e1csnak (1740). A nevezetes Farkas Borb\u00e1la elleni boszork\u00e1nyperben (1752. \u00e1pr. 12) mint egyik esket\u0151 tan\u00e1csos szerepelt. Mv. k\u00f6vete az erd\u00e9lyi ogy.-ben mint mv.-i r. k. szen\u00e1tor (1759); majd f\u0151b\u00edr\u00f3nak v\u00e1lasztott\u00e1k a Gubernium t\u00e1mogat\u00e1s\u00e1val (1764). <br \/><strong>Irod.:<\/strong> Fodor\u2013Bal\u00e1s; Id\u0151t\u00e1r 1; Kr\u00f3n. F\u00fcz. (1939. 4\/9); P\u00e1l-Antal 2006; P\u00e1l-Antal 2009<\/br><\/p>\n","protected":false},"excerpt":{"rendered":"<p>? \u2020\u00a0? : v\u00e1rosi tan\u00e1csos, f\u0151b\u00edr\u00f3, ogy.-i k\u00f6vet. \u2013 Tagja a Mv. v\u00e1rosi tan\u00e1csnak (1740). A nevezetes Farkas Borb\u00e1la elleni boszork\u00e1nyperben (1752. \u00e1pr. 12) mint egyik esket\u0151 tan\u00e1csos szerepelt. Mv. k\u00f6vete az erd\u00e9lyi ogy.-ben mint mv.-i r. k. szen\u00e1tor (1759); majd f\u0151b\u00edr\u00f3nak v\u00e1lasztott\u00e1k a Gubernium t\u00e1mogat\u00e1s\u00e1val (1764). Irod.: Fodor\u2013Bal\u00e1s; Id\u0151t\u00e1r 1; Kr\u00f3n. F\u00fcz. (1939. 4\/9); [&hellip;]<\/p>\n","protected":false},"featured_media":0,"comment_status":"open","ping_status":"closed","template":"","meta":[],"product_brand":[],"product_cat":[137],"product_tag":[],"class_list":{"0":"post-6186","1":"product","2":"type-product","3":"status-publish","5":"product_cat-maros-megyei-eletrajzi-lexikon","7":"first","8":"instock","9":"shipping-taxable","10":"product-type-simple"},"_links":{"self":[{"href":"https:\/\/uj.adatbank.ro\/lexikon\/wp-json\/wp\/v2\/product\/6186","targetHints":{"allow":["GET"]}}],"collection":[{"href":"https:\/\/uj.adatbank.ro\/lexikon\/wp-json\/wp\/v2\/product"}],"about":[{"href":"https:\/\/uj.adatbank.ro\/lexikon\/wp-json\/wp\/v2\/types\/product"}],"replies":[{"embeddable":true,"href":"https:\/\/uj.adatbank.ro\/lexikon\/wp-json\/wp\/v2\/comments?post=6186"}],"wp:attachment":[{"href":"https:\/\/uj.adatbank.ro\/lexikon\/wp-json\/wp\/v2\/media?parent=6186"}],"wp:term":[{"taxonomy":"product_brand","embeddable":true,"href":"https:\/\/uj.adatbank.ro\/lexikon\/wp-json\/wp\/v2\/product_brand?post=6186"},{"taxonomy":"product_cat","embeddable":true,"href":"https:\/\/uj.adatbank.ro\/lexikon\/wp-json\/wp\/v2\/product_cat?post=6186"},{"taxonomy":"product_tag","embeddable":true,"href":"https:\/\/uj.adatbank.ro\/lexikon\/wp-json\/wp\/v2\/product_tag?post=6186"}],"curies":[{"name":"wp","href":"https:\/\/api.w.org\/{rel}","templated":true}]}}