{"id":6187,"date":"2025-06-28T17:43:32","date_gmt":"2025-06-28T15:43:32","guid":{"rendered":"https:\/\/uj.adatbank.ro\/lexikon\/termek\/csike-borbely-laszlo-magyarlapadi\/"},"modified":"2025-06-28T17:43:32","modified_gmt":"2025-06-28T15:43:32","slug":"csike-borbely-laszlo-magyarlapadi","status":"publish","type":"product","link":"https:\/\/uj.adatbank.ro\/lexikon\/termek\/csike-borbely-laszlo-magyarlapadi\/","title":{"rendered":"CSIKE BORB\u00c9LY L\u00e1szl\u00f3, magyarlap\u00e1di"},"content":{"rendered":"<p>? \u2020\u00a0? : szen\u00e1tor, orator, jegyz\u0151, s\u0151rh\u00e1zb\u00e9rl\u0151. \u2013 Mv. \u2013en v\u00e1rosi szen\u00e1tor (1740\u2013); orator azaz az esk\u00fcdt k\u00f6z\u00f6ns\u00e9g sz\u00f3sz\u00f3l\u00f3ja (1750); majd v\u00e1rosi jegyz\u0151 (1750\u2013), aki a nevezetes Farkas Borb\u00e1la elleni boszork\u00e1nyperben (1752. \u00e1pr. 12.) a vallom\u00e1sok jegyz\u0151k\u00f6nyv\u00e9t vezette; a v\u00e1rosi s\u0151rh\u00e1z \u00e1rend\u00e1sa (1756), utcafel\u00fcgyel\u0151 a Szent Mikl\u00f3s utc\u00e1ban (1759). <br \/><strong>Irod.:<\/strong> Id\u0151t\u00e1r 1; Kr\u00f3n. F\u00fcz. (1939. 4\/9); P\u00e1l-Antal 2006<\/br><\/p>\n","protected":false},"excerpt":{"rendered":"<p>? \u2020\u00a0? : szen\u00e1tor, orator, jegyz\u0151, s\u0151rh\u00e1zb\u00e9rl\u0151. \u2013 Mv. \u2013en v\u00e1rosi szen\u00e1tor (1740\u2013); orator azaz az esk\u00fcdt k\u00f6z\u00f6ns\u00e9g sz\u00f3sz\u00f3l\u00f3ja (1750); majd v\u00e1rosi jegyz\u0151 (1750\u2013), aki a nevezetes Farkas Borb\u00e1la elleni boszork\u00e1nyperben (1752. \u00e1pr. 12.) a vallom\u00e1sok jegyz\u0151k\u00f6nyv\u00e9t vezette; a v\u00e1rosi s\u0151rh\u00e1z \u00e1rend\u00e1sa (1756), utcafel\u00fcgyel\u0151 a Szent Mikl\u00f3s utc\u00e1ban (1759). Irod.: Id\u0151t\u00e1r 1; Kr\u00f3n. F\u00fcz. (1939. [&hellip;]<\/p>\n","protected":false},"featured_media":0,"comment_status":"open","ping_status":"closed","template":"","meta":[],"product_brand":[],"product_cat":[137],"product_tag":[],"class_list":{"0":"post-6187","1":"product","2":"type-product","3":"status-publish","5":"product_cat-maros-megyei-eletrajzi-lexikon","7":"first","8":"instock","9":"shipping-taxable","10":"product-type-simple"},"_links":{"self":[{"href":"https:\/\/uj.adatbank.ro\/lexikon\/wp-json\/wp\/v2\/product\/6187","targetHints":{"allow":["GET"]}}],"collection":[{"href":"https:\/\/uj.adatbank.ro\/lexikon\/wp-json\/wp\/v2\/product"}],"about":[{"href":"https:\/\/uj.adatbank.ro\/lexikon\/wp-json\/wp\/v2\/types\/product"}],"replies":[{"embeddable":true,"href":"https:\/\/uj.adatbank.ro\/lexikon\/wp-json\/wp\/v2\/comments?post=6187"}],"wp:attachment":[{"href":"https:\/\/uj.adatbank.ro\/lexikon\/wp-json\/wp\/v2\/media?parent=6187"}],"wp:term":[{"taxonomy":"product_brand","embeddable":true,"href":"https:\/\/uj.adatbank.ro\/lexikon\/wp-json\/wp\/v2\/product_brand?post=6187"},{"taxonomy":"product_cat","embeddable":true,"href":"https:\/\/uj.adatbank.ro\/lexikon\/wp-json\/wp\/v2\/product_cat?post=6187"},{"taxonomy":"product_tag","embeddable":true,"href":"https:\/\/uj.adatbank.ro\/lexikon\/wp-json\/wp\/v2\/product_tag?post=6187"}],"curies":[{"name":"wp","href":"https:\/\/api.w.org\/{rel}","templated":true}]}}