{"id":6190,"date":"2025-06-28T17:43:39","date_gmt":"2025-06-28T15:43:39","guid":{"rendered":"https:\/\/uj.adatbank.ro\/lexikon\/termek\/csiki-albert-nyaradkaracsonfalvi\/"},"modified":"2025-06-28T17:43:39","modified_gmt":"2025-06-28T15:43:39","slug":"csiki-albert-nyaradkaracsonfalvi","status":"publish","type":"product","link":"https:\/\/uj.adatbank.ro\/lexikon\/termek\/csiki-albert-nyaradkaracsonfalvi\/","title":{"rendered":"CS\u00cdKI Albert, ny\u00e1r\u00e1dkar\u00e1csonfalvi"},"content":{"rendered":"<p>1863., \u2020\u00a0Mv., 1888. \u00e1pr. 5.: birtokos \u00e9s jegyz\u0151, m. kir. ad\u00f3t\u00e1rnok. \u2013 Cs\u00edki J\u00f3zsef (1843., \u2020\u00a0Mv., 1884. okt. 29.) \u00e9s Verz\u00e1r M\u00e1ria (\u2020\u00a0Mv., 1890. j\u00fan. 14.) fia. Testv\u00e9rei: Anna Csipk\u00e9s K\u00e1rolyn\u00e9; Lajos \u00e9s Ferenc, feles\u00e9ge: M\u00fcller Eszter. Gyermekeik: B\u00e9la, \u00c1rp\u00e1d, Laura. <br \/><strong>Irod.:<\/strong> Gy\u00e1szjelent\u0151; P\u00e1lmay<\/br><\/p>\n","protected":false},"excerpt":{"rendered":"<p>1863., \u2020\u00a0Mv., 1888. \u00e1pr. 5.: birtokos \u00e9s jegyz\u0151, m. kir. ad\u00f3t\u00e1rnok. \u2013 Cs\u00edki J\u00f3zsef (1843., \u2020\u00a0Mv., 1884. okt. 29.) \u00e9s Verz\u00e1r M\u00e1ria (\u2020\u00a0Mv., 1890. j\u00fan. 14.) fia. Testv\u00e9rei: Anna Csipk\u00e9s K\u00e1rolyn\u00e9; Lajos \u00e9s Ferenc, feles\u00e9ge: M\u00fcller Eszter. Gyermekeik: B\u00e9la, \u00c1rp\u00e1d, Laura. Irod.: Gy\u00e1szjelent\u0151; P\u00e1lmay<\/p>\n","protected":false},"featured_media":0,"comment_status":"open","ping_status":"closed","template":"","meta":[],"product_brand":[],"product_cat":[137],"product_tag":[],"class_list":{"0":"post-6190","1":"product","2":"type-product","3":"status-publish","5":"product_cat-maros-megyei-eletrajzi-lexikon","7":"first","8":"instock","9":"shipping-taxable","10":"product-type-simple"},"_links":{"self":[{"href":"https:\/\/uj.adatbank.ro\/lexikon\/wp-json\/wp\/v2\/product\/6190","targetHints":{"allow":["GET"]}}],"collection":[{"href":"https:\/\/uj.adatbank.ro\/lexikon\/wp-json\/wp\/v2\/product"}],"about":[{"href":"https:\/\/uj.adatbank.ro\/lexikon\/wp-json\/wp\/v2\/types\/product"}],"replies":[{"embeddable":true,"href":"https:\/\/uj.adatbank.ro\/lexikon\/wp-json\/wp\/v2\/comments?post=6190"}],"wp:attachment":[{"href":"https:\/\/uj.adatbank.ro\/lexikon\/wp-json\/wp\/v2\/media?parent=6190"}],"wp:term":[{"taxonomy":"product_brand","embeddable":true,"href":"https:\/\/uj.adatbank.ro\/lexikon\/wp-json\/wp\/v2\/product_brand?post=6190"},{"taxonomy":"product_cat","embeddable":true,"href":"https:\/\/uj.adatbank.ro\/lexikon\/wp-json\/wp\/v2\/product_cat?post=6190"},{"taxonomy":"product_tag","embeddable":true,"href":"https:\/\/uj.adatbank.ro\/lexikon\/wp-json\/wp\/v2\/product_tag?post=6190"}],"curies":[{"name":"wp","href":"https:\/\/api.w.org\/{rel}","templated":true}]}}