{"id":6191,"date":"2025-06-28T17:43:41","date_gmt":"2025-06-28T15:43:41","guid":{"rendered":"https:\/\/uj.adatbank.ro\/lexikon\/termek\/csiki-andras\/"},"modified":"2025-06-28T17:43:41","modified_gmt":"2025-06-28T15:43:41","slug":"csiki-andras","status":"publish","type":"product","link":"https:\/\/uj.adatbank.ro\/lexikon\/termek\/csiki-andras\/","title":{"rendered":"CS\u00cdKI Andr\u00e1s"},"content":{"rendered":"<p>? \u2020 ? : f\u00f6ldbirtokos. \u2013 Tusonban voltak a birtokai. A fell\u00e1zadt lakosok fellelt\u00e1rozt\u00e1k vagyon\u00e1t \u00e9s sz\u00e9tosztott\u00e1k a nincsteleneknek (1848). <br \/><strong>Irod.:<\/strong> S\u00e2npetru de C\u00e2mpie<\/br><\/p>\n","protected":false},"excerpt":{"rendered":"<p>? \u2020 ? : f\u00f6ldbirtokos. \u2013 Tusonban voltak a birtokai. A fell\u00e1zadt lakosok fellelt\u00e1rozt\u00e1k vagyon\u00e1t \u00e9s sz\u00e9tosztott\u00e1k a nincsteleneknek (1848). Irod.: S\u00e2npetru de C\u00e2mpie<\/p>\n","protected":false},"featured_media":0,"comment_status":"open","ping_status":"closed","template":"","meta":[],"product_brand":[],"product_cat":[137],"product_tag":[],"class_list":{"0":"post-6191","1":"product","2":"type-product","3":"status-publish","5":"product_cat-maros-megyei-eletrajzi-lexikon","7":"first","8":"instock","9":"shipping-taxable","10":"product-type-simple"},"_links":{"self":[{"href":"https:\/\/uj.adatbank.ro\/lexikon\/wp-json\/wp\/v2\/product\/6191","targetHints":{"allow":["GET"]}}],"collection":[{"href":"https:\/\/uj.adatbank.ro\/lexikon\/wp-json\/wp\/v2\/product"}],"about":[{"href":"https:\/\/uj.adatbank.ro\/lexikon\/wp-json\/wp\/v2\/types\/product"}],"replies":[{"embeddable":true,"href":"https:\/\/uj.adatbank.ro\/lexikon\/wp-json\/wp\/v2\/comments?post=6191"}],"wp:attachment":[{"href":"https:\/\/uj.adatbank.ro\/lexikon\/wp-json\/wp\/v2\/media?parent=6191"}],"wp:term":[{"taxonomy":"product_brand","embeddable":true,"href":"https:\/\/uj.adatbank.ro\/lexikon\/wp-json\/wp\/v2\/product_brand?post=6191"},{"taxonomy":"product_cat","embeddable":true,"href":"https:\/\/uj.adatbank.ro\/lexikon\/wp-json\/wp\/v2\/product_cat?post=6191"},{"taxonomy":"product_tag","embeddable":true,"href":"https:\/\/uj.adatbank.ro\/lexikon\/wp-json\/wp\/v2\/product_tag?post=6191"}],"curies":[{"name":"wp","href":"https:\/\/api.w.org\/{rel}","templated":true}]}}