{"id":6196,"date":"2025-06-28T17:43:51","date_gmt":"2025-06-28T15:43:51","guid":{"rendered":"https:\/\/uj.adatbank.ro\/lexikon\/termek\/csiki-ferenc-csiky-ferenc-csiky-franciscus\/"},"modified":"2025-06-28T17:43:51","modified_gmt":"2025-06-28T15:43:51","slug":"csiki-ferenc-csiky-ferenc-csiky-franciscus","status":"publish","type":"product","link":"https:\/\/uj.adatbank.ro\/lexikon\/termek\/csiki-ferenc-csiky-ferenc-csiky-franciscus\/","title":{"rendered":"CS\u00cdKI Ferenc, Csiky Ferenc; Cs\u00edky Franciscus"},"content":{"rendered":"<p>Mv., 1819. m\u00e1j. 27, \u2020 Mv., 1849. j\u00fal. 27.: gy\u00f3gyszer\u00e9sz. \u2013 \u00d6rm\u00e9ny keresked\u0151 csal\u00e1d sarja. Cs. M\u00e1rton \u00e9s Verz\u00e1r Johanna fia. Testv\u00e9re: Cs. J\u00e1nos orvosdoktor. Feles\u00e9ge: Verz\u00e1r Josepha. Le\u00e1nyuk: Jozefa (1846. j\u00fan. 6. &#8211; ? ). \u2013 Oklevelet a bp.-i egyetemen kapott (1841. j\u00fal. 19). A mv.-i Szentl\u00e9lek gy\u00f3gyszert\u00e1r tulajdonosa (1841\u201349). Hal\u00e1la ut\u00e1n feles\u00e9ge az \u00f6r\u00f6k\u00f6s (1850\u2013), a b\u00e9rl\u0151 B\u00edr\u00f3 M\u00f3r (1864\u201369). Cs. F. ut\u00f3dai a tulajdonosok \u00e9s Burd\u00e1cs Alajos a b\u00e9rl\u0151 (1869\u201372). Gy\u00f3gyszer\u00e9szi \u00e9rtekez\u00e9s\u00e9t, ami megtal\u00e1lhat\u00f3 egyar\u00e1nt a MMK-ban \u00e9s a Teleki T\u00e9k\u00e1ban, orvos testv\u00e9r\u00e9nek aj\u00e1nlta. \u2013 <strong>F. m.:<\/strong> R\u00f6vid vegytan-gy\u00f3gyszer\u00e9szi \u00e9rtekez\u00e9s az ibol\u00f3r\u00f3l (Jodium) \u00e9s a b\u00fczanyr\u00f3l (Bromium) (Pest, 1841). <br \/><strong>Irod.:<\/strong> D\u00f6rnyei 2010; Gy\u0151ry; P\u00e9ter H. M.; P\u00e9ter H. M. 2013; P\u00e1l-Antal 2009; P\u00e1l-Antal S\u00e1ndor: \u00d6rm\u00e9nyek Mv.-en 1848 el\u0151tt = Pusk\u00e1s-Sz\u00e1sz \u00c1v\u00e9d; Szab\u00f3 Mikl\u00f3s 2005; Szinnyei; Szinnyei J. -Sz. J.<\/br><\/p>\n","protected":false},"excerpt":{"rendered":"<p>Mv., 1819. m\u00e1j. 27, \u2020 Mv., 1849. j\u00fal. 27.: gy\u00f3gyszer\u00e9sz. \u2013 \u00d6rm\u00e9ny keresked\u0151 csal\u00e1d sarja. Cs. M\u00e1rton \u00e9s Verz\u00e1r Johanna fia. Testv\u00e9re: Cs. J\u00e1nos orvosdoktor. Feles\u00e9ge: Verz\u00e1r Josepha. Le\u00e1nyuk: Jozefa (1846. j\u00fan. 6. &#8211; ? ). \u2013 Oklevelet a bp.-i egyetemen kapott (1841. j\u00fal. 19). A mv.-i Szentl\u00e9lek gy\u00f3gyszert\u00e1r tulajdonosa (1841\u201349). Hal\u00e1la ut\u00e1n feles\u00e9ge az [&hellip;]<\/p>\n","protected":false},"featured_media":0,"comment_status":"open","ping_status":"closed","template":"","meta":[],"product_brand":[],"product_cat":[137],"product_tag":[],"class_list":{"0":"post-6196","1":"product","2":"type-product","3":"status-publish","5":"product_cat-maros-megyei-eletrajzi-lexikon","7":"first","8":"instock","9":"shipping-taxable","10":"product-type-simple"},"_links":{"self":[{"href":"https:\/\/uj.adatbank.ro\/lexikon\/wp-json\/wp\/v2\/product\/6196","targetHints":{"allow":["GET"]}}],"collection":[{"href":"https:\/\/uj.adatbank.ro\/lexikon\/wp-json\/wp\/v2\/product"}],"about":[{"href":"https:\/\/uj.adatbank.ro\/lexikon\/wp-json\/wp\/v2\/types\/product"}],"replies":[{"embeddable":true,"href":"https:\/\/uj.adatbank.ro\/lexikon\/wp-json\/wp\/v2\/comments?post=6196"}],"wp:attachment":[{"href":"https:\/\/uj.adatbank.ro\/lexikon\/wp-json\/wp\/v2\/media?parent=6196"}],"wp:term":[{"taxonomy":"product_brand","embeddable":true,"href":"https:\/\/uj.adatbank.ro\/lexikon\/wp-json\/wp\/v2\/product_brand?post=6196"},{"taxonomy":"product_cat","embeddable":true,"href":"https:\/\/uj.adatbank.ro\/lexikon\/wp-json\/wp\/v2\/product_cat?post=6196"},{"taxonomy":"product_tag","embeddable":true,"href":"https:\/\/uj.adatbank.ro\/lexikon\/wp-json\/wp\/v2\/product_tag?post=6196"}],"curies":[{"name":"wp","href":"https:\/\/api.w.org\/{rel}","templated":true}]}}