{"id":6197,"date":"2025-06-28T17:43:52","date_gmt":"2025-06-28T15:43:52","guid":{"rendered":"https:\/\/uj.adatbank.ro\/lexikon\/termek\/csiki-ferencne-verzar-josepha\/"},"modified":"2025-06-28T17:43:52","modified_gmt":"2025-06-28T15:43:52","slug":"csiki-ferencne-verzar-josepha","status":"publish","type":"product","link":"https:\/\/uj.adatbank.ro\/lexikon\/termek\/csiki-ferencne-verzar-josepha\/","title":{"rendered":"CS\u00cdKI Ferencn\u00e9, Verz\u00e1r Josepha"},"content":{"rendered":"<p>1824.? \u2020\u00a0Mv., 1864. szept. 28: malomtulajdonos. \u2013 F\u00e9rje Cs. Ferenc (1819\u20131849). \u2013 \u00d6zv., malmot birtokolt Marosszentgy\u00f6rgy\u00f6n (1926). <br \/><strong>Irod.:<\/strong> Gy\u00e1szjelent\u0151; Pan\u0103; P\u00e1l-Antal S\u00e1ndor: \u00d6rm\u00e9nyek Mv.-en 1848 el\u0151tt = Pusk\u00e1s-Sz\u00e1sz \u00c1v\u00e9d<\/br><\/p>\n","protected":false},"excerpt":{"rendered":"<p>1824.? \u2020\u00a0Mv., 1864. szept. 28: malomtulajdonos. \u2013 F\u00e9rje Cs. Ferenc (1819\u20131849). \u2013 \u00d6zv., malmot birtokolt Marosszentgy\u00f6rgy\u00f6n (1926). Irod.: Gy\u00e1szjelent\u0151; Pan\u0103; P\u00e1l-Antal S\u00e1ndor: \u00d6rm\u00e9nyek Mv.-en 1848 el\u0151tt = Pusk\u00e1s-Sz\u00e1sz \u00c1v\u00e9d<\/p>\n","protected":false},"featured_media":0,"comment_status":"open","ping_status":"closed","template":"","meta":[],"product_brand":[],"product_cat":[137],"product_tag":[],"class_list":{"0":"post-6197","1":"product","2":"type-product","3":"status-publish","5":"product_cat-maros-megyei-eletrajzi-lexikon","7":"first","8":"instock","9":"shipping-taxable","10":"product-type-simple"},"_links":{"self":[{"href":"https:\/\/uj.adatbank.ro\/lexikon\/wp-json\/wp\/v2\/product\/6197","targetHints":{"allow":["GET"]}}],"collection":[{"href":"https:\/\/uj.adatbank.ro\/lexikon\/wp-json\/wp\/v2\/product"}],"about":[{"href":"https:\/\/uj.adatbank.ro\/lexikon\/wp-json\/wp\/v2\/types\/product"}],"replies":[{"embeddable":true,"href":"https:\/\/uj.adatbank.ro\/lexikon\/wp-json\/wp\/v2\/comments?post=6197"}],"wp:attachment":[{"href":"https:\/\/uj.adatbank.ro\/lexikon\/wp-json\/wp\/v2\/media?parent=6197"}],"wp:term":[{"taxonomy":"product_brand","embeddable":true,"href":"https:\/\/uj.adatbank.ro\/lexikon\/wp-json\/wp\/v2\/product_brand?post=6197"},{"taxonomy":"product_cat","embeddable":true,"href":"https:\/\/uj.adatbank.ro\/lexikon\/wp-json\/wp\/v2\/product_cat?post=6197"},{"taxonomy":"product_tag","embeddable":true,"href":"https:\/\/uj.adatbank.ro\/lexikon\/wp-json\/wp\/v2\/product_tag?post=6197"}],"curies":[{"name":"wp","href":"https:\/\/api.w.org\/{rel}","templated":true}]}}