{"id":6198,"date":"2025-06-28T17:43:54","date_gmt":"2025-06-28T15:43:54","guid":{"rendered":"https:\/\/uj.adatbank.ro\/lexikon\/termek\/csiki-gergely-csiki-gergely\/"},"modified":"2025-06-28T17:43:54","modified_gmt":"2025-06-28T15:43:54","slug":"csiki-gergely-csiki-gergely","status":"publish","type":"product","link":"https:\/\/uj.adatbank.ro\/lexikon\/termek\/csiki-gergely-csiki-gergely\/","title":{"rendered":"CS\u00cdKI Gergely, Csiki Gergely"},"content":{"rendered":"<p>? \u2020\u00a0? : keresked\u0151. \u2013 Feles\u00e9ge: Cs. Ant\u00f3nia (1837 \u2013 Mv., 1877. \u00e1pr. 7.). Gyermekeik: Ir\u00e9n, Istv\u00e1n, Zolt\u00e1n. \u2013 Mv. egyik legvagyonosabb keresked\u0151je (1842). Virilista (1888\u201389). <br \/><strong>Irod.:<\/strong> Csepreghy A. &#8211; Cs. H.; Id\u0151t\u00e1r 2; P\u00e1l-Antal 2009<\/br><\/p>\n","protected":false},"excerpt":{"rendered":"<p>? \u2020\u00a0? : keresked\u0151. \u2013 Feles\u00e9ge: Cs. Ant\u00f3nia (1837 \u2013 Mv., 1877. \u00e1pr. 7.). Gyermekeik: Ir\u00e9n, Istv\u00e1n, Zolt\u00e1n. \u2013 Mv. egyik legvagyonosabb keresked\u0151je (1842). Virilista (1888\u201389). Irod.: Csepreghy A. &#8211; Cs. H.; Id\u0151t\u00e1r 2; P\u00e1l-Antal 2009<\/p>\n","protected":false},"featured_media":0,"comment_status":"open","ping_status":"closed","template":"","meta":[],"product_brand":[],"product_cat":[137],"product_tag":[],"class_list":{"0":"post-6198","1":"product","2":"type-product","3":"status-publish","5":"product_cat-maros-megyei-eletrajzi-lexikon","7":"first","8":"instock","9":"shipping-taxable","10":"product-type-simple"},"_links":{"self":[{"href":"https:\/\/uj.adatbank.ro\/lexikon\/wp-json\/wp\/v2\/product\/6198","targetHints":{"allow":["GET"]}}],"collection":[{"href":"https:\/\/uj.adatbank.ro\/lexikon\/wp-json\/wp\/v2\/product"}],"about":[{"href":"https:\/\/uj.adatbank.ro\/lexikon\/wp-json\/wp\/v2\/types\/product"}],"replies":[{"embeddable":true,"href":"https:\/\/uj.adatbank.ro\/lexikon\/wp-json\/wp\/v2\/comments?post=6198"}],"wp:attachment":[{"href":"https:\/\/uj.adatbank.ro\/lexikon\/wp-json\/wp\/v2\/media?parent=6198"}],"wp:term":[{"taxonomy":"product_brand","embeddable":true,"href":"https:\/\/uj.adatbank.ro\/lexikon\/wp-json\/wp\/v2\/product_brand?post=6198"},{"taxonomy":"product_cat","embeddable":true,"href":"https:\/\/uj.adatbank.ro\/lexikon\/wp-json\/wp\/v2\/product_cat?post=6198"},{"taxonomy":"product_tag","embeddable":true,"href":"https:\/\/uj.adatbank.ro\/lexikon\/wp-json\/wp\/v2\/product_tag?post=6198"}],"curies":[{"name":"wp","href":"https:\/\/api.w.org\/{rel}","templated":true}]}}