{"id":6199,"date":"2025-06-28T17:43:56","date_gmt":"2025-06-28T15:43:56","guid":{"rendered":"https:\/\/uj.adatbank.ro\/lexikon\/termek\/csiki-gergely-csiky-gergely\/"},"modified":"2025-06-28T17:43:56","modified_gmt":"2025-06-28T15:43:56","slug":"csiki-gergely-csiky-gergely","status":"publish","type":"product","link":"https:\/\/uj.adatbank.ro\/lexikon\/termek\/csiki-gergely-csiky-gergely\/","title":{"rendered":"CS\u00cdKI Gergely, Cs\u00edky Gergely"},"content":{"rendered":"<p>1790.? \u2020\u00a0Mv., 1860. m\u00e1rc. 15.: keresked\u0151. \u2013 M\u00e1rton \u00e9s K\u00f6v\u00e9r Johanna fia. Feles\u00e9ge: 1. Simai Anna (1799-Mv., 1825. dec. 16., temetve a mv.-i pl\u00e9b\u00e1nia templom kript\u00e1j\u00e1ban ). Gyermekeik: J\u00e1nos Domokos (1819. m\u00e1j. 15. \u2013 1853. febr. 4), Gergely (1821. nov. 4\u2013), Johanna Veronika (1822. m\u00e1j. 1\u2013), Erzs\u00e9bet (1825. aug. 29\u2013); 2. M\u00e1rtonffi Ter\u00e9zia (1801-Mv., 1868. m\u00e1rc. 4). Gyermekei: M\u00e1rton (1817\u20131867); Veronika M\u00e1ria Duha Tiborn\u00e9 (1829. \u00e1pr. 12\u2013); M\u00e1ria Am\u00e1lia (1830. aug. 29. \u2013) cs. kir. sz\u00e1zados Tkalacz Andr\u00e1sn\u00e9; Gergely (1832. j\u00fal. 20\u20131914. m\u00e1rc. 29.); J\u00e1nos (1833. szept. 2\u20131880. \u00e1pr. 16), M\u00e1ria Ludovika (1839. j\u00fal. 29. \u2013), Lujza. \u2013 Remeteszegi tulajdonos (1814\u2013). A B\u00e9cs \u00e9s Mv. k\u00f6z\u00f6tt rendszeres szekeres j\u00e1ratot \u00fczemeletett. Az akkor indul\u00f3 \u201ep\u00e9nz\u00e1pol\u00f3\u201d int\u00e9zet hivatalos \u00fcgyn\u00f6ke volt \u00e9s \u00edgy banki szolg\u00e1ltat\u00e1st is biztos\u00edtott. Bolyaiaknak egyik legfontosabb szolg\u00e1ltat\u00f3ja. K\u00f6zvetitette Bolyai Farkas \u00e9s J\u00e1nos levelez\u00e9s\u00e9t B\u00e9cs \u00e9s Mv. k\u00f6z\u00f6tt. A v\u00e1ros legt\u0151bb ad\u00f3t fizet\u0151 polg\u00e1ra volt (1842). <br \/><strong>Irod.:<\/strong> Gy\u00e1szjelent\u0151; Mv.-i Pl\u00e9b\u00e1niatemplom kript\u00e1ja; Ol\u00e1h-G\u00e1l R\u00f3bert: A Cs\u00edky csal\u00e1d \u00e9s a Bolyaiak (N\u00fa., Sz\u00ednes Vil\u00e1g, 2010. j\u00fan. 19.); Orb\u00e1n J\u00e1nos: Mv.-i \u201edetekt\u00edvt\u00f6rt\u00e9net\u201d Szem\u00e9tben rejl\u0151 bizony\u00edt\u00e9kok (Erd\u00e9lyi \u00d6rm\u00e9ny Gy\u00f6kerek, 217. sz., 2015. m\u00e1j. -j\u00fan.); P\u00e1l-Antal S\u00e1ndor: \u00d6rm\u00e9nyek Mv.-en 1848 el\u0151tt = Pusk\u00e1s-Sz\u00e1sz \u00c1v\u00e9d.; Remeteszeg<\/br><\/p>\n","protected":false},"excerpt":{"rendered":"<p>1790.? \u2020\u00a0Mv., 1860. m\u00e1rc. 15.: keresked\u0151. \u2013 M\u00e1rton \u00e9s K\u00f6v\u00e9r Johanna fia. Feles\u00e9ge: 1. Simai Anna (1799-Mv., 1825. dec. 16., temetve a mv.-i pl\u00e9b\u00e1nia templom kript\u00e1j\u00e1ban ). Gyermekeik: J\u00e1nos Domokos (1819. m\u00e1j. 15. \u2013 1853. febr. 4), Gergely (1821. nov. 4\u2013), Johanna Veronika (1822. m\u00e1j. 1\u2013), Erzs\u00e9bet (1825. aug. 29\u2013); 2. M\u00e1rtonffi Ter\u00e9zia (1801-Mv., 1868. [&hellip;]<\/p>\n","protected":false},"featured_media":0,"comment_status":"open","ping_status":"closed","template":"","meta":[],"product_brand":[],"product_cat":[137],"product_tag":[],"class_list":{"0":"post-6199","1":"product","2":"type-product","3":"status-publish","5":"product_cat-maros-megyei-eletrajzi-lexikon","7":"first","8":"instock","9":"shipping-taxable","10":"product-type-simple"},"_links":{"self":[{"href":"https:\/\/uj.adatbank.ro\/lexikon\/wp-json\/wp\/v2\/product\/6199","targetHints":{"allow":["GET"]}}],"collection":[{"href":"https:\/\/uj.adatbank.ro\/lexikon\/wp-json\/wp\/v2\/product"}],"about":[{"href":"https:\/\/uj.adatbank.ro\/lexikon\/wp-json\/wp\/v2\/types\/product"}],"replies":[{"embeddable":true,"href":"https:\/\/uj.adatbank.ro\/lexikon\/wp-json\/wp\/v2\/comments?post=6199"}],"wp:attachment":[{"href":"https:\/\/uj.adatbank.ro\/lexikon\/wp-json\/wp\/v2\/media?parent=6199"}],"wp:term":[{"taxonomy":"product_brand","embeddable":true,"href":"https:\/\/uj.adatbank.ro\/lexikon\/wp-json\/wp\/v2\/product_brand?post=6199"},{"taxonomy":"product_cat","embeddable":true,"href":"https:\/\/uj.adatbank.ro\/lexikon\/wp-json\/wp\/v2\/product_cat?post=6199"},{"taxonomy":"product_tag","embeddable":true,"href":"https:\/\/uj.adatbank.ro\/lexikon\/wp-json\/wp\/v2\/product_tag?post=6199"}],"curies":[{"name":"wp","href":"https:\/\/api.w.org\/{rel}","templated":true}]}}