{"id":6202,"date":"2025-06-28T17:44:13","date_gmt":"2025-06-28T15:44:13","guid":{"rendered":"https:\/\/uj.adatbank.ro\/lexikon\/termek\/csiki-gyorgy-3\/"},"modified":"2025-06-28T17:44:13","modified_gmt":"2025-06-28T15:44:13","slug":"csiki-gyorgy-3","status":"publish","type":"product","link":"https:\/\/uj.adatbank.ro\/lexikon\/termek\/csiki-gyorgy-3\/","title":{"rendered":"CS\u00cdKI Gy\u00f6rgy"},"content":{"rendered":"<p>Disznaj\u00f3, 1890., \u2020\u00a0? : ref. lelk\u00e9sz. \u2013 A csikdelenei Bocskor-Csiki csal\u00e1d lesz\u00e1rmazottja. \u2013 K\u00f6z\u00e9piskol\u00e1it Mv.-en, a teol\u00f3gi\u00e1t Kv.-on v\u00e9gezte. K\u00e1pl\u00e1n (1912\u201314), el\u0151bb Disznaj\u00f3n, majd Kisf\u00fclp\u00f6s\u00f6n, Dedr\u00e1dsz\u00e9plakon (1914\u201329) azut\u00e1n Harasztker\u00e9ken volt lelkip\u00e1sztor nyugd\u00edjaz\u00e1s\u00e1ig (1934\u20131963. j\u00fal. 7.). <br \/><strong>Irod.:<\/strong> B\u00f6jthe Andor; Erd\u00e9lyi v\u00e1rmegy\u00e9k; Ref. egyetemes n\u00e9vt\u00e1r; Sz\u00e9kelyf\u00f6ld \u00ed. k.<\/br><\/p>\n","protected":false},"excerpt":{"rendered":"<p>Disznaj\u00f3, 1890., \u2020\u00a0? : ref. lelk\u00e9sz. \u2013 A csikdelenei Bocskor-Csiki csal\u00e1d lesz\u00e1rmazottja. \u2013 K\u00f6z\u00e9piskol\u00e1it Mv.-en, a teol\u00f3gi\u00e1t Kv.-on v\u00e9gezte. K\u00e1pl\u00e1n (1912\u201314), el\u0151bb Disznaj\u00f3n, majd Kisf\u00fclp\u00f6s\u00f6n, Dedr\u00e1dsz\u00e9plakon (1914\u201329) azut\u00e1n Harasztker\u00e9ken volt lelkip\u00e1sztor nyugd\u00edjaz\u00e1s\u00e1ig (1934\u20131963. j\u00fal. 7.). Irod.: B\u00f6jthe Andor; Erd\u00e9lyi v\u00e1rmegy\u00e9k; Ref. egyetemes n\u00e9vt\u00e1r; Sz\u00e9kelyf\u00f6ld \u00ed. k.<\/p>\n","protected":false},"featured_media":0,"comment_status":"open","ping_status":"closed","template":"","meta":[],"product_brand":[],"product_cat":[137],"product_tag":[],"class_list":{"0":"post-6202","1":"product","2":"type-product","3":"status-publish","5":"product_cat-maros-megyei-eletrajzi-lexikon","7":"first","8":"instock","9":"shipping-taxable","10":"product-type-simple"},"_links":{"self":[{"href":"https:\/\/uj.adatbank.ro\/lexikon\/wp-json\/wp\/v2\/product\/6202","targetHints":{"allow":["GET"]}}],"collection":[{"href":"https:\/\/uj.adatbank.ro\/lexikon\/wp-json\/wp\/v2\/product"}],"about":[{"href":"https:\/\/uj.adatbank.ro\/lexikon\/wp-json\/wp\/v2\/types\/product"}],"replies":[{"embeddable":true,"href":"https:\/\/uj.adatbank.ro\/lexikon\/wp-json\/wp\/v2\/comments?post=6202"}],"wp:attachment":[{"href":"https:\/\/uj.adatbank.ro\/lexikon\/wp-json\/wp\/v2\/media?parent=6202"}],"wp:term":[{"taxonomy":"product_brand","embeddable":true,"href":"https:\/\/uj.adatbank.ro\/lexikon\/wp-json\/wp\/v2\/product_brand?post=6202"},{"taxonomy":"product_cat","embeddable":true,"href":"https:\/\/uj.adatbank.ro\/lexikon\/wp-json\/wp\/v2\/product_cat?post=6202"},{"taxonomy":"product_tag","embeddable":true,"href":"https:\/\/uj.adatbank.ro\/lexikon\/wp-json\/wp\/v2\/product_tag?post=6202"}],"curies":[{"name":"wp","href":"https:\/\/api.w.org\/{rel}","templated":true}]}}