{"id":6209,"date":"2025-06-28T17:44:25","date_gmt":"2025-06-28T15:44:25","guid":{"rendered":"https:\/\/uj.adatbank.ro\/lexikon\/termek\/csiki-janos-jozsef-chiki-johann-csiky-janos-jozsef\/"},"modified":"2025-06-28T17:44:25","modified_gmt":"2025-06-28T15:44:25","slug":"csiki-janos-jozsef-chiki-johann-csiky-janos-jozsef","status":"publish","type":"product","link":"https:\/\/uj.adatbank.ro\/lexikon\/termek\/csiki-janos-jozsef-chiki-johann-csiky-janos-jozsef\/","title":{"rendered":"CS\u00cdKI J\u00e1nos J\u00f3zsef, Chiki\u00a0Johann; Csiky J\u00e1nos J\u00f3zsef"},"content":{"rendered":"<p>Mv., 1800., \u2020\u00a0Mv., 1867. m\u00e1j. 12.: dr, orvos, seb\u00e9sz. \u2013 M\u00e1rton \u00e9s Verz\u00e1r Johanna fia. Feles\u00e9ge: sepr\u0151di Cz\u00e1r\u00e1n Rebeka. Gyermekeik: Janka\/Johanna (1836. m\u00e1rc. 1. \u2013 1905. jan. 13.) Verz\u00e1r Mih\u00e1lyn\u00e9; Gyula J\u00e1nos (1838. aug. 6. \u2013 1893. dec. 30); Viktor (1841. m\u00e1rc. 27\u20131924. jan. 1); Roz\u00e1lia Anna (1842. nov. 12\u2013). \u2013 B\u00e9csben orvosi tanulm\u00e1nyokat folytatott (1821). \u00d6rm\u00e9ny sz\u00e1rmaz\u00e1s\u00fa orvos Mv-en. Szotyori J\u00f3zsefet helyettes\u00edtette a mv.-i k\u00f3rh\u00e1z vezet\u00e9s\u00e9ben (1824\u2013). B\u00e9lteki Nagy Zsigmond szerint kivette r\u00e9sz\u00e9t a kolera elleni k\u00fczdelemben (1831\u201335). Mv.-en a koll.-i katonai k\u00f3rh\u00e1zban, seb\u00e9sz gyakornoka Simon L\u00e1szl\u00f3 volt (1848\u201349). Tisztiorvos, a sz. k. v\u00e1ros f\u0151orvosa (1844\u201367). \u2013 <strong>F. m.:<\/strong> Dissertatio inauguralis medica sistens functionum organico-animalium repentinam suspensionem (Viennae, 1826). <br \/><strong>Irod.:<\/strong> 1848\u20131849 Marossz\u00e9k; Barab\u00e1s-P\u00e9ter M.\u2013P\u00e9ter H. M.; Benk\u0151 K.: Mv.; Cs. J. [Nekrol\u00f3g] (Sz\u00e9kely K\u00f6zl\u00f6ny, 1867. m\u00e1j. 14.); D\u00f6rnyei 2010; Gy\u00e1szjelent\u0151; Gy\u0151ry; Id\u0151t\u00e1r 1.; Mv.-i \u00f6rm\u00e9nyek; P\u00e1l-Antal S\u00e1ndor: \u00d6rm\u00e9nyek Mv.-en 1848 el\u0151tt = Pusk\u00e1s-Sz\u00e1sz \u00c1v\u00e9d; Pusk\u00e1s -Sz\u00e1sz \u00c1v\u00e9d; Spielmann: A hazai orvostud.; Szab\u00f3\u2013Sz\u00f6gi; Szinnyei; Szinnyei J. -Sz. J., Szotyori<\/br><\/p>\n","protected":false},"excerpt":{"rendered":"<p>Mv., 1800., \u2020\u00a0Mv., 1867. m\u00e1j. 12.: dr, orvos, seb\u00e9sz. \u2013 M\u00e1rton \u00e9s Verz\u00e1r Johanna fia. Feles\u00e9ge: sepr\u0151di Cz\u00e1r\u00e1n Rebeka. Gyermekeik: Janka\/Johanna (1836. m\u00e1rc. 1. \u2013 1905. jan. 13.) Verz\u00e1r Mih\u00e1lyn\u00e9; Gyula J\u00e1nos (1838. aug. 6. \u2013 1893. dec. 30); Viktor (1841. m\u00e1rc. 27\u20131924. jan. 1); Roz\u00e1lia Anna (1842. nov. 12\u2013). \u2013 B\u00e9csben orvosi tanulm\u00e1nyokat folytatott [&hellip;]<\/p>\n","protected":false},"featured_media":0,"comment_status":"open","ping_status":"closed","template":"","meta":[],"product_brand":[],"product_cat":[137],"product_tag":[],"class_list":{"0":"post-6209","1":"product","2":"type-product","3":"status-publish","5":"product_cat-maros-megyei-eletrajzi-lexikon","7":"first","8":"instock","9":"shipping-taxable","10":"product-type-simple"},"_links":{"self":[{"href":"https:\/\/uj.adatbank.ro\/lexikon\/wp-json\/wp\/v2\/product\/6209","targetHints":{"allow":["GET"]}}],"collection":[{"href":"https:\/\/uj.adatbank.ro\/lexikon\/wp-json\/wp\/v2\/product"}],"about":[{"href":"https:\/\/uj.adatbank.ro\/lexikon\/wp-json\/wp\/v2\/types\/product"}],"replies":[{"embeddable":true,"href":"https:\/\/uj.adatbank.ro\/lexikon\/wp-json\/wp\/v2\/comments?post=6209"}],"wp:attachment":[{"href":"https:\/\/uj.adatbank.ro\/lexikon\/wp-json\/wp\/v2\/media?parent=6209"}],"wp:term":[{"taxonomy":"product_brand","embeddable":true,"href":"https:\/\/uj.adatbank.ro\/lexikon\/wp-json\/wp\/v2\/product_brand?post=6209"},{"taxonomy":"product_cat","embeddable":true,"href":"https:\/\/uj.adatbank.ro\/lexikon\/wp-json\/wp\/v2\/product_cat?post=6209"},{"taxonomy":"product_tag","embeddable":true,"href":"https:\/\/uj.adatbank.ro\/lexikon\/wp-json\/wp\/v2\/product_tag?post=6209"}],"curies":[{"name":"wp","href":"https:\/\/api.w.org\/{rel}","templated":true}]}}