{"id":6210,"date":"2025-06-28T17:44:27","date_gmt":"2025-06-28T15:44:27","guid":{"rendered":"https:\/\/uj.adatbank.ro\/lexikon\/termek\/csiki-janos-nyaradkaracsonfalvi\/"},"modified":"2025-06-28T17:44:27","modified_gmt":"2025-06-28T15:44:27","slug":"csiki-janos-nyaradkaracsonfalvi","status":"publish","type":"product","link":"https:\/\/uj.adatbank.ro\/lexikon\/termek\/csiki-janos-nyaradkaracsonfalvi\/","title":{"rendered":"CS\u00cdKI J\u00e1nos, ny\u00e1r\u00e1dkar\u00e1csonfalvi"},"content":{"rendered":"<p>? \u2020\u00a01806.: ref. esperes. \u2013 Lukafalv\u00e1n ref. pap, a Marosi ref egyh\u00e1zker\u00fclet esperese (1787\u20131806), egyh\u00e1zker\u00fcleti f\u0151jegyz\u0151. Feles\u00e9ge \u00e9s gyermekei kaptak nemeslevelet (1830. m\u00e1j. 27.). <br \/><strong>Irod.:<\/strong> Fogarasi; P\u00e1lmay; Zov\u00e1nyi<\/br><\/p>\n","protected":false},"excerpt":{"rendered":"<p>? \u2020\u00a01806.: ref. esperes. \u2013 Lukafalv\u00e1n ref. pap, a Marosi ref egyh\u00e1zker\u00fclet esperese (1787\u20131806), egyh\u00e1zker\u00fcleti f\u0151jegyz\u0151. Feles\u00e9ge \u00e9s gyermekei kaptak nemeslevelet (1830. m\u00e1j. 27.). Irod.: Fogarasi; P\u00e1lmay; Zov\u00e1nyi<\/p>\n","protected":false},"featured_media":0,"comment_status":"open","ping_status":"closed","template":"","meta":[],"product_brand":[],"product_cat":[137],"product_tag":[],"class_list":{"0":"post-6210","1":"product","2":"type-product","3":"status-publish","5":"product_cat-maros-megyei-eletrajzi-lexikon","7":"first","8":"instock","9":"shipping-taxable","10":"product-type-simple"},"_links":{"self":[{"href":"https:\/\/uj.adatbank.ro\/lexikon\/wp-json\/wp\/v2\/product\/6210","targetHints":{"allow":["GET"]}}],"collection":[{"href":"https:\/\/uj.adatbank.ro\/lexikon\/wp-json\/wp\/v2\/product"}],"about":[{"href":"https:\/\/uj.adatbank.ro\/lexikon\/wp-json\/wp\/v2\/types\/product"}],"replies":[{"embeddable":true,"href":"https:\/\/uj.adatbank.ro\/lexikon\/wp-json\/wp\/v2\/comments?post=6210"}],"wp:attachment":[{"href":"https:\/\/uj.adatbank.ro\/lexikon\/wp-json\/wp\/v2\/media?parent=6210"}],"wp:term":[{"taxonomy":"product_brand","embeddable":true,"href":"https:\/\/uj.adatbank.ro\/lexikon\/wp-json\/wp\/v2\/product_brand?post=6210"},{"taxonomy":"product_cat","embeddable":true,"href":"https:\/\/uj.adatbank.ro\/lexikon\/wp-json\/wp\/v2\/product_cat?post=6210"},{"taxonomy":"product_tag","embeddable":true,"href":"https:\/\/uj.adatbank.ro\/lexikon\/wp-json\/wp\/v2\/product_tag?post=6210"}],"curies":[{"name":"wp","href":"https:\/\/api.w.org\/{rel}","templated":true}]}}