{"id":6213,"date":"2025-06-28T17:44:34","date_gmt":"2025-06-28T15:44:34","guid":{"rendered":"https:\/\/uj.adatbank.ro\/lexikon\/termek\/csiki-jozsef-csiky-jozsef-2\/"},"modified":"2025-06-28T17:44:34","modified_gmt":"2025-06-28T15:44:34","slug":"csiki-jozsef-csiky-jozsef-2","status":"publish","type":"product","link":"https:\/\/uj.adatbank.ro\/lexikon\/termek\/csiki-jozsef-csiky-jozsef-2\/","title":{"rendered":"CS\u00cdKI J\u00f3zsef, Cs\u00edky J\u00f3zsef"},"content":{"rendered":"<p>Mv, 1843 \u2020\u00a0Mv., 1884. okt. 28.: seb\u00e9szorvos. \u2013 Cs. J\u00f3zsef, f\u00f6ldbirtokos \u00e9s Verz\u00e1r M\u00e1ria (1816. okt. 31 \u2020\u00a0Mv., 1890. j\u00fan. 14.) fia. Testv\u00e9rei: Anna Csipk\u00e9s K\u00e1rolyn\u00e9, Albert, Ferenc. Feles\u00e9ge: k\u00e9zdiszentl\u00e9leki Kov\u00e1cs Irma. Gyermekeik: J\u00f3zsef \u00e9s M\u00e1ria. \u2013 A B\u00e9csi Egy. Orvosi Kar\u00e1n tanult (1863\u201364). Hazat\u00e9rve orvosi gyakorlatot folytatott Mv.-en (1872- 81), t\u00f6rv\u00e9nysz\u00e9ki \u00e9s fogh\u00e1zorvos (1884). A KMTT tagja (1866). <br \/><strong>Irod.:<\/strong> Gy\u00e1szjelent\u0151; H\u00f6gyes; KMTT; Mezei Sarolta: Ars Sacra fesztiv\u00e1l \u2013 A Csiky csal\u00e1dra eml\u00e9keztek (N\u00fa., 2022. szept. 28.); Mv.-i \u00f6rm\u00e9nyek; P\u00e1l-Antal S\u00e1ndor: \u00d6rm\u00e9nyek Mv.-en 1848 el\u0151tt = Pusk\u00e1s-Sz\u00e1sz \u00c1v\u00e9d; Szab\u00f3\u2013Simon\u2013Sz\u00f6gi<\/br><\/p>\n","protected":false},"excerpt":{"rendered":"<p>Mv, 1843 \u2020\u00a0Mv., 1884. okt. 28.: seb\u00e9szorvos. \u2013 Cs. J\u00f3zsef, f\u00f6ldbirtokos \u00e9s Verz\u00e1r M\u00e1ria (1816. okt. 31 \u2020\u00a0Mv., 1890. j\u00fan. 14.) fia. Testv\u00e9rei: Anna Csipk\u00e9s K\u00e1rolyn\u00e9, Albert, Ferenc. Feles\u00e9ge: k\u00e9zdiszentl\u00e9leki Kov\u00e1cs Irma. Gyermekeik: J\u00f3zsef \u00e9s M\u00e1ria. \u2013 A B\u00e9csi Egy. Orvosi Kar\u00e1n tanult (1863\u201364). Hazat\u00e9rve orvosi gyakorlatot folytatott Mv.-en (1872- 81), t\u00f6rv\u00e9nysz\u00e9ki \u00e9s fogh\u00e1zorvos (1884). [&hellip;]<\/p>\n","protected":false},"featured_media":0,"comment_status":"open","ping_status":"closed","template":"","meta":[],"product_brand":[],"product_cat":[137],"product_tag":[],"class_list":{"0":"post-6213","1":"product","2":"type-product","3":"status-publish","5":"product_cat-maros-megyei-eletrajzi-lexikon","7":"first","8":"instock","9":"shipping-taxable","10":"product-type-simple"},"_links":{"self":[{"href":"https:\/\/uj.adatbank.ro\/lexikon\/wp-json\/wp\/v2\/product\/6213","targetHints":{"allow":["GET"]}}],"collection":[{"href":"https:\/\/uj.adatbank.ro\/lexikon\/wp-json\/wp\/v2\/product"}],"about":[{"href":"https:\/\/uj.adatbank.ro\/lexikon\/wp-json\/wp\/v2\/types\/product"}],"replies":[{"embeddable":true,"href":"https:\/\/uj.adatbank.ro\/lexikon\/wp-json\/wp\/v2\/comments?post=6213"}],"wp:attachment":[{"href":"https:\/\/uj.adatbank.ro\/lexikon\/wp-json\/wp\/v2\/media?parent=6213"}],"wp:term":[{"taxonomy":"product_brand","embeddable":true,"href":"https:\/\/uj.adatbank.ro\/lexikon\/wp-json\/wp\/v2\/product_brand?post=6213"},{"taxonomy":"product_cat","embeddable":true,"href":"https:\/\/uj.adatbank.ro\/lexikon\/wp-json\/wp\/v2\/product_cat?post=6213"},{"taxonomy":"product_tag","embeddable":true,"href":"https:\/\/uj.adatbank.ro\/lexikon\/wp-json\/wp\/v2\/product_tag?post=6213"}],"curies":[{"name":"wp","href":"https:\/\/api.w.org\/{rel}","templated":true}]}}