{"id":6214,"date":"2025-06-28T17:44:35","date_gmt":"2025-06-28T15:44:35","guid":{"rendered":"https:\/\/uj.adatbank.ro\/lexikon\/termek\/csiki-kalman-nyaradkaracsonyfalvi-csiky-kalman-csiki-coloman\/"},"modified":"2025-06-28T17:44:35","modified_gmt":"2025-06-28T15:44:35","slug":"csiki-kalman-nyaradkaracsonyfalvi-csiky-kalman-csiki-coloman","status":"publish","type":"product","link":"https:\/\/uj.adatbank.ro\/lexikon\/termek\/csiki-kalman-nyaradkaracsonyfalvi-csiky-kalman-csiki-coloman\/","title":{"rendered":"CS\u00cdKI K\u00e1lm\u00e1n, ny\u00e1r\u00e1dkar\u00e1csonyfalvi; Cs\u00edky K\u00e1lm\u00e1n, Csiki Coloman"},"content":{"rendered":"<p>1868., \u2020\u00a0? : \u00fcgyv\u00e9d, t\u00e1blab\u00edr\u00f3. \u2013 J\u00f3zsef f\u0151szolgab\u00edr\u00f3 \u00e9s torboszl\u00f3i Bereczky Kl\u00e1ra fia. \u2013 Mv.-en j\u00e1r\u00e1sb\u00edr\u00f3, t\u00f6rv\u00e9nysz\u00e9ki majd it\u00e9l\u0151t\u00e1blai b\u00edr\u00f3, dr. A Mv.-i Kaszin\u00f3 vezet\u0151s\u00e9gi tagja (1919), aleln\u00f6k (1923). A nyugd\u00edjasok megyei \u00e9rdekv\u00e9delmi szervezetet alak\u00edtottak vezet\u00e9s\u00e9vel (1931); a ref. egyh\u00e1zmegyei b\u00edr\u00f3s\u00e1g tagja (1939). A Tornakert Egylet jogut\u00f3dja a Park Egylet eln\u00f6ke (1939). \u2013 <strong>F. m.:<\/strong> A Mv.-i Kir. T\u00f6rv\u00e9nysz\u00e9k \u00e1lt. polg. s. k\u00fcl\u00f6n\u00f6sen polg. felebbez\u00e9si \u00fcgyekben hozott elvi jelent\u0151s\u00e9g\u0171 hat\u00e1rozatoknak gy\u0171jtem\u00e9nye. 1903\u20131907. \u00e9vi joggyakorlat (Mv., 1908); A marosv\u00e1s\u00e1rhelyi kir. t\u00f6rv\u00e9nysz\u00e9k k\u00f6nyvt\u00e1r\u00e1nak szakc\u00edmt\u00e1ra (Mv., 1909); <strong>t\u00e1rssz.:<\/strong> Jelent\u00e9s a Mv.-i Ref. Egyh\u00e1zk\u00f6zs\u00e9g 1911\u201313 \u00e9vi egyh\u00e1zi sz\u00e1mad\u00e1sair\u00f3l, az egyh\u00e1zk\u00f6zs\u00e9g vagyoni helyzet\u00e9r\u0151l \u00e9s az 1915. \u00e9vi k\u00f6lts\u00e9gvet\u00e9s el\u0151terjeszt\u00e9se (Dr. Balogh Endr\u00e9vel, D\u00f3sa Alberttel; Mv., 1914); <strong>ford.:<\/strong> Magyar t\u00f6rv\u00e9nyt\u00e1r = Corpus Juris 1740\u20131835 \u00e9vi t\u00f6rv\u00e9nycikkek (magyar\u00e1zatokkal \u00e9s utal\u00e1sokkal kis\u00e9ri Dr. M\u00e1rkus Dezs\u0151. Millenniumi eml\u00e9kkiad\u00e1s; Bp., 1901). <br \/><strong>Irod.:<\/strong> Almanah Tg. M.; Bi\u00e1s Istv\u00e1n; Guly\u00e1s; Id\u0151t\u00e1r 3; P\u00e1lmay; Rugonfalvi Kiss<\/br><\/p>\n","protected":false},"excerpt":{"rendered":"<p>1868., \u2020\u00a0? : \u00fcgyv\u00e9d, t\u00e1blab\u00edr\u00f3. \u2013 J\u00f3zsef f\u0151szolgab\u00edr\u00f3 \u00e9s torboszl\u00f3i Bereczky Kl\u00e1ra fia. \u2013 Mv.-en j\u00e1r\u00e1sb\u00edr\u00f3, t\u00f6rv\u00e9nysz\u00e9ki majd it\u00e9l\u0151t\u00e1blai b\u00edr\u00f3, dr. A Mv.-i Kaszin\u00f3 vezet\u0151s\u00e9gi tagja (1919), aleln\u00f6k (1923). A nyugd\u00edjasok megyei \u00e9rdekv\u00e9delmi szervezetet alak\u00edtottak vezet\u00e9s\u00e9vel (1931); a ref. egyh\u00e1zmegyei b\u00edr\u00f3s\u00e1g tagja (1939). A Tornakert Egylet jogut\u00f3dja a Park Egylet eln\u00f6ke (1939). \u2013 F. m.: [&hellip;]<\/p>\n","protected":false},"featured_media":0,"comment_status":"open","ping_status":"closed","template":"","meta":[],"product_brand":[],"product_cat":[137],"product_tag":[],"class_list":{"0":"post-6214","1":"product","2":"type-product","3":"status-publish","5":"product_cat-maros-megyei-eletrajzi-lexikon","7":"first","8":"instock","9":"shipping-taxable","10":"product-type-simple"},"_links":{"self":[{"href":"https:\/\/uj.adatbank.ro\/lexikon\/wp-json\/wp\/v2\/product\/6214","targetHints":{"allow":["GET"]}}],"collection":[{"href":"https:\/\/uj.adatbank.ro\/lexikon\/wp-json\/wp\/v2\/product"}],"about":[{"href":"https:\/\/uj.adatbank.ro\/lexikon\/wp-json\/wp\/v2\/types\/product"}],"replies":[{"embeddable":true,"href":"https:\/\/uj.adatbank.ro\/lexikon\/wp-json\/wp\/v2\/comments?post=6214"}],"wp:attachment":[{"href":"https:\/\/uj.adatbank.ro\/lexikon\/wp-json\/wp\/v2\/media?parent=6214"}],"wp:term":[{"taxonomy":"product_brand","embeddable":true,"href":"https:\/\/uj.adatbank.ro\/lexikon\/wp-json\/wp\/v2\/product_brand?post=6214"},{"taxonomy":"product_cat","embeddable":true,"href":"https:\/\/uj.adatbank.ro\/lexikon\/wp-json\/wp\/v2\/product_cat?post=6214"},{"taxonomy":"product_tag","embeddable":true,"href":"https:\/\/uj.adatbank.ro\/lexikon\/wp-json\/wp\/v2\/product_tag?post=6214"}],"curies":[{"name":"wp","href":"https:\/\/api.w.org\/{rel}","templated":true}]}}