{"id":6216,"date":"2025-06-28T17:44:38","date_gmt":"2025-06-28T15:44:38","guid":{"rendered":"https:\/\/uj.adatbank.ro\/lexikon\/termek\/csiki-karoly-csiki-f-karoly\/"},"modified":"2025-06-28T17:44:38","modified_gmt":"2025-06-28T15:44:38","slug":"csiki-karoly-csiki-f-karoly","status":"publish","type":"product","link":"https:\/\/uj.adatbank.ro\/lexikon\/termek\/csiki-karoly-csiki-f-karoly\/","title":{"rendered":"CS\u00cdKI K\u00e1roly, Cs\u00edki F. K\u00e1roly"},"content":{"rendered":"<p>? \u2020\u00a0? : keresked\u0151. \u2013 Gabonakeresked\u0151. A Mv.-i Keresked\u0151k T\u00e1rsas\u00e1g\u00e1nak els\u0151 eln\u00f6ke (1850\u2013). Virilista Mv.-en (1888\u201389). H\u00e1za a volt Bornemisza-h\u00e1z. Az els\u0151 25 mag\u00e1n t\u00e1vbesz\u00e9l\u0151 el\u0151fizet\u0151 egyike volt Mv.-en (1893). <br \/><strong>Irod.:<\/strong> Id\u0151t\u00e1r 2; Keresztes Gyula: A Haller- \u00e9s a Bornemisza-h\u00e1z (N\u00fa., 1991. jan. 11.); Kusz\u00e1lik\u2013Zal\u00e1nyi; Valori mure\u015fene de patrimoniu<\/br><\/p>\n","protected":false},"excerpt":{"rendered":"<p>? \u2020\u00a0? : keresked\u0151. \u2013 Gabonakeresked\u0151. A Mv.-i Keresked\u0151k T\u00e1rsas\u00e1g\u00e1nak els\u0151 eln\u00f6ke (1850\u2013). Virilista Mv.-en (1888\u201389). H\u00e1za a volt Bornemisza-h\u00e1z. Az els\u0151 25 mag\u00e1n t\u00e1vbesz\u00e9l\u0151 el\u0151fizet\u0151 egyike volt Mv.-en (1893). Irod.: Id\u0151t\u00e1r 2; Keresztes Gyula: A Haller- \u00e9s a Bornemisza-h\u00e1z (N\u00fa., 1991. jan. 11.); Kusz\u00e1lik\u2013Zal\u00e1nyi; Valori mure\u015fene de patrimoniu<\/p>\n","protected":false},"featured_media":0,"comment_status":"open","ping_status":"closed","template":"","meta":[],"product_brand":[],"product_cat":[137],"product_tag":[],"class_list":{"0":"post-6216","1":"product","2":"type-product","3":"status-publish","5":"product_cat-maros-megyei-eletrajzi-lexikon","7":"first","8":"instock","9":"shipping-taxable","10":"product-type-simple"},"_links":{"self":[{"href":"https:\/\/uj.adatbank.ro\/lexikon\/wp-json\/wp\/v2\/product\/6216","targetHints":{"allow":["GET"]}}],"collection":[{"href":"https:\/\/uj.adatbank.ro\/lexikon\/wp-json\/wp\/v2\/product"}],"about":[{"href":"https:\/\/uj.adatbank.ro\/lexikon\/wp-json\/wp\/v2\/types\/product"}],"replies":[{"embeddable":true,"href":"https:\/\/uj.adatbank.ro\/lexikon\/wp-json\/wp\/v2\/comments?post=6216"}],"wp:attachment":[{"href":"https:\/\/uj.adatbank.ro\/lexikon\/wp-json\/wp\/v2\/media?parent=6216"}],"wp:term":[{"taxonomy":"product_brand","embeddable":true,"href":"https:\/\/uj.adatbank.ro\/lexikon\/wp-json\/wp\/v2\/product_brand?post=6216"},{"taxonomy":"product_cat","embeddable":true,"href":"https:\/\/uj.adatbank.ro\/lexikon\/wp-json\/wp\/v2\/product_cat?post=6216"},{"taxonomy":"product_tag","embeddable":true,"href":"https:\/\/uj.adatbank.ro\/lexikon\/wp-json\/wp\/v2\/product_tag?post=6216"}],"curies":[{"name":"wp","href":"https:\/\/api.w.org\/{rel}","templated":true}]}}