{"id":6217,"date":"2025-06-28T17:44:39","date_gmt":"2025-06-28T15:44:39","guid":{"rendered":"https:\/\/uj.adatbank.ro\/lexikon\/termek\/csiki-lajos\/"},"modified":"2025-06-28T17:44:39","modified_gmt":"2025-06-28T15:44:39","slug":"csiki-lajos","status":"publish","type":"product","link":"https:\/\/uj.adatbank.ro\/lexikon\/termek\/csiki-lajos\/","title":{"rendered":"CS\u00cdKI Lajos"},"content":{"rendered":"<p>1847.? \u2020\u00a0Mv., 1889. okt. 31.: k\u00f6nyvkeresked\u0151. \u2013 Cs. J\u00f3zsef \u00e9s Verz\u00e1r M\u00e1ria fia. Feles\u00e9ge: Korbuly Klementine (1857 \u2013 Mv., 1886. febr. 21.). Gyermekeik: Irma, J\u00f3zsef, Lajos. A Sz\u00e9chenyi t\u00e9ren volt k\u00f6nyvkeresked\u00e9se (1889 el\u0151tt). Temesv\u00e1ri Mih\u00e1ly vette \u00e1t (1889). <br \/><strong>Irod.:<\/strong> Gy\u00e1szjelent\u0151; Id\u0151t\u00e1r 1.<\/br><\/p>\n","protected":false},"excerpt":{"rendered":"<p>1847.? \u2020\u00a0Mv., 1889. okt. 31.: k\u00f6nyvkeresked\u0151. \u2013 Cs. J\u00f3zsef \u00e9s Verz\u00e1r M\u00e1ria fia. Feles\u00e9ge: Korbuly Klementine (1857 \u2013 Mv., 1886. febr. 21.). Gyermekeik: Irma, J\u00f3zsef, Lajos. A Sz\u00e9chenyi t\u00e9ren volt k\u00f6nyvkeresked\u00e9se (1889 el\u0151tt). Temesv\u00e1ri Mih\u00e1ly vette \u00e1t (1889). Irod.: Gy\u00e1szjelent\u0151; Id\u0151t\u00e1r 1.<\/p>\n","protected":false},"featured_media":0,"comment_status":"open","ping_status":"closed","template":"","meta":[],"product_brand":[],"product_cat":[137],"product_tag":[],"class_list":{"0":"post-6217","1":"product","2":"type-product","3":"status-publish","5":"product_cat-maros-megyei-eletrajzi-lexikon","7":"first","8":"instock","9":"shipping-taxable","10":"product-type-simple"},"_links":{"self":[{"href":"https:\/\/uj.adatbank.ro\/lexikon\/wp-json\/wp\/v2\/product\/6217","targetHints":{"allow":["GET"]}}],"collection":[{"href":"https:\/\/uj.adatbank.ro\/lexikon\/wp-json\/wp\/v2\/product"}],"about":[{"href":"https:\/\/uj.adatbank.ro\/lexikon\/wp-json\/wp\/v2\/types\/product"}],"replies":[{"embeddable":true,"href":"https:\/\/uj.adatbank.ro\/lexikon\/wp-json\/wp\/v2\/comments?post=6217"}],"wp:attachment":[{"href":"https:\/\/uj.adatbank.ro\/lexikon\/wp-json\/wp\/v2\/media?parent=6217"}],"wp:term":[{"taxonomy":"product_brand","embeddable":true,"href":"https:\/\/uj.adatbank.ro\/lexikon\/wp-json\/wp\/v2\/product_brand?post=6217"},{"taxonomy":"product_cat","embeddable":true,"href":"https:\/\/uj.adatbank.ro\/lexikon\/wp-json\/wp\/v2\/product_cat?post=6217"},{"taxonomy":"product_tag","embeddable":true,"href":"https:\/\/uj.adatbank.ro\/lexikon\/wp-json\/wp\/v2\/product_tag?post=6217"}],"curies":[{"name":"wp","href":"https:\/\/api.w.org\/{rel}","templated":true}]}}