{"id":6219,"date":"2025-06-28T17:44:45","date_gmt":"2025-06-28T15:44:45","guid":{"rendered":"https:\/\/uj.adatbank.ro\/lexikon\/termek\/csiki-lukacs-janos-p\/"},"modified":"2025-06-28T17:44:45","modified_gmt":"2025-06-28T15:44:45","slug":"csiki-lukacs-janos-p","status":"publish","type":"product","link":"https:\/\/uj.adatbank.ro\/lexikon\/termek\/csiki-lukacs-janos-p\/","title":{"rendered":"CS\u00cdKI Luk\u00e1cs J\u00e1nos, P."},"content":{"rendered":"<p>Gyergy\u00f3csomafalva, 1712,. \u2020 Mikh\u00e1za, 1750. febr. 28.: r. k. pap. \u2013 Be\u00f6lt\u00f6z\u00f6tt (1731. \u00e1pr. 29.), felszentelt\u00e9k (1737. m\u00e1j. 12.). <br \/><strong>Irod.:<\/strong> Gy\u00f6rgy: A ferencrendiek<\/br><\/p>\n","protected":false},"excerpt":{"rendered":"<p>Gyergy\u00f3csomafalva, 1712,. \u2020 Mikh\u00e1za, 1750. febr. 28.: r. k. pap. \u2013 Be\u00f6lt\u00f6z\u00f6tt (1731. \u00e1pr. 29.), felszentelt\u00e9k (1737. m\u00e1j. 12.). Irod.: Gy\u00f6rgy: A ferencrendiek<\/p>\n","protected":false},"featured_media":0,"comment_status":"open","ping_status":"closed","template":"","meta":[],"product_brand":[],"product_cat":[137],"product_tag":[],"class_list":{"0":"post-6219","1":"product","2":"type-product","3":"status-publish","5":"product_cat-maros-megyei-eletrajzi-lexikon","7":"first","8":"instock","9":"shipping-taxable","10":"product-type-simple"},"_links":{"self":[{"href":"https:\/\/uj.adatbank.ro\/lexikon\/wp-json\/wp\/v2\/product\/6219","targetHints":{"allow":["GET"]}}],"collection":[{"href":"https:\/\/uj.adatbank.ro\/lexikon\/wp-json\/wp\/v2\/product"}],"about":[{"href":"https:\/\/uj.adatbank.ro\/lexikon\/wp-json\/wp\/v2\/types\/product"}],"replies":[{"embeddable":true,"href":"https:\/\/uj.adatbank.ro\/lexikon\/wp-json\/wp\/v2\/comments?post=6219"}],"wp:attachment":[{"href":"https:\/\/uj.adatbank.ro\/lexikon\/wp-json\/wp\/v2\/media?parent=6219"}],"wp:term":[{"taxonomy":"product_brand","embeddable":true,"href":"https:\/\/uj.adatbank.ro\/lexikon\/wp-json\/wp\/v2\/product_brand?post=6219"},{"taxonomy":"product_cat","embeddable":true,"href":"https:\/\/uj.adatbank.ro\/lexikon\/wp-json\/wp\/v2\/product_cat?post=6219"},{"taxonomy":"product_tag","embeddable":true,"href":"https:\/\/uj.adatbank.ro\/lexikon\/wp-json\/wp\/v2\/product_tag?post=6219"}],"curies":[{"name":"wp","href":"https:\/\/api.w.org\/{rel}","templated":true}]}}