{"id":6220,"date":"2025-06-28T17:44:46","date_gmt":"2025-06-28T15:44:46","guid":{"rendered":"https:\/\/uj.adatbank.ro\/lexikon\/termek\/csiki-marton\/"},"modified":"2025-06-28T17:44:46","modified_gmt":"2025-06-28T15:44:46","slug":"csiki-marton","status":"publish","type":"product","link":"https:\/\/uj.adatbank.ro\/lexikon\/termek\/csiki-marton\/","title":{"rendered":"CS\u00cdKI M\u00e1rton"},"content":{"rendered":"<p>? \u2020\u00a0?: birtokos, \u2013 Mv.-i birtokos, v\u00e1rosi polg\u00e1r. Udvarh\u00e1za volt a remeteszegi L\u00e1z\u00e1rok birtokaib\u00f3l kiszak\u00edtott ter\u00fcleten H\u00eddv\u00e9gen (1608), Sz\u00e9kelyv\u00e1s\u00e1rhely el\u0151v\u00e1ros\u00e1ban. <br \/><strong>Irod.:<\/strong> Keresztes Gyula: \u00d6r\u00f6ks\u00e9g\u00fcnk 66.: Maros-(Sz\u00e9kely) V\u00e1s\u00e1rhely udvarh\u00e1zai<\/br><\/p>\n","protected":false},"excerpt":{"rendered":"<p>? \u2020\u00a0?: birtokos, \u2013 Mv.-i birtokos, v\u00e1rosi polg\u00e1r. Udvarh\u00e1za volt a remeteszegi L\u00e1z\u00e1rok birtokaib\u00f3l kiszak\u00edtott ter\u00fcleten H\u00eddv\u00e9gen (1608), Sz\u00e9kelyv\u00e1s\u00e1rhely el\u0151v\u00e1ros\u00e1ban. Irod.: Keresztes Gyula: \u00d6r\u00f6ks\u00e9g\u00fcnk 66.: Maros-(Sz\u00e9kely) V\u00e1s\u00e1rhely udvarh\u00e1zai<\/p>\n","protected":false},"featured_media":0,"comment_status":"open","ping_status":"closed","template":"","meta":[],"product_brand":[],"product_cat":[137],"product_tag":[],"class_list":{"0":"post-6220","1":"product","2":"type-product","3":"status-publish","5":"product_cat-maros-megyei-eletrajzi-lexikon","7":"first","8":"instock","9":"shipping-taxable","10":"product-type-simple"},"_links":{"self":[{"href":"https:\/\/uj.adatbank.ro\/lexikon\/wp-json\/wp\/v2\/product\/6220","targetHints":{"allow":["GET"]}}],"collection":[{"href":"https:\/\/uj.adatbank.ro\/lexikon\/wp-json\/wp\/v2\/product"}],"about":[{"href":"https:\/\/uj.adatbank.ro\/lexikon\/wp-json\/wp\/v2\/types\/product"}],"replies":[{"embeddable":true,"href":"https:\/\/uj.adatbank.ro\/lexikon\/wp-json\/wp\/v2\/comments?post=6220"}],"wp:attachment":[{"href":"https:\/\/uj.adatbank.ro\/lexikon\/wp-json\/wp\/v2\/media?parent=6220"}],"wp:term":[{"taxonomy":"product_brand","embeddable":true,"href":"https:\/\/uj.adatbank.ro\/lexikon\/wp-json\/wp\/v2\/product_brand?post=6220"},{"taxonomy":"product_cat","embeddable":true,"href":"https:\/\/uj.adatbank.ro\/lexikon\/wp-json\/wp\/v2\/product_cat?post=6220"},{"taxonomy":"product_tag","embeddable":true,"href":"https:\/\/uj.adatbank.ro\/lexikon\/wp-json\/wp\/v2\/product_tag?post=6220"}],"curies":[{"name":"wp","href":"https:\/\/api.w.org\/{rel}","templated":true}]}}