{"id":6223,"date":"2025-06-28T17:44:50","date_gmt":"2025-06-28T15:44:50","guid":{"rendered":"https:\/\/uj.adatbank.ro\/lexikon\/termek\/csiki-marton-csiki-marton\/"},"modified":"2025-06-28T17:44:50","modified_gmt":"2025-06-28T15:44:50","slug":"csiki-marton-csiki-marton","status":"publish","type":"product","link":"https:\/\/uj.adatbank.ro\/lexikon\/termek\/csiki-marton-csiki-marton\/","title":{"rendered":"CS\u00cdKI M\u00e1rton, Cs\u00edki M\u00e1rton"},"content":{"rendered":"<p>1811. \u2020\u00a0Mv., 1867. aug. 4., 56 \u00e9ves A minorita-templom alatti kript\u00e1ba temett\u00e9k.: ?. \u2013 Cs Gergely \u00e9s M\u00e1rtonffy Ter\u00e9z fia. Testv\u00e9rei: Cs. Veronika, id. Duha Tivadarn\u00e9; M\u00e1ria, Tkalacz Andr\u00e1sn\u00e9; Aloizia, ifj. Duha Tivadarn\u00e9; Gergely \u00e9s J\u00e1nos. Feles\u00e9ge: Fark M\u00e1ria. Esk\u00fcv\u0151 Mv., 1847. j\u00fan. 20 Gyermekeik: Ferenc, Ter\u00e9z, Ger\u0151 \u00e9s Irma. <br \/><strong>Irod.:<\/strong> Gy\u00e1szjelent\u0151; P\u00e1l-Antal 2009; P\u00e1l-Antal S\u00e1ndor: \u00d6rm\u00e9nyek Mv.-en 1848 el\u0151tt = Pusk\u00e1s-Sz\u00e1sz \u00c1v\u00e9d; Pusk\u00e1s Attila\u2013 s\u00edrfeliratok<\/br><\/p>\n","protected":false},"excerpt":{"rendered":"<p>1811. \u2020\u00a0Mv., 1867. aug. 4., 56 \u00e9ves A minorita-templom alatti kript\u00e1ba temett\u00e9k.: ?. \u2013 Cs Gergely \u00e9s M\u00e1rtonffy Ter\u00e9z fia. Testv\u00e9rei: Cs. Veronika, id. Duha Tivadarn\u00e9; M\u00e1ria, Tkalacz Andr\u00e1sn\u00e9; Aloizia, ifj. Duha Tivadarn\u00e9; Gergely \u00e9s J\u00e1nos. Feles\u00e9ge: Fark M\u00e1ria. Esk\u00fcv\u0151 Mv., 1847. j\u00fan. 20 Gyermekeik: Ferenc, Ter\u00e9z, Ger\u0151 \u00e9s Irma. Irod.: Gy\u00e1szjelent\u0151; P\u00e1l-Antal 2009; P\u00e1l-Antal [&hellip;]<\/p>\n","protected":false},"featured_media":0,"comment_status":"open","ping_status":"closed","template":"","meta":[],"product_brand":[],"product_cat":[137],"product_tag":[],"class_list":{"0":"post-6223","1":"product","2":"type-product","3":"status-publish","5":"product_cat-maros-megyei-eletrajzi-lexikon","7":"first","8":"instock","9":"shipping-taxable","10":"product-type-simple"},"_links":{"self":[{"href":"https:\/\/uj.adatbank.ro\/lexikon\/wp-json\/wp\/v2\/product\/6223","targetHints":{"allow":["GET"]}}],"collection":[{"href":"https:\/\/uj.adatbank.ro\/lexikon\/wp-json\/wp\/v2\/product"}],"about":[{"href":"https:\/\/uj.adatbank.ro\/lexikon\/wp-json\/wp\/v2\/types\/product"}],"replies":[{"embeddable":true,"href":"https:\/\/uj.adatbank.ro\/lexikon\/wp-json\/wp\/v2\/comments?post=6223"}],"wp:attachment":[{"href":"https:\/\/uj.adatbank.ro\/lexikon\/wp-json\/wp\/v2\/media?parent=6223"}],"wp:term":[{"taxonomy":"product_brand","embeddable":true,"href":"https:\/\/uj.adatbank.ro\/lexikon\/wp-json\/wp\/v2\/product_brand?post=6223"},{"taxonomy":"product_cat","embeddable":true,"href":"https:\/\/uj.adatbank.ro\/lexikon\/wp-json\/wp\/v2\/product_cat?post=6223"},{"taxonomy":"product_tag","embeddable":true,"href":"https:\/\/uj.adatbank.ro\/lexikon\/wp-json\/wp\/v2\/product_tag?post=6223"}],"curies":[{"name":"wp","href":"https:\/\/api.w.org\/{rel}","templated":true}]}}