{"id":6228,"date":"2025-06-28T17:44:59","date_gmt":"2025-06-28T15:44:59","guid":{"rendered":"https:\/\/uj.adatbank.ro\/lexikon\/termek\/csiki-sandor\/"},"modified":"2025-06-28T17:44:59","modified_gmt":"2025-06-28T15:44:59","slug":"csiki-sandor","status":"publish","type":"product","link":"https:\/\/uj.adatbank.ro\/lexikon\/termek\/csiki-sandor\/","title":{"rendered":"CS\u00cdKI S\u00e1ndor"},"content":{"rendered":"<p>\u00c1kosfalva, 1958. m\u00e1j. 6., \u2020 2014. j\u00fan. 9.: tan\u00e1r. \u2013 S\u00e1ndor \u00e9s Piroska fia. Feles\u00e9ge. M\u00e1ria Lidia, szab\u00e1s-varr\u00e1s oktat\u00f3. Gyermekeik: M\u00e1ria (1988), S\u00e1ndor (1990), Szil\u00e1rd (1991), Dalma Katinka (1994). \u2013 Testnevel\u0151 F\u0151iskol\u00e1t v\u00e9gzett Buk.-ben (1995). Tan\u00edtott Moldv\u00e1ban \u00e9s Bukovin\u00e1ban (1984\u201385). Munk\u00e1s a ny\u00e1r\u00e1dszeredai kisipari sz\u00f6vetkezetben (1984\u201385). Tornatan\u00e1r a Partiumban (1985\u201387), Cs\u00edkfalv\u00e1n (1987\u201388) \u00e9s a ny\u00e1r\u00e1dszeredai Gyermekotthon- \u00e9s az Elm\u00e9leti L\u00edc.-ban. N\u00e9meto.-ban posztgradulis k\u00e9pz\u00e9sen vett r\u00e9szt (1999). A ny\u00e1r\u00e1dszeredai RMDSZ eln\u00f6ke, a Marossz\u00e9ki Sz\u00e9kely Tan\u00e1cs\u00e1nak elnoke. <br \/><strong>Irod.:<\/strong> \u201e Nem lehet a kiny\u00fajtott sz\u00e9kely kezet f\u00e9lrel\u00f6kni\u201d= Nemes Gy.<\/br><\/p>\n","protected":false},"excerpt":{"rendered":"<p>\u00c1kosfalva, 1958. m\u00e1j. 6., \u2020 2014. j\u00fan. 9.: tan\u00e1r. \u2013 S\u00e1ndor \u00e9s Piroska fia. Feles\u00e9ge. M\u00e1ria Lidia, szab\u00e1s-varr\u00e1s oktat\u00f3. Gyermekeik: M\u00e1ria (1988), S\u00e1ndor (1990), Szil\u00e1rd (1991), Dalma Katinka (1994). \u2013 Testnevel\u0151 F\u0151iskol\u00e1t v\u00e9gzett Buk.-ben (1995). Tan\u00edtott Moldv\u00e1ban \u00e9s Bukovin\u00e1ban (1984\u201385). Munk\u00e1s a ny\u00e1r\u00e1dszeredai kisipari sz\u00f6vetkezetben (1984\u201385). Tornatan\u00e1r a Partiumban (1985\u201387), Cs\u00edkfalv\u00e1n (1987\u201388) \u00e9s a ny\u00e1r\u00e1dszeredai [&hellip;]<\/p>\n","protected":false},"featured_media":0,"comment_status":"open","ping_status":"closed","template":"","meta":[],"product_brand":[],"product_cat":[137],"product_tag":[],"class_list":{"0":"post-6228","1":"product","2":"type-product","3":"status-publish","5":"product_cat-maros-megyei-eletrajzi-lexikon","7":"first","8":"instock","9":"shipping-taxable","10":"product-type-simple"},"_links":{"self":[{"href":"https:\/\/uj.adatbank.ro\/lexikon\/wp-json\/wp\/v2\/product\/6228","targetHints":{"allow":["GET"]}}],"collection":[{"href":"https:\/\/uj.adatbank.ro\/lexikon\/wp-json\/wp\/v2\/product"}],"about":[{"href":"https:\/\/uj.adatbank.ro\/lexikon\/wp-json\/wp\/v2\/types\/product"}],"replies":[{"embeddable":true,"href":"https:\/\/uj.adatbank.ro\/lexikon\/wp-json\/wp\/v2\/comments?post=6228"}],"wp:attachment":[{"href":"https:\/\/uj.adatbank.ro\/lexikon\/wp-json\/wp\/v2\/media?parent=6228"}],"wp:term":[{"taxonomy":"product_brand","embeddable":true,"href":"https:\/\/uj.adatbank.ro\/lexikon\/wp-json\/wp\/v2\/product_brand?post=6228"},{"taxonomy":"product_cat","embeddable":true,"href":"https:\/\/uj.adatbank.ro\/lexikon\/wp-json\/wp\/v2\/product_cat?post=6228"},{"taxonomy":"product_tag","embeddable":true,"href":"https:\/\/uj.adatbank.ro\/lexikon\/wp-json\/wp\/v2\/product_tag?post=6228"}],"curies":[{"name":"wp","href":"https:\/\/api.w.org\/{rel}","templated":true}]}}