{"id":6233,"date":"2025-06-28T17:45:09","date_gmt":"2025-06-28T15:45:09","guid":{"rendered":"https:\/\/uj.adatbank.ro\/lexikon\/termek\/csiky-andor\/"},"modified":"2025-06-28T17:45:09","modified_gmt":"2025-06-28T15:45:09","slug":"csiky-andor","status":"publish","type":"product","link":"https:\/\/uj.adatbank.ro\/lexikon\/termek\/csiky-andor\/","title":{"rendered":"CS\u00cdKY Andor"},"content":{"rendered":"<p>1909., \u2020\u00a0Mv., 1972. j\u00fal. 23.: unit. \u2013Az udvarhelyi egyh\u00e1zk\u00f6r fel\u00fcgyel\u0151 gondnoka. <br \/><strong>Irod.:<\/strong> Kelemen<\/br><\/p>\n","protected":false},"excerpt":{"rendered":"<p>1909., \u2020\u00a0Mv., 1972. j\u00fal. 23.: unit. \u2013Az udvarhelyi egyh\u00e1zk\u00f6r fel\u00fcgyel\u0151 gondnoka. Irod.: Kelemen<\/p>\n","protected":false},"featured_media":0,"comment_status":"open","ping_status":"closed","template":"","meta":[],"product_brand":[],"product_cat":[137],"product_tag":[],"class_list":{"0":"post-6233","1":"product","2":"type-product","3":"status-publish","5":"product_cat-maros-megyei-eletrajzi-lexikon","7":"first","8":"instock","9":"shipping-taxable","10":"product-type-simple"},"_links":{"self":[{"href":"https:\/\/uj.adatbank.ro\/lexikon\/wp-json\/wp\/v2\/product\/6233","targetHints":{"allow":["GET"]}}],"collection":[{"href":"https:\/\/uj.adatbank.ro\/lexikon\/wp-json\/wp\/v2\/product"}],"about":[{"href":"https:\/\/uj.adatbank.ro\/lexikon\/wp-json\/wp\/v2\/types\/product"}],"replies":[{"embeddable":true,"href":"https:\/\/uj.adatbank.ro\/lexikon\/wp-json\/wp\/v2\/comments?post=6233"}],"wp:attachment":[{"href":"https:\/\/uj.adatbank.ro\/lexikon\/wp-json\/wp\/v2\/media?parent=6233"}],"wp:term":[{"taxonomy":"product_brand","embeddable":true,"href":"https:\/\/uj.adatbank.ro\/lexikon\/wp-json\/wp\/v2\/product_brand?post=6233"},{"taxonomy":"product_cat","embeddable":true,"href":"https:\/\/uj.adatbank.ro\/lexikon\/wp-json\/wp\/v2\/product_cat?post=6233"},{"taxonomy":"product_tag","embeddable":true,"href":"https:\/\/uj.adatbank.ro\/lexikon\/wp-json\/wp\/v2\/product_tag?post=6233"}],"curies":[{"name":"wp","href":"https:\/\/api.w.org\/{rel}","templated":true}]}}