{"id":6238,"date":"2025-06-28T17:45:20","date_gmt":"2025-06-28T15:45:20","guid":{"rendered":"https:\/\/uj.adatbank.ro\/lexikon\/termek\/csiky-ferenc\/"},"modified":"2025-06-28T17:45:20","modified_gmt":"2025-06-28T15:45:20","slug":"csiky-ferenc","status":"publish","type":"product","link":"https:\/\/uj.adatbank.ro\/lexikon\/termek\/csiky-ferenc\/","title":{"rendered":"CS\u00cdKY Ferenc"},"content":{"rendered":"<p>? \u2020\u00a0?: nyomd\u00e1sz. \u2013 Cs. Emil, vaskeresked\u0151 \u00e9s Sal\u00e1nsky Sztako Julianna fia. \u2013 A Mv.-i Bolyai nyomda \u00fczemvezet\u0151je (1948). <br \/><strong>Irod.:<\/strong> Sz\u00e9kely Sz\u00f3 (1948. j\u00fal. 23.)<\/br><\/p>\n","protected":false},"excerpt":{"rendered":"<p>? \u2020\u00a0?: nyomd\u00e1sz. \u2013 Cs. Emil, vaskeresked\u0151 \u00e9s Sal\u00e1nsky Sztako Julianna fia. \u2013 A Mv.-i Bolyai nyomda \u00fczemvezet\u0151je (1948). Irod.: Sz\u00e9kely Sz\u00f3 (1948. j\u00fal. 23.)<\/p>\n","protected":false},"featured_media":0,"comment_status":"open","ping_status":"closed","template":"","meta":[],"product_brand":[],"product_cat":[137],"product_tag":[],"class_list":{"0":"post-6238","1":"product","2":"type-product","3":"status-publish","5":"product_cat-maros-megyei-eletrajzi-lexikon","7":"first","8":"instock","9":"shipping-taxable","10":"product-type-simple"},"_links":{"self":[{"href":"https:\/\/uj.adatbank.ro\/lexikon\/wp-json\/wp\/v2\/product\/6238","targetHints":{"allow":["GET"]}}],"collection":[{"href":"https:\/\/uj.adatbank.ro\/lexikon\/wp-json\/wp\/v2\/product"}],"about":[{"href":"https:\/\/uj.adatbank.ro\/lexikon\/wp-json\/wp\/v2\/types\/product"}],"replies":[{"embeddable":true,"href":"https:\/\/uj.adatbank.ro\/lexikon\/wp-json\/wp\/v2\/comments?post=6238"}],"wp:attachment":[{"href":"https:\/\/uj.adatbank.ro\/lexikon\/wp-json\/wp\/v2\/media?parent=6238"}],"wp:term":[{"taxonomy":"product_brand","embeddable":true,"href":"https:\/\/uj.adatbank.ro\/lexikon\/wp-json\/wp\/v2\/product_brand?post=6238"},{"taxonomy":"product_cat","embeddable":true,"href":"https:\/\/uj.adatbank.ro\/lexikon\/wp-json\/wp\/v2\/product_cat?post=6238"},{"taxonomy":"product_tag","embeddable":true,"href":"https:\/\/uj.adatbank.ro\/lexikon\/wp-json\/wp\/v2\/product_tag?post=6238"}],"curies":[{"name":"wp","href":"https:\/\/api.w.org\/{rel}","templated":true}]}}