{"id":6239,"date":"2025-06-28T17:45:21","date_gmt":"2025-06-28T15:45:21","guid":{"rendered":"https:\/\/uj.adatbank.ro\/lexikon\/termek\/csiky-gabor\/"},"modified":"2025-06-28T17:45:21","modified_gmt":"2025-06-28T15:45:21","slug":"csiky-gabor","status":"publish","type":"product","link":"https:\/\/uj.adatbank.ro\/lexikon\/termek\/csiky-gabor\/","title":{"rendered":"CS\u00cdKY G\u00e1bor"},"content":{"rendered":"<p>Segesv\u00e1r, 1915. szept. 20., \u2020\u00a02001.: geol\u00f3gus. \u2013 A Bp.-i M\u0171szaki Egy.-en (1934\u201335), a buk.-i Tud. Egy.-en (1935\u201340), a kv.-i Tud. Egy.-en volt hallgat\u00f3 (1940\u201341). \u2013 <strong>F. m.:<\/strong> Chapters from history of the Hungarian Geological Society: on the occasion of the 8th meeting of Associations of European Geological Societies (Bp., 1993); A f\u00f6ldtudom\u00e1nyok honi t\u00f6rt\u00e9net\u00e9b\u0151l, k\u00fcl\u00f6n\u00f6s tekintettel az erd\u00e9lyi tudom\u00e1nyoss\u00e1gra (Piliscsaba-Bp., 1997); <strong>t\u00e1rssz.:<\/strong> Contributions to the history of geological mapping: Proceedings of the Xth INHIGEO symposium: 16\u201322 August 1982, Bp. (Bp., 1984); Orsz\u00e1gos M. B\u00e1ny\u00e1szati \u00e9s Koh\u00e1szati Egyes\u00fcleti V\u00e1ndorgy\u0171l\u00e9s \u00e9s Ki\u00e1ll\u00edt\u00e1s (Keszthely) 20. v\u00e1ndorgy\u0171l\u00e9s \u00e9s ki\u00e1ll\u00edt\u00e1s el\u0151ad\u00e1sai: Keszthely 87 (Bp., 1987); History of mineral exploration in Hungary until 1945: On the occasion of the 28th International Geological Congress,. Washington, DC, USA 1989 (Bp., 1989); Museums and collections in the history of mineralogy, geology and paleontology in Hungary: on the occasion of the 16th International Symposium of INHIEGO, Dresden.., 1991(Bp., 1991); <strong>szerk.:<\/strong> Magyar tudom\u00e1nyt\u00f6rt\u00e9neti szemle k\u00f6nyvt\u00e1ra (Piliscsaba; Bp., 1996). <br \/><strong>Irod.:<\/strong> MMK; MNBK<\/br><\/p>\n","protected":false},"excerpt":{"rendered":"<p>Segesv\u00e1r, 1915. szept. 20., \u2020\u00a02001.: geol\u00f3gus. \u2013 A Bp.-i M\u0171szaki Egy.-en (1934\u201335), a buk.-i Tud. Egy.-en (1935\u201340), a kv.-i Tud. Egy.-en volt hallgat\u00f3 (1940\u201341). \u2013 F. m.: Chapters from history of the Hungarian Geological Society: on the occasion of the 8th meeting of Associations of European Geological Societies (Bp., 1993); A f\u00f6ldtudom\u00e1nyok honi t\u00f6rt\u00e9net\u00e9b\u0151l, k\u00fcl\u00f6n\u00f6s [&hellip;]<\/p>\n","protected":false},"featured_media":0,"comment_status":"open","ping_status":"closed","template":"","meta":[],"product_brand":[],"product_cat":[137],"product_tag":[],"class_list":{"0":"post-6239","1":"product","2":"type-product","3":"status-publish","5":"product_cat-maros-megyei-eletrajzi-lexikon","7":"first","8":"instock","9":"shipping-taxable","10":"product-type-simple"},"_links":{"self":[{"href":"https:\/\/uj.adatbank.ro\/lexikon\/wp-json\/wp\/v2\/product\/6239","targetHints":{"allow":["GET"]}}],"collection":[{"href":"https:\/\/uj.adatbank.ro\/lexikon\/wp-json\/wp\/v2\/product"}],"about":[{"href":"https:\/\/uj.adatbank.ro\/lexikon\/wp-json\/wp\/v2\/types\/product"}],"replies":[{"embeddable":true,"href":"https:\/\/uj.adatbank.ro\/lexikon\/wp-json\/wp\/v2\/comments?post=6239"}],"wp:attachment":[{"href":"https:\/\/uj.adatbank.ro\/lexikon\/wp-json\/wp\/v2\/media?parent=6239"}],"wp:term":[{"taxonomy":"product_brand","embeddable":true,"href":"https:\/\/uj.adatbank.ro\/lexikon\/wp-json\/wp\/v2\/product_brand?post=6239"},{"taxonomy":"product_cat","embeddable":true,"href":"https:\/\/uj.adatbank.ro\/lexikon\/wp-json\/wp\/v2\/product_cat?post=6239"},{"taxonomy":"product_tag","embeddable":true,"href":"https:\/\/uj.adatbank.ro\/lexikon\/wp-json\/wp\/v2\/product_tag?post=6239"}],"curies":[{"name":"wp","href":"https:\/\/api.w.org\/{rel}","templated":true}]}}