{"id":6240,"date":"2025-06-28T17:45:22","date_gmt":"2025-06-28T15:45:22","guid":{"rendered":"https:\/\/uj.adatbank.ro\/lexikon\/termek\/csiky-gyula\/"},"modified":"2025-06-28T17:45:22","modified_gmt":"2025-06-28T15:45:22","slug":"csiky-gyula","status":"publish","type":"product","link":"https:\/\/uj.adatbank.ro\/lexikon\/termek\/csiky-gyula\/","title":{"rendered":"CS\u00cdKY Gyula"},"content":{"rendered":"<p>Szentgerice, 1921., \u2020\u00a0Mv., 2011.: fogorvos. \u2013 A MOGYI \u00e1ltal\u00e1nos orvosi kar\u00e1n v\u00e9gzett, mert a fog\u00e1szati kar megsz\u00fcnt (1953-ban), hallgat\u00f3k\u00e9nt gyakornoki munk\u00e1t v\u00e9gzett a Fog\u00e1szati Klinik\u00e1n. k\u00f6rzeti orvos volt Gyulakut\u00e1n, Szov\u00e1t\u00e1n. Fogorvosi vizsg\u00e1t (1959) \u00e9s f\u0151orvosi vizsg\u00e1t tett. N\u00e9metorsz\u00e1gba t\u00e1vozott (1979). <br \/><strong>Irod.:<\/strong> Kiss\u2013P\u00e9terffy\u2013P\u00e9terffy<\/br><\/p>\n","protected":false},"excerpt":{"rendered":"<p>Szentgerice, 1921., \u2020\u00a0Mv., 2011.: fogorvos. \u2013 A MOGYI \u00e1ltal\u00e1nos orvosi kar\u00e1n v\u00e9gzett, mert a fog\u00e1szati kar megsz\u00fcnt (1953-ban), hallgat\u00f3k\u00e9nt gyakornoki munk\u00e1t v\u00e9gzett a Fog\u00e1szati Klinik\u00e1n. k\u00f6rzeti orvos volt Gyulakut\u00e1n, Szov\u00e1t\u00e1n. Fogorvosi vizsg\u00e1t (1959) \u00e9s f\u0151orvosi vizsg\u00e1t tett. N\u00e9metorsz\u00e1gba t\u00e1vozott (1979). Irod.: Kiss\u2013P\u00e9terffy\u2013P\u00e9terffy<\/p>\n","protected":false},"featured_media":0,"comment_status":"open","ping_status":"closed","template":"","meta":[],"product_brand":[],"product_cat":[137],"product_tag":[],"class_list":{"0":"post-6240","1":"product","2":"type-product","3":"status-publish","5":"product_cat-maros-megyei-eletrajzi-lexikon","7":"first","8":"instock","9":"shipping-taxable","10":"product-type-simple"},"_links":{"self":[{"href":"https:\/\/uj.adatbank.ro\/lexikon\/wp-json\/wp\/v2\/product\/6240","targetHints":{"allow":["GET"]}}],"collection":[{"href":"https:\/\/uj.adatbank.ro\/lexikon\/wp-json\/wp\/v2\/product"}],"about":[{"href":"https:\/\/uj.adatbank.ro\/lexikon\/wp-json\/wp\/v2\/types\/product"}],"replies":[{"embeddable":true,"href":"https:\/\/uj.adatbank.ro\/lexikon\/wp-json\/wp\/v2\/comments?post=6240"}],"wp:attachment":[{"href":"https:\/\/uj.adatbank.ro\/lexikon\/wp-json\/wp\/v2\/media?parent=6240"}],"wp:term":[{"taxonomy":"product_brand","embeddable":true,"href":"https:\/\/uj.adatbank.ro\/lexikon\/wp-json\/wp\/v2\/product_brand?post=6240"},{"taxonomy":"product_cat","embeddable":true,"href":"https:\/\/uj.adatbank.ro\/lexikon\/wp-json\/wp\/v2\/product_cat?post=6240"},{"taxonomy":"product_tag","embeddable":true,"href":"https:\/\/uj.adatbank.ro\/lexikon\/wp-json\/wp\/v2\/product_tag?post=6240"}],"curies":[{"name":"wp","href":"https:\/\/api.w.org\/{rel}","templated":true}]}}