{"id":6241,"date":"2025-06-28T17:45:24","date_gmt":"2025-06-28T15:45:24","guid":{"rendered":"https:\/\/uj.adatbank.ro\/lexikon\/termek\/csiky-istvan\/"},"modified":"2025-06-28T17:45:24","modified_gmt":"2025-06-28T15:45:24","slug":"csiky-istvan","status":"publish","type":"product","link":"https:\/\/uj.adatbank.ro\/lexikon\/termek\/csiky-istvan\/","title":{"rendered":"CS\u00cdKY Istv\u00e1n"},"content":{"rendered":"<p>1814., \u2020 Erzs\u00e9betv\u00e1ros, 1886. nov. 17.: ogy.-i k\u00e9pvisel\u0151, jog\u00e1sz. \u2013 Ogy.-i k\u00e9pvisel\u0151 (1872\u201378). \u2013 <strong>F. m.:<\/strong> Eml\u00e9kirat a t\u00f6rv\u00e9nyhat\u00f3s\u00e1gok rendez\u00e9se t\u00e1rgy\u00e1ban (D\u00e1niel M\u00e1rtonnal, Bp., 1876); M\u00e9g egy p\u00e1r sz\u00f3 azon k\u00e9rd\u00e9shez\u00a0: Erzs\u00e9betv\u00e1ros-e alkalmas sz\u00e9khely Kis-K\u00fck\u00fcll\u0151 megy\u00e9nek v. Dics\u0151szentm\u00e1rton\u00a0? (Bp., 1876). <br \/><strong>Irod.:<\/strong> Guly\u00e1s; Szinnyei; Wikipedia<\/br><\/p>\n","protected":false},"excerpt":{"rendered":"<p>1814., \u2020 Erzs\u00e9betv\u00e1ros, 1886. nov. 17.: ogy.-i k\u00e9pvisel\u0151, jog\u00e1sz. \u2013 Ogy.-i k\u00e9pvisel\u0151 (1872\u201378). \u2013 F. m.: Eml\u00e9kirat a t\u00f6rv\u00e9nyhat\u00f3s\u00e1gok rendez\u00e9se t\u00e1rgy\u00e1ban (D\u00e1niel M\u00e1rtonnal, Bp., 1876); M\u00e9g egy p\u00e1r sz\u00f3 azon k\u00e9rd\u00e9shez\u00a0: Erzs\u00e9betv\u00e1ros-e alkalmas sz\u00e9khely Kis-K\u00fck\u00fcll\u0151 megy\u00e9nek v. Dics\u0151szentm\u00e1rton\u00a0? (Bp., 1876). Irod.: Guly\u00e1s; Szinnyei; Wikipedia<\/p>\n","protected":false},"featured_media":0,"comment_status":"open","ping_status":"closed","template":"","meta":[],"product_brand":[],"product_cat":[137],"product_tag":[],"class_list":{"0":"post-6241","1":"product","2":"type-product","3":"status-publish","5":"product_cat-maros-megyei-eletrajzi-lexikon","7":"first","8":"instock","9":"shipping-taxable","10":"product-type-simple"},"_links":{"self":[{"href":"https:\/\/uj.adatbank.ro\/lexikon\/wp-json\/wp\/v2\/product\/6241","targetHints":{"allow":["GET"]}}],"collection":[{"href":"https:\/\/uj.adatbank.ro\/lexikon\/wp-json\/wp\/v2\/product"}],"about":[{"href":"https:\/\/uj.adatbank.ro\/lexikon\/wp-json\/wp\/v2\/types\/product"}],"replies":[{"embeddable":true,"href":"https:\/\/uj.adatbank.ro\/lexikon\/wp-json\/wp\/v2\/comments?post=6241"}],"wp:attachment":[{"href":"https:\/\/uj.adatbank.ro\/lexikon\/wp-json\/wp\/v2\/media?parent=6241"}],"wp:term":[{"taxonomy":"product_brand","embeddable":true,"href":"https:\/\/uj.adatbank.ro\/lexikon\/wp-json\/wp\/v2\/product_brand?post=6241"},{"taxonomy":"product_cat","embeddable":true,"href":"https:\/\/uj.adatbank.ro\/lexikon\/wp-json\/wp\/v2\/product_cat?post=6241"},{"taxonomy":"product_tag","embeddable":true,"href":"https:\/\/uj.adatbank.ro\/lexikon\/wp-json\/wp\/v2\/product_tag?post=6241"}],"curies":[{"name":"wp","href":"https:\/\/api.w.org\/{rel}","templated":true}]}}