{"id":6243,"date":"2025-06-28T17:45:28","date_gmt":"2025-06-28T15:45:28","guid":{"rendered":"https:\/\/uj.adatbank.ro\/lexikon\/termek\/csiky-istvan-3\/"},"modified":"2025-06-28T17:45:28","modified_gmt":"2025-06-28T15:45:28","slug":"csiky-istvan-3","status":"publish","type":"product","link":"https:\/\/uj.adatbank.ro\/lexikon\/termek\/csiky-istvan-3\/","title":{"rendered":"CS\u00cdKY Istv\u00e1n"},"content":{"rendered":"<p>? \u2020 ? : ref. lelk\u00e9sz. \u2013 Marosv\u00e9csen szolg\u00e1lt (1926. jan. el\u0151tt). Makkai S\u00e1ndor p\u00fcsp\u00f6kkel megalak\u00edtott\u00e1k a ref. lelk\u00e9szek V\u00e9csi Sz\u00f6vets\u00e9g\u00e9t, amelynek c\u00e9lja, az egyh\u00e1z meg\u00faj\u00edt\u00e1sa volt (1921). \u2013 <strong>F. m.:<\/strong> Jer \u00e9s l\u00e1sd meg: R\u00f6vid elm\u00e9lked\u00e9sek (Torda, 1926). <br \/><strong>Irod.:<\/strong> Guly\u00e1s; \u00d6tv\u00f6s<\/br><\/p>\n","protected":false},"excerpt":{"rendered":"<p>? \u2020 ? : ref. lelk\u00e9sz. \u2013 Marosv\u00e9csen szolg\u00e1lt (1926. jan. el\u0151tt). Makkai S\u00e1ndor p\u00fcsp\u00f6kkel megalak\u00edtott\u00e1k a ref. lelk\u00e9szek V\u00e9csi Sz\u00f6vets\u00e9g\u00e9t, amelynek c\u00e9lja, az egyh\u00e1z meg\u00faj\u00edt\u00e1sa volt (1921). \u2013 F. m.: Jer \u00e9s l\u00e1sd meg: R\u00f6vid elm\u00e9lked\u00e9sek (Torda, 1926). Irod.: Guly\u00e1s; \u00d6tv\u00f6s<\/p>\n","protected":false},"featured_media":0,"comment_status":"open","ping_status":"closed","template":"","meta":[],"product_brand":[],"product_cat":[137],"product_tag":[],"class_list":{"0":"post-6243","1":"product","2":"type-product","3":"status-publish","5":"product_cat-maros-megyei-eletrajzi-lexikon","7":"first","8":"instock","9":"shipping-taxable","10":"product-type-simple"},"_links":{"self":[{"href":"https:\/\/uj.adatbank.ro\/lexikon\/wp-json\/wp\/v2\/product\/6243","targetHints":{"allow":["GET"]}}],"collection":[{"href":"https:\/\/uj.adatbank.ro\/lexikon\/wp-json\/wp\/v2\/product"}],"about":[{"href":"https:\/\/uj.adatbank.ro\/lexikon\/wp-json\/wp\/v2\/types\/product"}],"replies":[{"embeddable":true,"href":"https:\/\/uj.adatbank.ro\/lexikon\/wp-json\/wp\/v2\/comments?post=6243"}],"wp:attachment":[{"href":"https:\/\/uj.adatbank.ro\/lexikon\/wp-json\/wp\/v2\/media?parent=6243"}],"wp:term":[{"taxonomy":"product_brand","embeddable":true,"href":"https:\/\/uj.adatbank.ro\/lexikon\/wp-json\/wp\/v2\/product_brand?post=6243"},{"taxonomy":"product_cat","embeddable":true,"href":"https:\/\/uj.adatbank.ro\/lexikon\/wp-json\/wp\/v2\/product_cat?post=6243"},{"taxonomy":"product_tag","embeddable":true,"href":"https:\/\/uj.adatbank.ro\/lexikon\/wp-json\/wp\/v2\/product_tag?post=6243"}],"curies":[{"name":"wp","href":"https:\/\/api.w.org\/{rel}","templated":true}]}}