{"id":6244,"date":"2025-06-28T17:45:30","date_gmt":"2025-06-28T15:45:30","guid":{"rendered":"https:\/\/uj.adatbank.ro\/lexikon\/termek\/csiky-istvan-4\/"},"modified":"2025-06-28T17:45:30","modified_gmt":"2025-06-28T15:45:30","slug":"csiky-istvan-4","status":"publish","type":"product","link":"https:\/\/uj.adatbank.ro\/lexikon\/termek\/csiky-istvan-4\/","title":{"rendered":"CS\u00cdKY Istv\u00e1n"},"content":{"rendered":"<p>Keresd, 1906., \u2020\u00a0? : ref. lelk\u00e9sz. \u2013 Dics\u0151szentm\u00e1rtonban szolg\u00e1lt. Pr\u00e9dik\u00e1ci\u00f3it egyh\u00e1zi lapok k\u00f6z\u00f6lt\u00e9k. <br \/><strong>Irod.:<\/strong> EM<\/br><\/p>\n","protected":false},"excerpt":{"rendered":"<p>Keresd, 1906., \u2020\u00a0? : ref. lelk\u00e9sz. \u2013 Dics\u0151szentm\u00e1rtonban szolg\u00e1lt. Pr\u00e9dik\u00e1ci\u00f3it egyh\u00e1zi lapok k\u00f6z\u00f6lt\u00e9k. Irod.: EM<\/p>\n","protected":false},"featured_media":0,"comment_status":"open","ping_status":"closed","template":"","meta":[],"product_brand":[],"product_cat":[137],"product_tag":[],"class_list":{"0":"post-6244","1":"product","2":"type-product","3":"status-publish","5":"product_cat-maros-megyei-eletrajzi-lexikon","7":"first","8":"instock","9":"shipping-taxable","10":"product-type-simple"},"_links":{"self":[{"href":"https:\/\/uj.adatbank.ro\/lexikon\/wp-json\/wp\/v2\/product\/6244","targetHints":{"allow":["GET"]}}],"collection":[{"href":"https:\/\/uj.adatbank.ro\/lexikon\/wp-json\/wp\/v2\/product"}],"about":[{"href":"https:\/\/uj.adatbank.ro\/lexikon\/wp-json\/wp\/v2\/types\/product"}],"replies":[{"embeddable":true,"href":"https:\/\/uj.adatbank.ro\/lexikon\/wp-json\/wp\/v2\/comments?post=6244"}],"wp:attachment":[{"href":"https:\/\/uj.adatbank.ro\/lexikon\/wp-json\/wp\/v2\/media?parent=6244"}],"wp:term":[{"taxonomy":"product_brand","embeddable":true,"href":"https:\/\/uj.adatbank.ro\/lexikon\/wp-json\/wp\/v2\/product_brand?post=6244"},{"taxonomy":"product_cat","embeddable":true,"href":"https:\/\/uj.adatbank.ro\/lexikon\/wp-json\/wp\/v2\/product_cat?post=6244"},{"taxonomy":"product_tag","embeddable":true,"href":"https:\/\/uj.adatbank.ro\/lexikon\/wp-json\/wp\/v2\/product_tag?post=6244"}],"curies":[{"name":"wp","href":"https:\/\/api.w.org\/{rel}","templated":true}]}}