{"id":6245,"date":"2025-06-28T17:45:31","date_gmt":"2025-06-28T15:45:31","guid":{"rendered":"https:\/\/uj.adatbank.ro\/lexikon\/termek\/csiky-istvan-%c2%a7\/"},"modified":"2025-06-28T17:45:31","modified_gmt":"2025-06-28T15:45:31","slug":"csiky-istvan-%c2%a7","status":"publish","type":"product","link":"https:\/\/uj.adatbank.ro\/lexikon\/termek\/csiky-istvan-%c2%a7\/","title":{"rendered":"CS\u00cdKY Istv\u00e1n, \u00a7"},"content":{"rendered":"<p>Mv., 1906. aug. 19., \u2020 Kecskem\u00e9t, 1980.: hadnagy. \u2013 A II. vh.-ban tart. hadnagyi rangban vett r\u00e9szt. Szovjet hadifogs\u00e1gba esett (1945. m\u00e1j. 6.), ahonnan betegen hazaengedt\u00e9k (1946). <br \/><strong>Irod.:<\/strong> Berekm\u00e9ri<\/br><\/p>\n","protected":false},"excerpt":{"rendered":"<p>Mv., 1906. aug. 19., \u2020 Kecskem\u00e9t, 1980.: hadnagy. \u2013 A II. vh.-ban tart. hadnagyi rangban vett r\u00e9szt. Szovjet hadifogs\u00e1gba esett (1945. m\u00e1j. 6.), ahonnan betegen hazaengedt\u00e9k (1946). Irod.: Berekm\u00e9ri<\/p>\n","protected":false},"featured_media":0,"comment_status":"open","ping_status":"closed","template":"","meta":[],"product_brand":[],"product_cat":[137],"product_tag":[],"class_list":{"0":"post-6245","1":"product","2":"type-product","3":"status-publish","5":"product_cat-maros-megyei-eletrajzi-lexikon","7":"first","8":"instock","9":"shipping-taxable","10":"product-type-simple"},"_links":{"self":[{"href":"https:\/\/uj.adatbank.ro\/lexikon\/wp-json\/wp\/v2\/product\/6245","targetHints":{"allow":["GET"]}}],"collection":[{"href":"https:\/\/uj.adatbank.ro\/lexikon\/wp-json\/wp\/v2\/product"}],"about":[{"href":"https:\/\/uj.adatbank.ro\/lexikon\/wp-json\/wp\/v2\/types\/product"}],"replies":[{"embeddable":true,"href":"https:\/\/uj.adatbank.ro\/lexikon\/wp-json\/wp\/v2\/comments?post=6245"}],"wp:attachment":[{"href":"https:\/\/uj.adatbank.ro\/lexikon\/wp-json\/wp\/v2\/media?parent=6245"}],"wp:term":[{"taxonomy":"product_brand","embeddable":true,"href":"https:\/\/uj.adatbank.ro\/lexikon\/wp-json\/wp\/v2\/product_brand?post=6245"},{"taxonomy":"product_cat","embeddable":true,"href":"https:\/\/uj.adatbank.ro\/lexikon\/wp-json\/wp\/v2\/product_cat?post=6245"},{"taxonomy":"product_tag","embeddable":true,"href":"https:\/\/uj.adatbank.ro\/lexikon\/wp-json\/wp\/v2\/product_tag?post=6245"}],"curies":[{"name":"wp","href":"https:\/\/api.w.org\/{rel}","templated":true}]}}