{"id":6246,"date":"2025-06-28T17:45:32","date_gmt":"2025-06-28T15:45:32","guid":{"rendered":"https:\/\/uj.adatbank.ro\/lexikon\/termek\/csiky-janos\/"},"modified":"2025-06-28T17:45:32","modified_gmt":"2025-06-28T15:45:32","slug":"csiky-janos","status":"publish","type":"product","link":"https:\/\/uj.adatbank.ro\/lexikon\/termek\/csiky-janos\/","title":{"rendered":"CSIKY J\u00e1nos"},"content":{"rendered":"<p>1800. \u2020\u00a01876.: orvos. \u2013 Mv.-en v\u00e1rosi f\u0151orvos hal\u00e1l\u00e1ig (1851\u20131876). A fia Csiky J\u00f3zsef orvos. Az unok\u00e1ja szint\u00e9n orvos, dr. ifj. Cs. J\u00f3zsef (1881\u20131929). <br \/><strong>Irod.:<\/strong> Mv.-i \u00f6rm\u00e9nyek<\/br><\/p>\n","protected":false},"excerpt":{"rendered":"<p>1800. \u2020\u00a01876.: orvos. \u2013 Mv.-en v\u00e1rosi f\u0151orvos hal\u00e1l\u00e1ig (1851\u20131876). A fia Csiky J\u00f3zsef orvos. Az unok\u00e1ja szint\u00e9n orvos, dr. ifj. Cs. J\u00f3zsef (1881\u20131929). Irod.: Mv.-i \u00f6rm\u00e9nyek<\/p>\n","protected":false},"featured_media":0,"comment_status":"open","ping_status":"closed","template":"","meta":[],"product_brand":[],"product_cat":[137],"product_tag":[],"class_list":{"0":"post-6246","1":"product","2":"type-product","3":"status-publish","5":"product_cat-maros-megyei-eletrajzi-lexikon","7":"first","8":"instock","9":"shipping-taxable","10":"product-type-simple"},"_links":{"self":[{"href":"https:\/\/uj.adatbank.ro\/lexikon\/wp-json\/wp\/v2\/product\/6246","targetHints":{"allow":["GET"]}}],"collection":[{"href":"https:\/\/uj.adatbank.ro\/lexikon\/wp-json\/wp\/v2\/product"}],"about":[{"href":"https:\/\/uj.adatbank.ro\/lexikon\/wp-json\/wp\/v2\/types\/product"}],"replies":[{"embeddable":true,"href":"https:\/\/uj.adatbank.ro\/lexikon\/wp-json\/wp\/v2\/comments?post=6246"}],"wp:attachment":[{"href":"https:\/\/uj.adatbank.ro\/lexikon\/wp-json\/wp\/v2\/media?parent=6246"}],"wp:term":[{"taxonomy":"product_brand","embeddable":true,"href":"https:\/\/uj.adatbank.ro\/lexikon\/wp-json\/wp\/v2\/product_brand?post=6246"},{"taxonomy":"product_cat","embeddable":true,"href":"https:\/\/uj.adatbank.ro\/lexikon\/wp-json\/wp\/v2\/product_cat?post=6246"},{"taxonomy":"product_tag","embeddable":true,"href":"https:\/\/uj.adatbank.ro\/lexikon\/wp-json\/wp\/v2\/product_tag?post=6246"}],"curies":[{"name":"wp","href":"https:\/\/api.w.org\/{rel}","templated":true}]}}