{"id":6252,"date":"2025-06-28T17:45:44","date_gmt":"2025-06-28T15:45:44","guid":{"rendered":"https:\/\/uj.adatbank.ro\/lexikon\/termek\/csiky-karoly\/"},"modified":"2025-06-28T17:45:44","modified_gmt":"2025-06-28T15:45:44","slug":"csiky-karoly","status":"publish","type":"product","link":"https:\/\/uj.adatbank.ro\/lexikon\/termek\/csiky-karoly\/","title":{"rendered":"CS\u00cdKY K\u00e1roly"},"content":{"rendered":"<p>Mv., 1886. m\u00e1j. 28., \u2020\u00a0? : \u00fcgyv\u00e9d; it\u00e9l\u0151t\u00e1blai b\u00edr\u00f3. \u2013 P\u00e1ly\u00e1j\u00e1t a mv.-i t\u00f6rv\u00e9nysz\u00e9k joggyakornokak\u00e9nt kezdte (1908\u2013), dr., Bp.-en t\u00f6rv\u00e9nysz\u00e9ki b\u00edr\u00f3 (1917\u2013), tan\u00e1csjegyz\u0151 a Kir. K\u00fari\u00e1n\u00e1l, bp.-i it\u00e9l\u0151t\u00e1blai b\u00edr\u00f3 (1930\u2013). \u2013 <strong>F. m.:<\/strong> A cs\u0151d\u00f6nkiv\u00fcli k\u00e9nyszeregyezs\u00e9gi elj\u00e1r\u00e1sr\u00f3l sz\u00f3l\u00f3 \u00faj rendelet (Bp., 1926). N\u00e9met\u00fcl is. <br \/><strong>Irod.:<\/strong> Guly\u00e1s<\/br><\/p>\n","protected":false},"excerpt":{"rendered":"<p>Mv., 1886. m\u00e1j. 28., \u2020\u00a0? : \u00fcgyv\u00e9d; it\u00e9l\u0151t\u00e1blai b\u00edr\u00f3. \u2013 P\u00e1ly\u00e1j\u00e1t a mv.-i t\u00f6rv\u00e9nysz\u00e9k joggyakornokak\u00e9nt kezdte (1908\u2013), dr., Bp.-en t\u00f6rv\u00e9nysz\u00e9ki b\u00edr\u00f3 (1917\u2013), tan\u00e1csjegyz\u0151 a Kir. K\u00fari\u00e1n\u00e1l, bp.-i it\u00e9l\u0151t\u00e1blai b\u00edr\u00f3 (1930\u2013). \u2013 F. m.: A cs\u0151d\u00f6nkiv\u00fcli k\u00e9nyszeregyezs\u00e9gi elj\u00e1r\u00e1sr\u00f3l sz\u00f3l\u00f3 \u00faj rendelet (Bp., 1926). N\u00e9met\u00fcl is. Irod.: Guly\u00e1s<\/p>\n","protected":false},"featured_media":0,"comment_status":"open","ping_status":"closed","template":"","meta":[],"product_brand":[],"product_cat":[137],"product_tag":[],"class_list":{"0":"post-6252","1":"product","2":"type-product","3":"status-publish","5":"product_cat-maros-megyei-eletrajzi-lexikon","7":"first","8":"instock","9":"shipping-taxable","10":"product-type-simple"},"_links":{"self":[{"href":"https:\/\/uj.adatbank.ro\/lexikon\/wp-json\/wp\/v2\/product\/6252","targetHints":{"allow":["GET"]}}],"collection":[{"href":"https:\/\/uj.adatbank.ro\/lexikon\/wp-json\/wp\/v2\/product"}],"about":[{"href":"https:\/\/uj.adatbank.ro\/lexikon\/wp-json\/wp\/v2\/types\/product"}],"replies":[{"embeddable":true,"href":"https:\/\/uj.adatbank.ro\/lexikon\/wp-json\/wp\/v2\/comments?post=6252"}],"wp:attachment":[{"href":"https:\/\/uj.adatbank.ro\/lexikon\/wp-json\/wp\/v2\/media?parent=6252"}],"wp:term":[{"taxonomy":"product_brand","embeddable":true,"href":"https:\/\/uj.adatbank.ro\/lexikon\/wp-json\/wp\/v2\/product_brand?post=6252"},{"taxonomy":"product_cat","embeddable":true,"href":"https:\/\/uj.adatbank.ro\/lexikon\/wp-json\/wp\/v2\/product_cat?post=6252"},{"taxonomy":"product_tag","embeddable":true,"href":"https:\/\/uj.adatbank.ro\/lexikon\/wp-json\/wp\/v2\/product_tag?post=6252"}],"curies":[{"name":"wp","href":"https:\/\/api.w.org\/{rel}","templated":true}]}}