{"id":6254,"date":"2025-06-28T17:45:48","date_gmt":"2025-06-28T15:45:48","guid":{"rendered":"https:\/\/uj.adatbank.ro\/lexikon\/termek\/csiky-lajos-csiki-lajos\/"},"modified":"2025-06-28T17:45:48","modified_gmt":"2025-06-28T15:45:48","slug":"csiky-lajos-csiki-lajos","status":"publish","type":"product","link":"https:\/\/uj.adatbank.ro\/lexikon\/termek\/csiky-lajos-csiki-lajos\/","title":{"rendered":"CS\u00cdKY Lajos, Cs\u00edki Lajos"},"content":{"rendered":"<p>G\u00f6rg\u00e9nyszentimre, 1863., \u2020 Mv., 1918. \u00e1pr. 22.: tan\u00e1r, igazgat\u00f3. \u2013 Feles\u00e9ge: G\u00e1ll Lenke. Gyermekeik: Lajos, Attila, Magdolna (zongoram\u0171v\u00e9szn\u0151). \u2013 Sz\u00fcl\u0151faluj\u00e1ban, Sz\u00e1szr\u00e9genben, majd a mv.-i Ref. Koll.-ban tanult. Az egyetemet Bp.-en v\u00e9gezte (1893). G\u00f6r\u00f6g-lat. szakos gyakornok (1889\u201391), tan\u00e1r a mv.-i Ref. Koll.-ban, a bp.-i gyakorl\u00f3 gimn. tan\u00e1ra (1891\u201392), majd rendes tan\u00e1r a mv.-i Ref. Koll.-ban hal\u00e1l\u00e1ig (1893. szept. \u2013 1918), rektor (1901\u20131911). Koll. &#8211;i gazdas\u00e1gi fel\u00fcgyel\u0151, a zene- \u00e9s \u00e9nekkarnak \u00e9s a nyomd\u00e1nak fel\u00fcgyel\u0151je, az ifj\u00fas\u00e1gi \u00f6nk\u00e9pz\u0151k\u00f6rnek aleln\u00f6ke, a mv.-i ref. egyh\u00e1ztan\u00e1csnak, egyh\u00e1z k\u00e9pvisel\u0151-test\u00fcletnek, egyh\u00e1zi iskolasz\u00e9knek \u00e9s a filol\u00f3giai t\u00e1rsas\u00e1gnak rendes tagja volt. <strong>Cikkei:<\/strong> A mv.-i Ref. F\u0151gimn. \u00e9rtes\u00edt\u0151j\u00e9ben, Sz\u00e9kely Napl\u00f3ban (\u00c9vz\u00e1r\u00f3 besz\u00e9d. 1911, A koll\u00e9gium m\u00faltja). \u2013 <strong>F. m.:<\/strong> <strong>t\u00e1rssz.:<\/strong> Eml\u00e9klapok De\u00e1k Lajos kir. tan\u00e1csos tanfel\u00fcgyel\u0151 huszon\u00f6t\u00e9ves jubileuma alkalm\u00e1b\u00f3l (Mv., 1908). <br \/><strong>Irod.:<\/strong> \u00c1goston Albert: Alkot\u00e1sainkra, \u00e9rt\u00e9keinkre eml\u00e9kezve (N\u00fa., 1993. dec. 14.); Guly\u00e1s; Gy\u00e1szjelent\u0151; Koncz; Kozma; A mv.-i Ev. Ref. Koll. n\u00f6vend\u00e9keivel tett tanulm\u00e1nyi \u00fat le\u00edr\u00e1sa (Mv., 1890); Mv. t\u00f6rt. 2., Ny\u00e1r\u00e1dszentbenedek; Par\u00e1di<\/br><\/p>\n","protected":false},"excerpt":{"rendered":"<p>G\u00f6rg\u00e9nyszentimre, 1863., \u2020 Mv., 1918. \u00e1pr. 22.: tan\u00e1r, igazgat\u00f3. \u2013 Feles\u00e9ge: G\u00e1ll Lenke. Gyermekeik: Lajos, Attila, Magdolna (zongoram\u0171v\u00e9szn\u0151). \u2013 Sz\u00fcl\u0151faluj\u00e1ban, Sz\u00e1szr\u00e9genben, majd a mv.-i Ref. Koll.-ban tanult. Az egyetemet Bp.-en v\u00e9gezte (1893). G\u00f6r\u00f6g-lat. szakos gyakornok (1889\u201391), tan\u00e1r a mv.-i Ref. Koll.-ban, a bp.-i gyakorl\u00f3 gimn. tan\u00e1ra (1891\u201392), majd rendes tan\u00e1r a mv.-i Ref. Koll.-ban hal\u00e1l\u00e1ig [&hellip;]<\/p>\n","protected":false},"featured_media":0,"comment_status":"open","ping_status":"closed","template":"","meta":[],"product_brand":[],"product_cat":[137],"product_tag":[],"class_list":{"0":"post-6254","1":"product","2":"type-product","3":"status-publish","5":"product_cat-maros-megyei-eletrajzi-lexikon","7":"first","8":"instock","9":"shipping-taxable","10":"product-type-simple"},"_links":{"self":[{"href":"https:\/\/uj.adatbank.ro\/lexikon\/wp-json\/wp\/v2\/product\/6254","targetHints":{"allow":["GET"]}}],"collection":[{"href":"https:\/\/uj.adatbank.ro\/lexikon\/wp-json\/wp\/v2\/product"}],"about":[{"href":"https:\/\/uj.adatbank.ro\/lexikon\/wp-json\/wp\/v2\/types\/product"}],"replies":[{"embeddable":true,"href":"https:\/\/uj.adatbank.ro\/lexikon\/wp-json\/wp\/v2\/comments?post=6254"}],"wp:attachment":[{"href":"https:\/\/uj.adatbank.ro\/lexikon\/wp-json\/wp\/v2\/media?parent=6254"}],"wp:term":[{"taxonomy":"product_brand","embeddable":true,"href":"https:\/\/uj.adatbank.ro\/lexikon\/wp-json\/wp\/v2\/product_brand?post=6254"},{"taxonomy":"product_cat","embeddable":true,"href":"https:\/\/uj.adatbank.ro\/lexikon\/wp-json\/wp\/v2\/product_cat?post=6254"},{"taxonomy":"product_tag","embeddable":true,"href":"https:\/\/uj.adatbank.ro\/lexikon\/wp-json\/wp\/v2\/product_tag?post=6254"}],"curies":[{"name":"wp","href":"https:\/\/api.w.org\/{rel}","templated":true}]}}