{"id":6257,"date":"2025-06-28T17:45:54","date_gmt":"2025-06-28T15:45:54","guid":{"rendered":"https:\/\/uj.adatbank.ro\/lexikon\/termek\/csiky-laszlo-csiki-laszlo\/"},"modified":"2025-06-28T17:45:54","modified_gmt":"2025-06-28T15:45:54","slug":"csiky-laszlo-csiki-laszlo","status":"publish","type":"product","link":"https:\/\/uj.adatbank.ro\/lexikon\/termek\/csiky-laszlo-csiki-laszlo\/","title":{"rendered":"CSIKY L\u00e1szl\u00f3, Cs\u00edki L\u00e1szl\u00f3"},"content":{"rendered":"<p>G\u00f6rg\u00e9nyszentimre, 1873; 1874. -a s\u00edrk\u0151n, \u2020\u00a0Mv., 1948. 1949 s\u00edrk\u0151: \u00fcgyv\u00e9d, dr., kir. \u00edt\u00e9l\u0151t\u00e1blai b\u00edr\u00f3, kir. k\u00f6zjegyz\u0151. \u2013 Cs. Gy\u00f6rgy (1801\u201370) unok\u00e1ja. Apja kincst\u00e1ri erd\u0151v\u00e9dn\u00f6k volt. B\u00e1tyja: Lajos, koll.-i tan\u00e1r, behozta szolgadi\u00e1knak a mv.-i Ref. Koll. -ba. Feles\u00e9ge: Ferencz Annus, Ferenc Mih\u00e1ly Zsigmond mez\u0151madarasi birtokos egyik le\u00e1nytestv\u00e9re. Fiai: L\u00e1szl\u00f3, orvos, feles\u00e9ge Szigeti M\u00e1ria; J\u00f3zsef, ref. lelk\u00e9sz. Unok\u00e1ja: Boldizs\u00e1r mv.-i zeneszerz\u0151. \u2013 Az egyetemet Kv.-on v\u00e9gezte, ahol jogi doktor\u00e1tust szerzett (1901), majd \u00fcgyv\u00e9di vizsg\u00e1t tett (1903). Kir. \u00fcgy\u00e9sz volt Gyulafeh\u00e9rv\u00e1rt (1890-es \u00e9vekben), az Osztr\u00e1k-M. monarchia kir.-i k\u00f6zjegyz\u0151 Kv.-on, Mv.-en kir. f\u0151\u00fcgy\u00e9szhelyettes (\u20131908), \u00edt\u00e9l\u0151t\u00e1blai b\u00edr\u00f3 (\u20131910). Lemondott \u00e1ll\u00e1s\u00e1r\u00f3l, mert nem akart Erzs\u00e9betv\u00e1rosba menni, ahova \u00e1thelyezt\u00e9k. \u00dcgyv\u00e9di irod\u00e1t nyitott Mv.-en saj\u00e1t h\u00e1z\u00e1ban (1921\u2013). \u00c9l\u00e9nk t\u00e1rsadalmi munk\u00e1t felytett ki: a KZST \u00fcgy\u00e9sze \u00e9s rendes tagja, t\u00f6bb irodalmi estet tartottak szalonjukban; a J\u00f3t\u00e9kony N\u0151egylet a Bethlen Egylet, a ref. egyh\u00e1zmegye \u00e9s a mv.-i Ref. Koll. \u00e9s kisded\u00f3v\u00f3da \u00e9s az \u00e1rvah\u00e1z tev\u00e9kenys\u00e9g\u00e9t seg\u00edtette, mint jogtan\u00e1csos \u00e9s mint tag. Feles\u00e9ge az Erd\u00e9lyi Helikon mv.-i tagjai k\u00f6zt szerepelt (1930). A Konkordia Egyet\u00e9rt\u00e9s Hitelsz\u00f6vetkezet eln\u00f6ke lett (1936\u2013). A Mv.-i Kaszin\u00f3 v\u00e1lasztm\u00e1nyi tagja (1932). H\u00e1za (Bolyai u. 16) \u00e9s a M\u00e1rrton \u00c1ron u. sark\u00e1n. M\u00e1r az \u00e1llamos\u00edt\u00e1sa el\u0151tt meghalt, csal\u00e1dj\u00e1t kitelep\u00edtett\u00e9k. Cikkeket \u00edrt a Jog-ban. T\u00f6bb irodalmi estet tartottak szalonjukban. \u2013 <strong>F. m.:<\/strong> A b\u0171nv\u00e1di perrendtart\u00e1s \u00e9s az azt \u00e9letbel\u00e9ptet\u0151 t\u00f6rv\u00e9ny. jogesetek \u00e9s \u00e9rtekez\u00e9sek gy\u0171jtem\u00e9ny\u00e9vel. Az esk\u00fcdtb\u00edr\u00f3s\u00e1gokr\u00f3l sz\u00f3l\u00f3 t\u00f6rv\u00e9ny (Mv., 1902); A perorvoslatra vonatkoz\u00f3 szab\u00e1lyok a b\u0171nv\u00e1di elj\u00e1r\u00e1sban (Mv., 1907). <br \/><strong>Irod.:<\/strong> Almanah Tg. M.; Bi\u00e1s Istv\u00e1n; B\u00f6jthe Andor; Csekme; Guly\u00e1s; Helikon 1924\u20131944; Id\u0151t\u00e1r 2, 3; Ki kicsoda ?; Maros megyei t\u00f6rt.; Marosi-Helikon; Marosi-KZST; Molter 3; Sipos Lajos<\/br><\/p>\n","protected":false},"excerpt":{"rendered":"<p>G\u00f6rg\u00e9nyszentimre, 1873; 1874. -a s\u00edrk\u0151n, \u2020\u00a0Mv., 1948. 1949 s\u00edrk\u0151: \u00fcgyv\u00e9d, dr., kir. \u00edt\u00e9l\u0151t\u00e1blai b\u00edr\u00f3, kir. k\u00f6zjegyz\u0151. \u2013 Cs. Gy\u00f6rgy (1801\u201370) unok\u00e1ja. Apja kincst\u00e1ri erd\u0151v\u00e9dn\u00f6k volt. B\u00e1tyja: Lajos, koll.-i tan\u00e1r, behozta szolgadi\u00e1knak a mv.-i Ref. Koll. -ba. Feles\u00e9ge: Ferencz Annus, Ferenc Mih\u00e1ly Zsigmond mez\u0151madarasi birtokos egyik le\u00e1nytestv\u00e9re. Fiai: L\u00e1szl\u00f3, orvos, feles\u00e9ge Szigeti M\u00e1ria; J\u00f3zsef, ref. lelk\u00e9sz. [&hellip;]<\/p>\n","protected":false},"featured_media":0,"comment_status":"open","ping_status":"closed","template":"","meta":[],"product_brand":[],"product_cat":[137],"product_tag":[],"class_list":{"0":"post-6257","1":"product","2":"type-product","3":"status-publish","5":"product_cat-maros-megyei-eletrajzi-lexikon","7":"first","8":"instock","9":"shipping-taxable","10":"product-type-simple"},"_links":{"self":[{"href":"https:\/\/uj.adatbank.ro\/lexikon\/wp-json\/wp\/v2\/product\/6257","targetHints":{"allow":["GET"]}}],"collection":[{"href":"https:\/\/uj.adatbank.ro\/lexikon\/wp-json\/wp\/v2\/product"}],"about":[{"href":"https:\/\/uj.adatbank.ro\/lexikon\/wp-json\/wp\/v2\/types\/product"}],"replies":[{"embeddable":true,"href":"https:\/\/uj.adatbank.ro\/lexikon\/wp-json\/wp\/v2\/comments?post=6257"}],"wp:attachment":[{"href":"https:\/\/uj.adatbank.ro\/lexikon\/wp-json\/wp\/v2\/media?parent=6257"}],"wp:term":[{"taxonomy":"product_brand","embeddable":true,"href":"https:\/\/uj.adatbank.ro\/lexikon\/wp-json\/wp\/v2\/product_brand?post=6257"},{"taxonomy":"product_cat","embeddable":true,"href":"https:\/\/uj.adatbank.ro\/lexikon\/wp-json\/wp\/v2\/product_cat?post=6257"},{"taxonomy":"product_tag","embeddable":true,"href":"https:\/\/uj.adatbank.ro\/lexikon\/wp-json\/wp\/v2\/product_tag?post=6257"}],"curies":[{"name":"wp","href":"https:\/\/api.w.org\/{rel}","templated":true}]}}