{"id":6260,"date":"2025-06-28T17:45:58","date_gmt":"2025-06-28T15:45:58","guid":{"rendered":"https:\/\/uj.adatbank.ro\/lexikon\/termek\/csiky-miklos\/"},"modified":"2025-06-28T17:45:58","modified_gmt":"2025-06-28T15:45:58","slug":"csiky-miklos","status":"publish","type":"product","link":"https:\/\/uj.adatbank.ro\/lexikon\/termek\/csiky-miklos\/","title":{"rendered":"CS\u00cdKY Mikl\u00f3s"},"content":{"rendered":"<p>1851.? \u2020\u00a0Mv., 1913. szept. 15.: keresked\u0151. \u2013 Feles\u00e9ge: Szentgy\u00f6rgyi Laura (1860 \u2013 Mv., 1942. \u00e1pr. 10.). Fi\u00fak: Gy\u00f6rgy. \u2013 Keresked\u0151, Mv. sz. kir. v\u00e1ros t\u00f6rv\u00e9nyhat\u00f3s\u00e1gi bizotts\u00e1gi tag, rom. kat. egyh\u00e1ztan\u00e1csos. Kov\u00e1cs Ferenc ap\u00e1tpl\u00e9b\u00e1nos, a mv.-i r. kat. egyh\u00e1zk\u00f6zs\u00e9g vezet\u0151je megb\u00edz\u00e1s\u00e1b\u00f3l, a magyar bel\u00fcgyminiszt\u00e9rium enged\u00e9ly\u00e9vel gy\u0171jt\u00e9st kedtek a templom fel\u00faj\u00edt\u00e1s\u00e1ra (1895\u2013), megval\u00f3sulhatott az ablakok cser\u00e9je. <br \/><strong>Irod.:<\/strong> Gy\u00e1szjelent\u0151; <\/br><\/p>\n","protected":false},"excerpt":{"rendered":"<p>1851.? \u2020\u00a0Mv., 1913. szept. 15.: keresked\u0151. \u2013 Feles\u00e9ge: Szentgy\u00f6rgyi Laura (1860 \u2013 Mv., 1942. \u00e1pr. 10.). Fi\u00fak: Gy\u00f6rgy. \u2013 Keresked\u0151, Mv. sz. kir. v\u00e1ros t\u00f6rv\u00e9nyhat\u00f3s\u00e1gi bizotts\u00e1gi tag, rom. kat. egyh\u00e1ztan\u00e1csos. Kov\u00e1cs Ferenc ap\u00e1tpl\u00e9b\u00e1nos, a mv.-i r. kat. egyh\u00e1zk\u00f6zs\u00e9g vezet\u0151je megb\u00edz\u00e1s\u00e1b\u00f3l, a magyar bel\u00fcgyminiszt\u00e9rium enged\u00e9ly\u00e9vel gy\u0171jt\u00e9st kedtek a templom fel\u00faj\u00edt\u00e1s\u00e1ra (1895\u2013), megval\u00f3sulhatott az ablakok cser\u00e9je. Irod.: [&hellip;]<\/p>\n","protected":false},"featured_media":0,"comment_status":"open","ping_status":"closed","template":"","meta":[],"product_brand":[],"product_cat":[137],"product_tag":[],"class_list":{"0":"post-6260","1":"product","2":"type-product","3":"status-publish","5":"product_cat-maros-megyei-eletrajzi-lexikon","7":"first","8":"instock","9":"shipping-taxable","10":"product-type-simple"},"_links":{"self":[{"href":"https:\/\/uj.adatbank.ro\/lexikon\/wp-json\/wp\/v2\/product\/6260","targetHints":{"allow":["GET"]}}],"collection":[{"href":"https:\/\/uj.adatbank.ro\/lexikon\/wp-json\/wp\/v2\/product"}],"about":[{"href":"https:\/\/uj.adatbank.ro\/lexikon\/wp-json\/wp\/v2\/types\/product"}],"replies":[{"embeddable":true,"href":"https:\/\/uj.adatbank.ro\/lexikon\/wp-json\/wp\/v2\/comments?post=6260"}],"wp:attachment":[{"href":"https:\/\/uj.adatbank.ro\/lexikon\/wp-json\/wp\/v2\/media?parent=6260"}],"wp:term":[{"taxonomy":"product_brand","embeddable":true,"href":"https:\/\/uj.adatbank.ro\/lexikon\/wp-json\/wp\/v2\/product_brand?post=6260"},{"taxonomy":"product_cat","embeddable":true,"href":"https:\/\/uj.adatbank.ro\/lexikon\/wp-json\/wp\/v2\/product_cat?post=6260"},{"taxonomy":"product_tag","embeddable":true,"href":"https:\/\/uj.adatbank.ro\/lexikon\/wp-json\/wp\/v2\/product_tag?post=6260"}],"curies":[{"name":"wp","href":"https:\/\/api.w.org\/{rel}","templated":true}]}}