{"id":6261,"date":"2025-06-28T17:46:01","date_gmt":"2025-06-28T15:46:01","guid":{"rendered":"https:\/\/uj.adatbank.ro\/lexikon\/termek\/csiky-miklos-2\/"},"modified":"2025-06-28T17:46:01","modified_gmt":"2025-06-28T15:46:01","slug":"csiky-miklos-2","status":"publish","type":"product","link":"https:\/\/uj.adatbank.ro\/lexikon\/termek\/csiky-miklos-2\/","title":{"rendered":"CS\u00cdKY Mikl\u00f3s"},"content":{"rendered":"<p>? \u2020\u00a0Mo. 2007. j\u00fan. 2.: orvos. \u2013 \u00d6ccse: Cs. Csaba. \u2013 A mv.-i III. -as Seb\u00e9szeti Klinika seb\u00e9szorvosa. \u2013 <strong>F. m.:<\/strong> Cercet\u0103ri referitoare la fibrila\u0163ia ventricular\u0103 experimental\u0103 \u00een hipotermie: Tez\u0103 pt. ob\u0163inerea titlului de dr. \u00een medicin\u0103 (Tg. M., 1971). <br \/><strong>Irod.:<\/strong> Pop Tofolean-F\u00fcl\u00f6p<\/br><\/p>\n","protected":false},"excerpt":{"rendered":"<p>? \u2020\u00a0Mo. 2007. j\u00fan. 2.: orvos. \u2013 \u00d6ccse: Cs. Csaba. \u2013 A mv.-i III. -as Seb\u00e9szeti Klinika seb\u00e9szorvosa. \u2013 F. m.: Cercet\u0103ri referitoare la fibrila\u0163ia ventricular\u0103 experimental\u0103 \u00een hipotermie: Tez\u0103 pt. ob\u0163inerea titlului de dr. \u00een medicin\u0103 (Tg. M., 1971). Irod.: Pop Tofolean-F\u00fcl\u00f6p<\/p>\n","protected":false},"featured_media":0,"comment_status":"open","ping_status":"closed","template":"","meta":[],"product_brand":[],"product_cat":[137],"product_tag":[],"class_list":{"0":"post-6261","1":"product","2":"type-product","3":"status-publish","5":"product_cat-maros-megyei-eletrajzi-lexikon","7":"first","8":"instock","9":"shipping-taxable","10":"product-type-simple"},"_links":{"self":[{"href":"https:\/\/uj.adatbank.ro\/lexikon\/wp-json\/wp\/v2\/product\/6261","targetHints":{"allow":["GET"]}}],"collection":[{"href":"https:\/\/uj.adatbank.ro\/lexikon\/wp-json\/wp\/v2\/product"}],"about":[{"href":"https:\/\/uj.adatbank.ro\/lexikon\/wp-json\/wp\/v2\/types\/product"}],"replies":[{"embeddable":true,"href":"https:\/\/uj.adatbank.ro\/lexikon\/wp-json\/wp\/v2\/comments?post=6261"}],"wp:attachment":[{"href":"https:\/\/uj.adatbank.ro\/lexikon\/wp-json\/wp\/v2\/media?parent=6261"}],"wp:term":[{"taxonomy":"product_brand","embeddable":true,"href":"https:\/\/uj.adatbank.ro\/lexikon\/wp-json\/wp\/v2\/product_brand?post=6261"},{"taxonomy":"product_cat","embeddable":true,"href":"https:\/\/uj.adatbank.ro\/lexikon\/wp-json\/wp\/v2\/product_cat?post=6261"},{"taxonomy":"product_tag","embeddable":true,"href":"https:\/\/uj.adatbank.ro\/lexikon\/wp-json\/wp\/v2\/product_tag?post=6261"}],"curies":[{"name":"wp","href":"https:\/\/api.w.org\/{rel}","templated":true}]}}