{"id":6262,"date":"2025-06-28T17:46:05","date_gmt":"2025-06-28T15:46:05","guid":{"rendered":"https:\/\/uj.adatbank.ro\/lexikon\/termek\/csiky-viktor-csiksomlyoi-csiki-viktor\/"},"modified":"2025-06-28T17:46:05","modified_gmt":"2025-06-28T15:46:05","slug":"csiky-viktor-csiksomlyoi-csiki-viktor","status":"publish","type":"product","link":"https:\/\/uj.adatbank.ro\/lexikon\/termek\/csiky-viktor-csiksomlyoi-csiki-viktor\/","title":{"rendered":"CS\u00cdKY Viktor, csiksomly\u00f3i, Cs\u00edki Viktor"},"content":{"rendered":"<p>Mv., 1839., \u2020\u00a0Bp., 1918 \/21.: dr., egyetemi tan\u00e1r, udvari tan\u00e1csos. &#8211; Apja orvosdoktor. K\u00f6z\u00e9piskol\u00e1it Mv.-en, a jogot B\u00e9csben v\u00e9gezte (1857\u2013). Aradon (1865), Kv.-on \u00fcgyv\u00e9d, a jogakad\u00e9mi\u00e1n majd az egyetemen tan\u00e1r (1867\u20131899), d\u00e9k\u00e1n (1874\u201375), prod\u00e9k\u00e1n (1875\u201376), rektor (1884\u201385), prorektor (1885\u201386), Nyugd\u00edjba vonult (1899), de tov\u00e1bbra is el\u0151adott (1910). A h\u0171b\u00e9r \u00e9s egyh\u00e1zjogot tan\u00edtotta. Tan\u00e1ri \u00e9rdemei elismer\u00e9sek\u00e9nt udvari tan\u00e1csosi c\u00edmet kapott (1900). Cikkei a Jogtudom\u00e1nyi K\u00f6zlem\u00e9nyek-ben jelentek meg. <br \/><strong>Irod.:<\/strong> Guly\u00e1s; P\u00e1lmay; RNL; Szab\u00f3\u2013Simon\u2013Sz\u00f6gi<\/br><\/p>\n","protected":false},"excerpt":{"rendered":"<p>Mv., 1839., \u2020\u00a0Bp., 1918 \/21.: dr., egyetemi tan\u00e1r, udvari tan\u00e1csos. &#8211; Apja orvosdoktor. K\u00f6z\u00e9piskol\u00e1it Mv.-en, a jogot B\u00e9csben v\u00e9gezte (1857\u2013). Aradon (1865), Kv.-on \u00fcgyv\u00e9d, a jogakad\u00e9mi\u00e1n majd az egyetemen tan\u00e1r (1867\u20131899), d\u00e9k\u00e1n (1874\u201375), prod\u00e9k\u00e1n (1875\u201376), rektor (1884\u201385), prorektor (1885\u201386), Nyugd\u00edjba vonult (1899), de tov\u00e1bbra is el\u0151adott (1910). A h\u0171b\u00e9r \u00e9s egyh\u00e1zjogot tan\u00edtotta. Tan\u00e1ri \u00e9rdemei elismer\u00e9sek\u00e9nt [&hellip;]<\/p>\n","protected":false},"featured_media":0,"comment_status":"open","ping_status":"closed","template":"","meta":[],"product_brand":[],"product_cat":[137],"product_tag":[],"class_list":{"0":"post-6262","1":"product","2":"type-product","3":"status-publish","5":"product_cat-maros-megyei-eletrajzi-lexikon","7":"first","8":"instock","9":"shipping-taxable","10":"product-type-simple"},"_links":{"self":[{"href":"https:\/\/uj.adatbank.ro\/lexikon\/wp-json\/wp\/v2\/product\/6262","targetHints":{"allow":["GET"]}}],"collection":[{"href":"https:\/\/uj.adatbank.ro\/lexikon\/wp-json\/wp\/v2\/product"}],"about":[{"href":"https:\/\/uj.adatbank.ro\/lexikon\/wp-json\/wp\/v2\/types\/product"}],"replies":[{"embeddable":true,"href":"https:\/\/uj.adatbank.ro\/lexikon\/wp-json\/wp\/v2\/comments?post=6262"}],"wp:attachment":[{"href":"https:\/\/uj.adatbank.ro\/lexikon\/wp-json\/wp\/v2\/media?parent=6262"}],"wp:term":[{"taxonomy":"product_brand","embeddable":true,"href":"https:\/\/uj.adatbank.ro\/lexikon\/wp-json\/wp\/v2\/product_brand?post=6262"},{"taxonomy":"product_cat","embeddable":true,"href":"https:\/\/uj.adatbank.ro\/lexikon\/wp-json\/wp\/v2\/product_cat?post=6262"},{"taxonomy":"product_tag","embeddable":true,"href":"https:\/\/uj.adatbank.ro\/lexikon\/wp-json\/wp\/v2\/product_tag?post=6262"}],"curies":[{"name":"wp","href":"https:\/\/api.w.org\/{rel}","templated":true}]}}