{"id":6267,"date":"2025-06-28T17:46:13","date_gmt":"2025-06-28T15:46:13","guid":{"rendered":"https:\/\/uj.adatbank.ro\/lexikon\/termek\/csinadi-istvan-3\/"},"modified":"2025-06-28T17:46:13","modified_gmt":"2025-06-28T15:46:13","slug":"csinadi-istvan-3","status":"publish","type":"product","link":"https:\/\/uj.adatbank.ro\/lexikon\/termek\/csinadi-istvan-3\/","title":{"rendered":"CSIN\u00c1DI Istv\u00e1n"},"content":{"rendered":"<p>? \u2020\u00a0? : tan\u00edt\u00f3. \u2013 D\u00e9sfalv\u00e1n tan\u00edt\u00f3. Megb\u00edzt\u00e1k a dics\u0151szentm\u00e1rtoni fels\u0151 n\u00e9pf\u0151iskola tan\u00edt\u00f3i \u00e1ll\u00e1s\u00e1nak bet\u00f6lt\u00e9s\u00e9re (1872). <br \/><strong>Irod.:<\/strong> \u00c9vfordul\u00f3nkra<\/br><\/p>\n","protected":false},"excerpt":{"rendered":"<p>? \u2020\u00a0? : tan\u00edt\u00f3. \u2013 D\u00e9sfalv\u00e1n tan\u00edt\u00f3. Megb\u00edzt\u00e1k a dics\u0151szentm\u00e1rtoni fels\u0151 n\u00e9pf\u0151iskola tan\u00edt\u00f3i \u00e1ll\u00e1s\u00e1nak bet\u00f6lt\u00e9s\u00e9re (1872). Irod.: \u00c9vfordul\u00f3nkra<\/p>\n","protected":false},"featured_media":0,"comment_status":"open","ping_status":"closed","template":"","meta":[],"product_brand":[],"product_cat":[137],"product_tag":[],"class_list":{"0":"post-6267","1":"product","2":"type-product","3":"status-publish","5":"product_cat-maros-megyei-eletrajzi-lexikon","7":"first","8":"instock","9":"shipping-taxable","10":"product-type-simple"},"_links":{"self":[{"href":"https:\/\/uj.adatbank.ro\/lexikon\/wp-json\/wp\/v2\/product\/6267","targetHints":{"allow":["GET"]}}],"collection":[{"href":"https:\/\/uj.adatbank.ro\/lexikon\/wp-json\/wp\/v2\/product"}],"about":[{"href":"https:\/\/uj.adatbank.ro\/lexikon\/wp-json\/wp\/v2\/types\/product"}],"replies":[{"embeddable":true,"href":"https:\/\/uj.adatbank.ro\/lexikon\/wp-json\/wp\/v2\/comments?post=6267"}],"wp:attachment":[{"href":"https:\/\/uj.adatbank.ro\/lexikon\/wp-json\/wp\/v2\/media?parent=6267"}],"wp:term":[{"taxonomy":"product_brand","embeddable":true,"href":"https:\/\/uj.adatbank.ro\/lexikon\/wp-json\/wp\/v2\/product_brand?post=6267"},{"taxonomy":"product_cat","embeddable":true,"href":"https:\/\/uj.adatbank.ro\/lexikon\/wp-json\/wp\/v2\/product_cat?post=6267"},{"taxonomy":"product_tag","embeddable":true,"href":"https:\/\/uj.adatbank.ro\/lexikon\/wp-json\/wp\/v2\/product_tag?post=6267"}],"curies":[{"name":"wp","href":"https:\/\/api.w.org\/{rel}","templated":true}]}}