{"id":6270,"date":"2025-06-28T17:46:18","date_gmt":"2025-06-28T15:46:18","guid":{"rendered":"https:\/\/uj.adatbank.ro\/lexikon\/termek\/csinady-gero\/"},"modified":"2025-06-28T17:46:18","modified_gmt":"2025-06-28T15:46:18","slug":"csinady-gero","status":"publish","type":"product","link":"https:\/\/uj.adatbank.ro\/lexikon\/termek\/csinady-gero\/","title":{"rendered":"CSIN\u00c1DY Ger\u0151"},"content":{"rendered":"<p>Ny\u00e1r\u00e1dszereda, 1902. m\u00e1rc. 6., \u2020\u00a0Debrecen, 1970. m\u00e1rc. 30.: geogr\u00e1fus, egy. docens. \u2013 A k\u00f6z\u00e9piskol\u00e1t a mv.-i Ref. Koll.-ban v\u00e9gezte, a kv.-i tan\u00e1rk\u00e9pz\u0151 f\u0151isk-\u00e1n polg\u00e1ri isk. tan\u00e1ri okl. -t szerzett (1922), Bp.-en f\u00f6ldrajz-term\u00e9szetrajz szakon v\u00e9gzett (1926), b\u00f6lcs\u00e9szdoktori oklevelt is ott szerzett (1928). Mez\u0151t\u00faron (1928\u201329), Karcagon tan\u00edtott (1930\u201342), a debreceni Tisza Istv\u00e1n TE, ill. a TE Gyakorl\u00f3 Gimn. -nak vezet\u0151 tan\u00e1ra (1942\u201349), a Debreceni K\u00f6zgazdas\u00e1gi Le\u00e1nygimn. (1949\u201350), a Csokonai Vit\u00e9z Mih\u00e1ly Gimn. tan\u00e1ra (1950\u201351), a KLTE F\u00f6ldrajzi Int. Egyetemi docense (1951\u20131963). A f\u00f6ldrajz \u00e9s a n\u00f6v\u00e9nytan hat\u00e1rter\u00fcleteivel foglalkozott, pollenanaliziseket v\u00e9gzett, sz\u00e1mos f\u00f6ldrajztank\u00f6nyvet, egyetemi jegyzetet \u00edrt. Jelent\u0151sek a m. geogr\u00e1fia t\u00f6rt\u00e9net\u00e9re vonatkoz\u00f3 kutat\u00e1sai \u00e9s a m. f\u00f6ldrajzoktat\u00e1s t\u00f6rt\u00e9net\u00e9vel foglalkoz\u00f3 \u00edr\u00e1sai. \u2013 <strong>F. m.:<\/strong> Adatok a Plumbaginecae csal\u00e1d rendszertani \u00e9rt\u00e9kel\u00e9s\u00e9hez (Szeged, 1927); A n\u00f6v\u00e9nytani kutat\u00e1sok egyik \u00faj ir\u00e1ny\u00e1r\u00f3l. (Karcag, 1932); Pedag\u00f3giai t\u00f6rekv\u00e9sek \u00e9s tanuls\u00e1gok (Debrecen, 1937); Fejezetek a biol\u00f3gia t\u00f6rt\u00e9net\u00e9b\u0151l (Karcag, 1938); \u00c1ltal\u00e1nos f\u00f6ldrajz (Bp., 1940); A csarodai l\u00e1posodott foly\u00f3meder pollenanalisztikai vizsg\u00e1lata (Debrecen, 1958); Orb\u00e1n Bal\u00e1zs f\u00f6ldrajzi munk\u00e1ss\u00e1ga \u00e9s \u00e9rdemei (Acta Geographica Debreciana, 1969\u20138). K\u00e9zirata: A m. geogr\u00e1fusok lexikona. <br \/><strong>Irod.:<\/strong> Guly\u00e1s; MUL; R\u00daL; Todea\u2013F\u00fcl\u00f6p\u2013Avram<\/br><\/p>\n","protected":false},"excerpt":{"rendered":"<p>Ny\u00e1r\u00e1dszereda, 1902. m\u00e1rc. 6., \u2020\u00a0Debrecen, 1970. m\u00e1rc. 30.: geogr\u00e1fus, egy. docens. \u2013 A k\u00f6z\u00e9piskol\u00e1t a mv.-i Ref. Koll.-ban v\u00e9gezte, a kv.-i tan\u00e1rk\u00e9pz\u0151 f\u0151isk-\u00e1n polg\u00e1ri isk. tan\u00e1ri okl. -t szerzett (1922), Bp.-en f\u00f6ldrajz-term\u00e9szetrajz szakon v\u00e9gzett (1926), b\u00f6lcs\u00e9szdoktori oklevelt is ott szerzett (1928). Mez\u0151t\u00faron (1928\u201329), Karcagon tan\u00edtott (1930\u201342), a debreceni Tisza Istv\u00e1n TE, ill. a TE Gyakorl\u00f3 [&hellip;]<\/p>\n","protected":false},"featured_media":0,"comment_status":"open","ping_status":"closed","template":"","meta":[],"product_brand":[],"product_cat":[137],"product_tag":[],"class_list":{"0":"post-6270","1":"product","2":"type-product","3":"status-publish","5":"product_cat-maros-megyei-eletrajzi-lexikon","7":"first","8":"instock","9":"shipping-taxable","10":"product-type-simple"},"_links":{"self":[{"href":"https:\/\/uj.adatbank.ro\/lexikon\/wp-json\/wp\/v2\/product\/6270","targetHints":{"allow":["GET"]}}],"collection":[{"href":"https:\/\/uj.adatbank.ro\/lexikon\/wp-json\/wp\/v2\/product"}],"about":[{"href":"https:\/\/uj.adatbank.ro\/lexikon\/wp-json\/wp\/v2\/types\/product"}],"replies":[{"embeddable":true,"href":"https:\/\/uj.adatbank.ro\/lexikon\/wp-json\/wp\/v2\/comments?post=6270"}],"wp:attachment":[{"href":"https:\/\/uj.adatbank.ro\/lexikon\/wp-json\/wp\/v2\/media?parent=6270"}],"wp:term":[{"taxonomy":"product_brand","embeddable":true,"href":"https:\/\/uj.adatbank.ro\/lexikon\/wp-json\/wp\/v2\/product_brand?post=6270"},{"taxonomy":"product_cat","embeddable":true,"href":"https:\/\/uj.adatbank.ro\/lexikon\/wp-json\/wp\/v2\/product_cat?post=6270"},{"taxonomy":"product_tag","embeddable":true,"href":"https:\/\/uj.adatbank.ro\/lexikon\/wp-json\/wp\/v2\/product_tag?post=6270"}],"curies":[{"name":"wp","href":"https:\/\/api.w.org\/{rel}","templated":true}]}}