{"id":6271,"date":"2025-06-28T17:46:19","date_gmt":"2025-06-28T15:46:19","guid":{"rendered":"https:\/\/uj.adatbank.ro\/lexikon\/termek\/csinady-istvan\/"},"modified":"2025-06-28T17:46:19","modified_gmt":"2025-06-28T15:46:19","slug":"csinady-istvan","status":"publish","type":"product","link":"https:\/\/uj.adatbank.ro\/lexikon\/termek\/csinady-istvan\/","title":{"rendered":"CSIN\u00c1DY Istv\u00e1n"},"content":{"rendered":"<p>Dics\u0151szentm\u00e1rton, 1886. m\u00e1rc. 12., \u2020\u00a0? : testnevel\u00e9si tan\u00e1r. \u2013 P\u00e1ly\u00e1j\u00e1t Szentgoth\u00e1rdon kezdte, k\u00e9s\u0151bb Bp-re ker\u00fclt a Verb\u0151czy, \u00e9s a M\u00e1ty\u00e1s kir\u00e1ly Gimn. tan\u00e1ra. Cikkeket \u00edrt a Kisk\u00fck\u00fcll\u0151m. Tan\u00fcgy, Torna\u00fcgy-ben. <br \/><strong>Irod.:<\/strong> Guly\u00e1s<\/br><\/p>\n","protected":false},"excerpt":{"rendered":"<p>Dics\u0151szentm\u00e1rton, 1886. m\u00e1rc. 12., \u2020\u00a0? : testnevel\u00e9si tan\u00e1r. \u2013 P\u00e1ly\u00e1j\u00e1t Szentgoth\u00e1rdon kezdte, k\u00e9s\u0151bb Bp-re ker\u00fclt a Verb\u0151czy, \u00e9s a M\u00e1ty\u00e1s kir\u00e1ly Gimn. tan\u00e1ra. Cikkeket \u00edrt a Kisk\u00fck\u00fcll\u0151m. Tan\u00fcgy, Torna\u00fcgy-ben. Irod.: Guly\u00e1s<\/p>\n","protected":false},"featured_media":0,"comment_status":"open","ping_status":"closed","template":"","meta":[],"product_brand":[],"product_cat":[137],"product_tag":[],"class_list":{"0":"post-6271","1":"product","2":"type-product","3":"status-publish","5":"product_cat-maros-megyei-eletrajzi-lexikon","7":"first","8":"instock","9":"shipping-taxable","10":"product-type-simple"},"_links":{"self":[{"href":"https:\/\/uj.adatbank.ro\/lexikon\/wp-json\/wp\/v2\/product\/6271","targetHints":{"allow":["GET"]}}],"collection":[{"href":"https:\/\/uj.adatbank.ro\/lexikon\/wp-json\/wp\/v2\/product"}],"about":[{"href":"https:\/\/uj.adatbank.ro\/lexikon\/wp-json\/wp\/v2\/types\/product"}],"replies":[{"embeddable":true,"href":"https:\/\/uj.adatbank.ro\/lexikon\/wp-json\/wp\/v2\/comments?post=6271"}],"wp:attachment":[{"href":"https:\/\/uj.adatbank.ro\/lexikon\/wp-json\/wp\/v2\/media?parent=6271"}],"wp:term":[{"taxonomy":"product_brand","embeddable":true,"href":"https:\/\/uj.adatbank.ro\/lexikon\/wp-json\/wp\/v2\/product_brand?post=6271"},{"taxonomy":"product_cat","embeddable":true,"href":"https:\/\/uj.adatbank.ro\/lexikon\/wp-json\/wp\/v2\/product_cat?post=6271"},{"taxonomy":"product_tag","embeddable":true,"href":"https:\/\/uj.adatbank.ro\/lexikon\/wp-json\/wp\/v2\/product_tag?post=6271"}],"curies":[{"name":"wp","href":"https:\/\/api.w.org\/{rel}","templated":true}]}}