{"id":6272,"date":"2025-06-28T17:46:21","date_gmt":"2025-06-28T15:46:21","guid":{"rendered":"https:\/\/uj.adatbank.ro\/lexikon\/termek\/csinady-jeno\/"},"modified":"2025-06-28T17:46:21","modified_gmt":"2025-06-28T15:46:21","slug":"csinady-jeno","status":"publish","type":"product","link":"https:\/\/uj.adatbank.ro\/lexikon\/termek\/csinady-jeno\/","title":{"rendered":"CSIN\u00c1DY Jen\u0151"},"content":{"rendered":"<p>Ny\u00e1r\u00e1dszereda, 1899. \u00e1pr. 17., \u2020 Bp., 1970. m\u00e1rc. 30.: sportorvos, fiziol\u00f3gus, szak\u00edr\u00f3. \u2013 \u00c9retts\u00e9gizett a mv.-i Ref. Koll.-ban, az egyetemet Kv.-on v\u00e9gezte, a szegedi egy.-en orvosi oklevelet szerzett, doktor\u00e1lt (1925). A szegedi egyetemen gyakornokn, tan\u00e1rseg\u00e9d, adjunktus, egyetemi tan\u00e1r Bp.-en. A bp.-i Orsz. Sportorvosi Int. sportorvosi-\u00e9lettani kutat\u00f3ja, majd az int. igazgat\u00f3ja (1942\u201344). Szegeden fogorvos \u00e9s k\u00f6rzeti orvos (1946\u201352), az Orsz. Testnevel\u00e9si \u00e9s Sport Int. tud. f\u0151munkat\u00e1rsa (1952\u201369). A sportfiziol\u00f3gia \u00e9s biomechanika tanulm\u00e1nyoz\u00e1s\u00e1nak \u00fatt\u00f6r\u0151je. Cikkei f\u0151leg az elektrokardiogr\u00e1fia k\u00f6r\u00e9b\u0151l m. \u00e9s n\u00e9met szaklapokban jelentek meg: Sportorvos, Testnevel\u00e9s, Iskola \u00e9s Eg\u00e9szs\u00e9g. \u2013 <strong>F. m.:<\/strong> Az emberi izom f\u00e1rads\u00e1g\u00e1nak elemz\u00e9se orgometogr\u00e1f seg\u00edts\u00e9g\u00e9vel (Bp., 1934), A M. K. Ferenc J\u00f3zsef Tudom\u00e1nyegyetem \u00c9lettani Int\u00e9zet\u00e9nek Sportorvosi Vizsg\u00e1lati \u00c1llom\u00e1s\u00e1n folytatott munk\u00e1r\u00f3l besz\u00e1mol\u00f3 (Szeged, 1936); Az iskolai testnevel\u00e9s orvosi vonatkoz\u00e1sai (Szeged, 1939); <strong>t\u00e1rssz.:<\/strong> Id\u0151szer\u0171 sportorvosi k\u00e9rd\u00e9sek (Bp., 1938). <br \/><strong>Irod.:<\/strong> Guly\u00e1s; M\u00c9L; R\u00daL; Todea\u2013F\u00fcl\u00f6p\u2013Avram; \u00daM\u00c9L<\/br><\/p>\n","protected":false},"excerpt":{"rendered":"<p>Ny\u00e1r\u00e1dszereda, 1899. \u00e1pr. 17., \u2020 Bp., 1970. m\u00e1rc. 30.: sportorvos, fiziol\u00f3gus, szak\u00edr\u00f3. \u2013 \u00c9retts\u00e9gizett a mv.-i Ref. Koll.-ban, az egyetemet Kv.-on v\u00e9gezte, a szegedi egy.-en orvosi oklevelet szerzett, doktor\u00e1lt (1925). A szegedi egyetemen gyakornokn, tan\u00e1rseg\u00e9d, adjunktus, egyetemi tan\u00e1r Bp.-en. A bp.-i Orsz. Sportorvosi Int. sportorvosi-\u00e9lettani kutat\u00f3ja, majd az int. igazgat\u00f3ja (1942\u201344). Szegeden fogorvos \u00e9s k\u00f6rzeti [&hellip;]<\/p>\n","protected":false},"featured_media":0,"comment_status":"open","ping_status":"closed","template":"","meta":[],"product_brand":[],"product_cat":[137],"product_tag":[],"class_list":{"0":"post-6272","1":"product","2":"type-product","3":"status-publish","5":"product_cat-maros-megyei-eletrajzi-lexikon","7":"first","8":"instock","9":"shipping-taxable","10":"product-type-simple"},"_links":{"self":[{"href":"https:\/\/uj.adatbank.ro\/lexikon\/wp-json\/wp\/v2\/product\/6272","targetHints":{"allow":["GET"]}}],"collection":[{"href":"https:\/\/uj.adatbank.ro\/lexikon\/wp-json\/wp\/v2\/product"}],"about":[{"href":"https:\/\/uj.adatbank.ro\/lexikon\/wp-json\/wp\/v2\/types\/product"}],"replies":[{"embeddable":true,"href":"https:\/\/uj.adatbank.ro\/lexikon\/wp-json\/wp\/v2\/comments?post=6272"}],"wp:attachment":[{"href":"https:\/\/uj.adatbank.ro\/lexikon\/wp-json\/wp\/v2\/media?parent=6272"}],"wp:term":[{"taxonomy":"product_brand","embeddable":true,"href":"https:\/\/uj.adatbank.ro\/lexikon\/wp-json\/wp\/v2\/product_brand?post=6272"},{"taxonomy":"product_cat","embeddable":true,"href":"https:\/\/uj.adatbank.ro\/lexikon\/wp-json\/wp\/v2\/product_cat?post=6272"},{"taxonomy":"product_tag","embeddable":true,"href":"https:\/\/uj.adatbank.ro\/lexikon\/wp-json\/wp\/v2\/product_tag?post=6272"}],"curies":[{"name":"wp","href":"https:\/\/api.w.org\/{rel}","templated":true}]}}