{"id":6274,"date":"2025-06-28T17:46:29","date_gmt":"2025-06-28T15:46:29","guid":{"rendered":"https:\/\/uj.adatbank.ro\/lexikon\/termek\/csinady-lajos-tecsoi\/"},"modified":"2025-06-28T17:46:29","modified_gmt":"2025-06-28T15:46:29","slug":"csinady-lajos-tecsoi","status":"publish","type":"product","link":"https:\/\/uj.adatbank.ro\/lexikon\/termek\/csinady-lajos-tecsoi\/","title":{"rendered":"CSIN\u00c1DY Lajos, t\u00e9cs\u0151i"},"content":{"rendered":"<p>Balav\u00e1s\u00e1r, 1855. szept. 9., \u2020 Bp., 1936. j\u00fal. 18.: isk. igazgat\u00f3. \u2013 Oklevel\u00e9t Sz\u00e9kelykereszt\u00faron szerezte. A sepsiszentgy\u00f6rgyi \u00e1ltal\u00e1nos iskol\u00e1ban tan\u00edtott (46 \u00e9vig), egy ideig tornatan\u00e1ra is volt a f\u0151gimn. -nak. Megszervezte a helyi n\u0151ipariskol\u00e1t, amely az els\u0151 volt az orsz\u00e1gban, h\u00e1ziipari tanfolyamokat ind\u00edtott; Bp. -re k\u00f6lt\u00f6z\u00f6tt (1919). \u2013 <strong>F. m.:<\/strong> A sepsiszentgy\u00f6rgyi \u00d6nk\u00e9ntes T\u0171zolt\u00f3-Egyl. 25 \u00e9ve, 1876\u20131901 (Sepsiszentgy\u00f6rgy, 1901). <br \/><strong>Irod.:<\/strong> Guly\u00e1s<\/br><\/p>\n","protected":false},"excerpt":{"rendered":"<p>Balav\u00e1s\u00e1r, 1855. szept. 9., \u2020 Bp., 1936. j\u00fal. 18.: isk. igazgat\u00f3. \u2013 Oklevel\u00e9t Sz\u00e9kelykereszt\u00faron szerezte. A sepsiszentgy\u00f6rgyi \u00e1ltal\u00e1nos iskol\u00e1ban tan\u00edtott (46 \u00e9vig), egy ideig tornatan\u00e1ra is volt a f\u0151gimn. -nak. Megszervezte a helyi n\u0151ipariskol\u00e1t, amely az els\u0151 volt az orsz\u00e1gban, h\u00e1ziipari tanfolyamokat ind\u00edtott; Bp. -re k\u00f6lt\u00f6z\u00f6tt (1919). \u2013 F. m.: A sepsiszentgy\u00f6rgyi \u00d6nk\u00e9ntes T\u0171zolt\u00f3-Egyl. 25 [&hellip;]<\/p>\n","protected":false},"featured_media":0,"comment_status":"open","ping_status":"closed","template":"","meta":[],"product_brand":[],"product_cat":[137],"product_tag":[],"class_list":{"0":"post-6274","1":"product","2":"type-product","3":"status-publish","5":"product_cat-maros-megyei-eletrajzi-lexikon","7":"first","8":"instock","9":"shipping-taxable","10":"product-type-simple"},"_links":{"self":[{"href":"https:\/\/uj.adatbank.ro\/lexikon\/wp-json\/wp\/v2\/product\/6274","targetHints":{"allow":["GET"]}}],"collection":[{"href":"https:\/\/uj.adatbank.ro\/lexikon\/wp-json\/wp\/v2\/product"}],"about":[{"href":"https:\/\/uj.adatbank.ro\/lexikon\/wp-json\/wp\/v2\/types\/product"}],"replies":[{"embeddable":true,"href":"https:\/\/uj.adatbank.ro\/lexikon\/wp-json\/wp\/v2\/comments?post=6274"}],"wp:attachment":[{"href":"https:\/\/uj.adatbank.ro\/lexikon\/wp-json\/wp\/v2\/media?parent=6274"}],"wp:term":[{"taxonomy":"product_brand","embeddable":true,"href":"https:\/\/uj.adatbank.ro\/lexikon\/wp-json\/wp\/v2\/product_brand?post=6274"},{"taxonomy":"product_cat","embeddable":true,"href":"https:\/\/uj.adatbank.ro\/lexikon\/wp-json\/wp\/v2\/product_cat?post=6274"},{"taxonomy":"product_tag","embeddable":true,"href":"https:\/\/uj.adatbank.ro\/lexikon\/wp-json\/wp\/v2\/product_tag?post=6274"}],"curies":[{"name":"wp","href":"https:\/\/api.w.org\/{rel}","templated":true}]}}