{"id":6276,"date":"2025-06-28T17:46:31","date_gmt":"2025-06-28T15:46:31","guid":{"rendered":"https:\/\/uj.adatbank.ro\/lexikon\/termek\/csipan-krizolog-andras\/"},"modified":"2025-06-28T17:46:31","modified_gmt":"2025-06-28T15:46:31","slug":"csipan-krizolog-andras","status":"publish","type":"product","link":"https:\/\/uj.adatbank.ro\/lexikon\/termek\/csipan-krizolog-andras\/","title":{"rendered":"CSIP\u00c1N Krizolog Andr\u00e1s"},"content":{"rendered":"<p>Mv., 1908. \u00e1pr. 28., \u2020 ? : ferences szerzetes. \u2013 Be\u00f6lt\u00f6z\u00f6tt (1924. szept. 12.), egyszer\u0171 fogadalmat (1925. okt. 13.), \u00fcnnep\u00e9lyes fogadalmat tett (1929. j\u00fan. 27.). A H\u00edrn\u00f6k (1921\u201344) c. lap munkat\u00e1rsa. <br \/><strong>Irod.:<\/strong> Gy\u00f6rgy: A ferencrendiek; Pap L.: ferences nyomd\u00e1k<\/br><\/p>\n","protected":false},"excerpt":{"rendered":"<p>Mv., 1908. \u00e1pr. 28., \u2020 ? : ferences szerzetes. \u2013 Be\u00f6lt\u00f6z\u00f6tt (1924. szept. 12.), egyszer\u0171 fogadalmat (1925. okt. 13.), \u00fcnnep\u00e9lyes fogadalmat tett (1929. j\u00fan. 27.). A H\u00edrn\u00f6k (1921\u201344) c. lap munkat\u00e1rsa. Irod.: Gy\u00f6rgy: A ferencrendiek; Pap L.: ferences nyomd\u00e1k<\/p>\n","protected":false},"featured_media":0,"comment_status":"open","ping_status":"closed","template":"","meta":[],"product_brand":[],"product_cat":[137],"product_tag":[],"class_list":{"0":"post-6276","1":"product","2":"type-product","3":"status-publish","5":"product_cat-maros-megyei-eletrajzi-lexikon","7":"first","8":"instock","9":"shipping-taxable","10":"product-type-simple"},"_links":{"self":[{"href":"https:\/\/uj.adatbank.ro\/lexikon\/wp-json\/wp\/v2\/product\/6276","targetHints":{"allow":["GET"]}}],"collection":[{"href":"https:\/\/uj.adatbank.ro\/lexikon\/wp-json\/wp\/v2\/product"}],"about":[{"href":"https:\/\/uj.adatbank.ro\/lexikon\/wp-json\/wp\/v2\/types\/product"}],"replies":[{"embeddable":true,"href":"https:\/\/uj.adatbank.ro\/lexikon\/wp-json\/wp\/v2\/comments?post=6276"}],"wp:attachment":[{"href":"https:\/\/uj.adatbank.ro\/lexikon\/wp-json\/wp\/v2\/media?parent=6276"}],"wp:term":[{"taxonomy":"product_brand","embeddable":true,"href":"https:\/\/uj.adatbank.ro\/lexikon\/wp-json\/wp\/v2\/product_brand?post=6276"},{"taxonomy":"product_cat","embeddable":true,"href":"https:\/\/uj.adatbank.ro\/lexikon\/wp-json\/wp\/v2\/product_cat?post=6276"},{"taxonomy":"product_tag","embeddable":true,"href":"https:\/\/uj.adatbank.ro\/lexikon\/wp-json\/wp\/v2\/product_tag?post=6276"}],"curies":[{"name":"wp","href":"https:\/\/api.w.org\/{rel}","templated":true}]}}